{"id":990,"date":"2018-07-18T22:44:37","date_gmt":"2018-07-18T20:44:37","guid":{"rendered":"https:\/\/dualtron-store.com\/?post_type=product&#038;p=990"},"modified":"2026-04-17T18:17:24","modified_gmt":"2026-04-17T16:17:24","slug":"frein-tambour-8-pouces-minimotors","status":"publish","type":"product","link":"https:\/\/dualtron-store.com\/index.php\/produit\/frein-tambour-8-pouces-minimotors\/","title":{"rendered":"frein arri\u00e8re tambour Dualtron Mini, Togo, POP"},"content":{"rendered":"","protected":false},"excerpt":{"rendered":"<p>Frein \u00e0 tambour arri\u00e8re MiniMotors pour Speedway mini 4\/super mini 4 ou DUALTRON Raptor et Dualtron mini<\/p>\n","protected":false},"featured_media":86683,"comment_status":"open","ping_status":"closed","template":"","meta":{"om_disable_all_campaigns":false,"_mi_skip_tracking":false,"_monsterinsights_sitenote_active":false,"_monsterinsights_sitenote_note":"","_monsterinsights_sitenote_category":0},"product_cat":[18,51,52],"product_tag":[],"aioseo_notices":[],"_links":{"self":[{"href":"https:\/\/dualtron-store.com\/index.php\/wp-json\/wp\/v2\/product\/990"}],"collection":[{"href":"https:\/\/dualtron-store.com\/index.php\/wp-json\/wp\/v2\/product"}],"about":[{"href":"https:\/\/dualtron-store.com\/index.php\/wp-json\/wp\/v2\/types\/product"}],"replies":[{"embeddable":true,"href":"https:\/\/dualtron-store.com\/index.php\/wp-json\/wp\/v2\/comments?post=990"}],"wp:featuredmedia":[{"embeddable":true,"href":"https:\/\/dualtron-store.com\/index.php\/wp-json\/wp\/v2\/media\/86683"}],"wp:attachment":[{"href":"https:\/\/dualtron-store.com\/index.php\/wp-json\/wp\/v2\/media?parent=990"}],"wp:term":[{"taxonomy":"product_cat","embeddable":true,"href":"https:\/\/dualtron-store.com\/index.php\/wp-json\/wp\/v2\/product_cat?post=990"},{"taxonomy":"product_tag","embeddable":true,"href":"https:\/\/dualtron-store.com\/index.php\/wp-json\/wp\/v2\/product_tag?post=990"}],"curies":[{"name":"wp","href":"https:\/\/api.w.org\/{rel}","templated":true}]}}