{"id":988,"date":"2018-07-18T22:25:35","date_gmt":"2018-07-18T20:25:35","guid":{"rendered":"https:\/\/dualtron-store.com\/?post_type=product&#038;p=988"},"modified":"2026-02-11T15:42:29","modified_gmt":"2026-02-11T14:42:29","slug":"pneu-plein-8-pouces-v2-pour-dualtron-raptor","status":"publish","type":"product","link":"https:\/\/dualtron-store.com\/index.php\/produit\/pneu-plein-8-pouces-v2-pour-dualtron-raptor\/","title":{"rendered":"Pneu plein V2 pour DUALTRON Raptor"},"content":{"rendered":"","protected":false},"excerpt":{"rendered":"<p>Pneu plein V2 de nouvelle g\u00e9n\u00e9ration pour DUATRON Raptor. Ce pneu est plus adh\u00e9rent, s&#8217;use moins vite et r\u00e9siste mieux \u00e0 la chaleur du moteur que la version pr\u00e9c\u00e9dente. marque YUANXING<\/p>\n","protected":false},"featured_media":83625,"comment_status":"open","ping_status":"closed","template":"","meta":{"om_disable_all_campaigns":false,"_mi_skip_tracking":false,"_monsterinsights_sitenote_active":false,"_monsterinsights_sitenote_note":"","_monsterinsights_sitenote_category":0},"product_cat":[528,18,51],"product_tag":[],"aioseo_notices":[],"_links":{"self":[{"href":"https:\/\/dualtron-store.com\/index.php\/wp-json\/wp\/v2\/product\/988"}],"collection":[{"href":"https:\/\/dualtron-store.com\/index.php\/wp-json\/wp\/v2\/product"}],"about":[{"href":"https:\/\/dualtron-store.com\/index.php\/wp-json\/wp\/v2\/types\/product"}],"replies":[{"embeddable":true,"href":"https:\/\/dualtron-store.com\/index.php\/wp-json\/wp\/v2\/comments?post=988"}],"wp:featuredmedia":[{"embeddable":true,"href":"https:\/\/dualtron-store.com\/index.php\/wp-json\/wp\/v2\/media\/83625"}],"wp:attachment":[{"href":"https:\/\/dualtron-store.com\/index.php\/wp-json\/wp\/v2\/media?parent=988"}],"wp:term":[{"taxonomy":"product_cat","embeddable":true,"href":"https:\/\/dualtron-store.com\/index.php\/wp-json\/wp\/v2\/product_cat?post=988"},{"taxonomy":"product_tag","embeddable":true,"href":"https:\/\/dualtron-store.com\/index.php\/wp-json\/wp\/v2\/product_tag?post=988"}],"curies":[{"name":"wp","href":"https:\/\/api.w.org\/{rel}","templated":true}]}}