{"id":9786,"date":"2020-01-13T11:15:34","date_gmt":"2020-01-13T10:15:34","guid":{"rendered":"https:\/\/dualtron-store.com\/?post_type=product&#038;p=9786"},"modified":"2025-10-28T21:07:09","modified_gmt":"2025-10-28T20:07:09","slug":"erexx-damper-dualtron","status":"publish","type":"product","link":"https:\/\/dualtron-store.com\/index.php\/produit\/erexx-damper-dualtron\/","title":{"rendered":"EREXX Damper pour Dualtron"},"content":{"rendered":"<p><iframe loading=\"lazy\" title=\"EREXX Damper - DUALTRON Thunder\" width=\"1140\" height=\"641\" src=\"https:\/\/www.youtube.com\/embed\/6t2JoVoQubI?feature=oembed\" frameborder=\"0\" allow=\"accelerometer; autoplay; clipboard-write; encrypted-media; gyroscope; picture-in-picture; web-share\" referrerpolicy=\"strict-origin-when-cross-origin\" allowfullscreen><\/iframe><\/p>\n","protected":false},"excerpt":{"rendered":"<p>Amortisseur de direction <strong>EREXX Damper<\/strong> pour Dualtron.<br \/>\nCet amortisseur de direction, fabriqu\u00e9 en Cor\u00e9e du sud en tr\u00e8s peu d&#8217;exemplaire, est d&#8217;une fabrication et efficacit\u00e9 exceptionnelle.<\/p>\n<p>Les avantages du produit:<br \/>\n&#8211; \u00e9limine le guidonnage et am\u00e9liore grandement la stabilit\u00e9 de votre Dualtron,<br \/>\n&#8211; 9 niveaux de r\u00e9glage de duret\u00e9, avec une simple molette,<br \/>\n&#8211; int\u00e9gration parfaite,<br \/>\n&#8211; montage tr\u00e8s simple en 5 minutes.<\/p>\n<p><strong>DUALTRON Store est le distributeur officiel des produits EREXX . N&#8217;h\u00e9sitez pas \u00e0 nous contacter pour toute question.<\/strong><\/p>\n","protected":false},"featured_media":86480,"comment_status":"open","ping_status":"closed","template":"","meta":{"om_disable_all_campaigns":false,"_mi_skip_tracking":false,"_monsterinsights_sitenote_active":false,"_monsterinsights_sitenote_note":"","_monsterinsights_sitenote_category":0},"product_cat":[348,346,275,288,277,276,278,272,274,279,280,325,281,273,18,51],"product_tag":[],"aioseo_notices":[],"_links":{"self":[{"href":"https:\/\/dualtron-store.com\/index.php\/wp-json\/wp\/v2\/product\/9786"}],"collection":[{"href":"https:\/\/dualtron-store.com\/index.php\/wp-json\/wp\/v2\/product"}],"about":[{"href":"https:\/\/dualtron-store.com\/index.php\/wp-json\/wp\/v2\/types\/product"}],"replies":[{"embeddable":true,"href":"https:\/\/dualtron-store.com\/index.php\/wp-json\/wp\/v2\/comments?post=9786"}],"wp:featuredmedia":[{"embeddable":true,"href":"https:\/\/dualtron-store.com\/index.php\/wp-json\/wp\/v2\/media\/86480"}],"wp:attachment":[{"href":"https:\/\/dualtron-store.com\/index.php\/wp-json\/wp\/v2\/media?parent=9786"}],"wp:term":[{"taxonomy":"product_cat","embeddable":true,"href":"https:\/\/dualtron-store.com\/index.php\/wp-json\/wp\/v2\/product_cat?post=9786"},{"taxonomy":"product_tag","embeddable":true,"href":"https:\/\/dualtron-store.com\/index.php\/wp-json\/wp\/v2\/product_tag?post=9786"}],"curies":[{"name":"wp","href":"https:\/\/api.w.org\/{rel}","templated":true}]}}