{"id":95900,"date":"2025-10-26T18:23:31","date_gmt":"2025-10-26T17:23:31","guid":{"rendered":"https:\/\/dualtron-store.com\/?post_type=product&#038;p=95900"},"modified":"2026-01-25T18:47:41","modified_gmt":"2026-01-25T17:47:41","slug":"casque-trial-adx-at700-modulable","status":"publish","type":"product","link":"https:\/\/dualtron-store.com\/index.php\/produit\/casque-trial-adx-at700-modulable\/","title":{"rendered":"Casque trial ADX AT700 modulable"},"content":{"rendered":"<p><iframe loading=\"lazy\" title=\"NOUVEAU CASQUE TRIAL ADX AT700 - trottinette \u00e9lectrique\" width=\"1140\" height=\"641\" src=\"https:\/\/www.youtube.com\/embed\/XHtjr-d2IDY?feature=oembed\" frameborder=\"0\" allow=\"accelerometer; autoplay; clipboard-write; encrypted-media; gyroscope; picture-in-picture; web-share\" referrerpolicy=\"strict-origin-when-cross-origin\" allowfullscreen><\/iframe><\/p>\n","protected":false},"excerpt":{"rendered":"<p>Casque trial ADX AT700<\/p>\n<p>Coloris noir Mat<\/p>\n<p>Poids 1K200<\/p>\n<p>Homologation: ECE 22.06<\/p>\n<p>Fourni avec 1 visi\u00e8re transparente et 1 visi\u00e8re fum\u00e9e<\/p>\n","protected":false},"featured_media":95913,"comment_status":"closed","ping_status":"closed","template":"","meta":{"om_disable_all_campaigns":false,"_mi_skip_tracking":false,"_monsterinsights_sitenote_active":false,"_monsterinsights_sitenote_note":"","_monsterinsights_sitenote_category":0},"product_cat":[17],"product_tag":[],"aioseo_notices":[],"_links":{"self":[{"href":"https:\/\/dualtron-store.com\/index.php\/wp-json\/wp\/v2\/product\/95900"}],"collection":[{"href":"https:\/\/dualtron-store.com\/index.php\/wp-json\/wp\/v2\/product"}],"about":[{"href":"https:\/\/dualtron-store.com\/index.php\/wp-json\/wp\/v2\/types\/product"}],"replies":[{"embeddable":true,"href":"https:\/\/dualtron-store.com\/index.php\/wp-json\/wp\/v2\/comments?post=95900"}],"wp:featuredmedia":[{"embeddable":true,"href":"https:\/\/dualtron-store.com\/index.php\/wp-json\/wp\/v2\/media\/95913"}],"wp:attachment":[{"href":"https:\/\/dualtron-store.com\/index.php\/wp-json\/wp\/v2\/media?parent=95900"}],"wp:term":[{"taxonomy":"product_cat","embeddable":true,"href":"https:\/\/dualtron-store.com\/index.php\/wp-json\/wp\/v2\/product_cat?post=95900"},{"taxonomy":"product_tag","embeddable":true,"href":"https:\/\/dualtron-store.com\/index.php\/wp-json\/wp\/v2\/product_tag?post=95900"}],"curies":[{"name":"wp","href":"https:\/\/api.w.org\/{rel}","templated":true}]}}