{"id":95734,"date":"2025-10-19T16:08:30","date_gmt":"2025-10-19T14:08:30","guid":{"rendered":"https:\/\/dualtron-store.com\/?post_type=product&#038;p=95734"},"modified":"2025-12-27T23:37:04","modified_gmt":"2025-12-27T22:37:04","slug":"teverun-fighter-mini-q-pro-plus","status":"publish","type":"product","link":"https:\/\/dualtron-store.com\/index.php\/produit\/teverun-fighter-mini-q-pro-plus\/","title":{"rendered":"Teverun Fighter mini Q pro plus"},"content":{"rendered":"<h2><strong>Pr\u00e9sentation de la Teverun Fighter mini Q pro plus en video<\/strong><\/h2>\n<p><iframe loading=\"lazy\" title=\"TEVERUN FIGHTER Q PRO + !\" width=\"1140\" height=\"641\" src=\"https:\/\/www.youtube.com\/embed\/DYvA62kXRn0?feature=oembed\" frameborder=\"0\" allow=\"accelerometer; autoplay; clipboard-write; encrypted-media; gyroscope; picture-in-picture; web-share\" referrerpolicy=\"strict-origin-when-cross-origin\" allowfullscreen><\/iframe><\/p>\n<p>&nbsp;<\/p>\n<p><iframe loading=\"lazy\" title=\"Teverun Fighter mini Q pro plus VS teverun Space !!!!! trottinettes \u00e9lectriques haut de gamme\" width=\"1140\" height=\"641\" src=\"https:\/\/www.youtube.com\/embed\/fPdyq0WRAyw?feature=oembed\" frameborder=\"0\" allow=\"accelerometer; autoplay; clipboard-write; encrypted-media; gyroscope; picture-in-picture; web-share\" referrerpolicy=\"strict-origin-when-cross-origin\" allowfullscreen><\/iframe><\/p>\n<p>&nbsp;<\/p>\n<h2><strong>La fiche technique de la Teverun Fighter mini Q pro plus<\/strong><\/h2>\n<p><strong>Batterie\u00a0:<\/strong> 52V 15 ah<\/p>\n<p><strong>Puissance de la trottinette :<\/strong> 3000 Watts ( 1500 par moteur)<\/p>\n<p><strong>Freinage\u00a0:<\/strong> \u00a0Frein disques hydrauliques<\/p>\n<p><strong>Vitesse max\u00a0:<\/strong> 25 km\/h ou 50 km\/h sur voie priv\u00e9e<\/p>\n<p><strong>Roues\u00a0:<\/strong> 8,5 pouces<\/p>\n<p><strong>Suspensions\u00a0:<\/strong> \u00e0 ressorts avant et arri\u00e8re<\/p>\n<p><strong>Poids\u00a0:<\/strong> 25 kg<\/p>\n<p>&nbsp;<\/p>\n<h2><strong>Pourquoi acheter la Teverun Fighter mini Q pro plus chez DUALTRON Store ?<\/strong><\/h2>\n<p><strong>DUALTRON Store, boutique\u00a0officielle de la marque,<\/strong>\u00a0vous propose l&#8217;ensemble des produits du fabricant Minimotors. De plus, nous vous offrons un service Premium.<\/p>\n<p>Avant exp\u00e9dition, la <strong>Teverun Fighter mini Q pro plus\u00a0<\/strong>sera v\u00e9rifi\u00e9e et r\u00e9gl\u00e9e.<\/p>\n<p>N\u2019h\u00e9sitez pas \u00e0 nous contacter par tel ou sms au 07 61 87 64 04 ou nous envoyer un mail : info@dualtron-store.com. \u00a0Vous pourrez vous faire votre propre avis sur l\u2019expertise et le service client de <strong>DUALTRON Store.<\/strong><\/p>\n<p><a href=\"https:\/\/dualtron-store.com\/wp-content\/uploads\/2024\/05\/bannierepourlesite.png\"><img loading=\"lazy\" class=\"alignnone wp-image-76959 size-full\" src=\"https:\/\/dualtron-store.com\/wp-content\/uploads\/2024\/05\/bannierepourlesite.png\" alt=\"\" width=\"880\" height=\"283\" srcset=\"https:\/\/dualtron-store.com\/wp-content\/uploads\/2024\/05\/bannierepourlesite.png 880w, https:\/\/dualtron-store.com\/wp-content\/uploads\/2024\/05\/bannierepourlesite-768x247.png 768w, https:\/\/dualtron-store.com\/wp-content\/uploads\/2024\/05\/bannierepourlesite-640x206.png 640w, https:\/\/dualtron-store.com\/wp-content\/uploads\/2024\/05\/bannierepourlesite-400x129.png 400w, https:\/\/dualtron-store.com\/wp-content\/uploads\/2024\/05\/bannierepourlesite-367x118.png 367w, https:\/\/dualtron-store.com\/wp-content\/uploads\/2024\/05\/bannierepourlesite-600x193.png 600w\" sizes=\"(max-width: 880px) 100vw, 880px\" \/><\/a><\/p>\n<p data-start=\"2463\" data-end=\"2691\">\n","protected":false},"excerpt":{"rendered":"<p data-start=\"181\" data-end=\"452\">La <strong data-start=\"184\" data-end=\"214\">Teverun Fighter mini Q pro plus <\/strong>est une trottinette \u00e9lectrique performante, confortable et disposant d&#8217;une bonne autonomie pour un tarif tr\u00e8s agressif.<\/p>\n<p><span style=\"color: #333399;\"><strong>Possibilit\u00e9 de paiement en plusieurs fois ( de 2 \u00e0 60 mensualit\u00e9s).<\/strong><\/span><\/p>\n<p>N\u2019h\u00e9sitez pas \u00e0 nous contactez au 07 61 87 64 04 pour tout compl\u00e9ment d\u2019information.<\/p>\n","protected":false},"featured_media":95736,"comment_status":"closed","ping_status":"closed","template":"","meta":{"om_disable_all_campaigns":false,"_mi_skip_tracking":false,"_monsterinsights_sitenote_active":false,"_monsterinsights_sitenote_note":"","_monsterinsights_sitenote_category":0},"product_cat":[446,20],"product_tag":[],"aioseo_notices":[],"_links":{"self":[{"href":"https:\/\/dualtron-store.com\/index.php\/wp-json\/wp\/v2\/product\/95734"}],"collection":[{"href":"https:\/\/dualtron-store.com\/index.php\/wp-json\/wp\/v2\/product"}],"about":[{"href":"https:\/\/dualtron-store.com\/index.php\/wp-json\/wp\/v2\/types\/product"}],"replies":[{"embeddable":true,"href":"https:\/\/dualtron-store.com\/index.php\/wp-json\/wp\/v2\/comments?post=95734"}],"wp:featuredmedia":[{"embeddable":true,"href":"https:\/\/dualtron-store.com\/index.php\/wp-json\/wp\/v2\/media\/95736"}],"wp:attachment":[{"href":"https:\/\/dualtron-store.com\/index.php\/wp-json\/wp\/v2\/media?parent=95734"}],"wp:term":[{"taxonomy":"product_cat","embeddable":true,"href":"https:\/\/dualtron-store.com\/index.php\/wp-json\/wp\/v2\/product_cat?post=95734"},{"taxonomy":"product_tag","embeddable":true,"href":"https:\/\/dualtron-store.com\/index.php\/wp-json\/wp\/v2\/product_tag?post=95734"}],"curies":[{"name":"wp","href":"https:\/\/api.w.org\/{rel}","templated":true}]}}