{"id":95017,"date":"2025-09-28T15:04:02","date_gmt":"2025-09-28T13:04:02","guid":{"rendered":"https:\/\/dualtron-store.com\/?post_type=product&#038;p=95017"},"modified":"2026-04-08T17:49:57","modified_gmt":"2026-04-08T15:49:57","slug":"chargeur-rapide-supplementaire-dualtron-alien","status":"publish","type":"product","link":"https:\/\/dualtron-store.com\/index.php\/produit\/chargeur-rapide-supplementaire-dualtron-alien\/","title":{"rendered":"Chargeur rapide suppl\u00e9mentaire pour Dualtron Alien ( vous aurez 2 chargeurs rapides que vous pourrez brancher en m\u00eame temps )"},"content":{"rendered":"","protected":false},"excerpt":{"rendered":"<p><strong>Gr\u00e2ce au code Kramtoo lors des pr\u00e9commandes, b\u00e9n\u00e9ficier de ce chargeur rapide suppl\u00e9mentaire pour votre Dualtron Alien.<\/strong><\/p>\n<p>Avec ce chargeur suppl\u00e9mentaire, la charge total de la Dualtron Alien passera \u00e0 10 amp\u00e8res. En effet, cette nouvelle Dualtron permet le branchement simultan\u00e9 de 2 chargeurs rapides ! Une charge compl\u00e8te s&#8217;effectuera en moins de 4 heures !<\/p>\n","protected":false},"featured_media":95020,"comment_status":"open","ping_status":"closed","template":"","meta":{"om_disable_all_campaigns":false,"_mi_skip_tracking":false,"_monsterinsights_sitenote_active":false,"_monsterinsights_sitenote_note":"","_monsterinsights_sitenote_category":0},"product_cat":[18,51,52],"product_tag":[],"aioseo_notices":[],"_links":{"self":[{"href":"https:\/\/dualtron-store.com\/index.php\/wp-json\/wp\/v2\/product\/95017"}],"collection":[{"href":"https:\/\/dualtron-store.com\/index.php\/wp-json\/wp\/v2\/product"}],"about":[{"href":"https:\/\/dualtron-store.com\/index.php\/wp-json\/wp\/v2\/types\/product"}],"replies":[{"embeddable":true,"href":"https:\/\/dualtron-store.com\/index.php\/wp-json\/wp\/v2\/comments?post=95017"}],"wp:featuredmedia":[{"embeddable":true,"href":"https:\/\/dualtron-store.com\/index.php\/wp-json\/wp\/v2\/media\/95020"}],"wp:attachment":[{"href":"https:\/\/dualtron-store.com\/index.php\/wp-json\/wp\/v2\/media?parent=95017"}],"wp:term":[{"taxonomy":"product_cat","embeddable":true,"href":"https:\/\/dualtron-store.com\/index.php\/wp-json\/wp\/v2\/product_cat?post=95017"},{"taxonomy":"product_tag","embeddable":true,"href":"https:\/\/dualtron-store.com\/index.php\/wp-json\/wp\/v2\/product_tag?post=95017"}],"curies":[{"name":"wp","href":"https:\/\/api.w.org\/{rel}","templated":true}]}}