{"id":94507,"date":"2025-09-12T13:29:06","date_gmt":"2025-09-12T11:29:06","guid":{"rendered":"https:\/\/dualtron-store.com\/?post_type=product&#038;p=94507"},"modified":"2026-04-23T13:54:19","modified_gmt":"2026-04-23T11:54:19","slug":"dualtron-alien-sonic-model-a","status":"publish","type":"product","link":"https:\/\/dualtron-store.com\/index.php\/produit\/dualtron-alien-sonic-model-a\/","title":{"rendered":"Dualtron Alien &#8211; Sonic model A"},"content":{"rendered":"<h2><strong>Dualtron Alien &#8211; Gamme Sonic &#8211; model A<\/strong><\/h2>\n<p>La <strong>Dualtron Alien<\/strong> est la derni\u00e8re nouveaut\u00e9 DUALTRON. Elle vient se positionner dans la continuit\u00e9 de la Dualtron Thunder. On retrouve bien l&#8217;ADN DUALTRON : ultra puissante, grosse batterie, tr\u00e8s rapide, design exceptionnel.<\/p>\n<p>Cette nouvelle <strong>Dualtron Alien va devenir, sans aucun doute, la r\u00e9f\u00e9rence des trottinettes \u00e9lectriques haut de gamme !\u00a0<\/strong><\/p>\n<p>&nbsp;<\/p>\n<h2><strong>2 versions : couleur full noir ou blanc et noir\u00a0<\/strong><\/h2>\n<p>2 variantes sont propos\u00e9es pour la <strong>dualtron Alien : <\/strong><\/p>\n<p>&#8211; couleur de base en noir avec des lignes rouges,<\/p>\n<p>&#8211; Couleur de base en noir, avec des pi\u00e8ces en blanc et des lignes en rouge.<\/p>\n<p>&nbsp;<\/p>\n<h2><strong>Pr\u00e9sentation de la Dualtron Alien<\/strong><\/h2>\n<p>Plut\u00f4t que de vous faire un grand discours , nous vous invitons \u00e0 regarder la <strong>video Video Youtube de KRAMTOO avec nicolas<\/strong> !<\/p>\n<p><iframe loading=\"lazy\" title=\"DUALTRON ALIEN UN MONSTRE \ud83d\udc7f DE PUISSANCE\" width=\"1140\" height=\"641\" src=\"https:\/\/www.youtube.com\/embed\/w5I_Gdm9_NU?feature=oembed\" frameborder=\"0\" allow=\"accelerometer; autoplay; clipboard-write; encrypted-media; gyroscope; picture-in-picture; web-share\" referrerpolicy=\"strict-origin-when-cross-origin\" allowfullscreen><\/iframe><\/p>\n<p>&nbsp;<\/p>\n<p>&nbsp;<\/p>\n<p><strong>La video de J\u00e9rome et Nicolas !\u00a0<\/strong><\/p>\n<p><iframe loading=\"lazy\" title=\"Dualtron ALIEN - Sonic A - La nouvelle Dualtron Thunder??!!\" width=\"1140\" height=\"641\" src=\"https:\/\/www.youtube.com\/embed\/GdBWC72iNHo?feature=oembed\" frameborder=\"0\" allow=\"accelerometer; autoplay; clipboard-write; encrypted-media; gyroscope; picture-in-picture; web-share\" referrerpolicy=\"strict-origin-when-cross-origin\" allowfullscreen><\/iframe><\/p>\n<p>&nbsp;<\/p>\n<h2><strong>Pourquoi acheter la Dualtron ALIEN chez DUALTRON Store ?<\/strong><\/h2>\n<p><strong>DUALTRON Store, boutique\u00a0officielle de la marque,<\/strong>\u00a0dispose \u00e0 son catalogue l&#8217;ensemble des trottinettes \u00e9lectriques du Fabricant Minimotors ( Dualtron, Futecher et Speedway) et\u00a0vous offre un service <strong>PREMIUM<\/strong> .<\/p>\n<p>Avant remise au client ou exp\u00e9dition, La <strong>Dualtron Alien<\/strong>\u00a0passera par l&#8217;atelier et\u00a0sera contr\u00f4l\u00e9e et r\u00e9gl\u00e9e suivant vos attentes (bridage ou pas, r\u00e9glage du niveau de puissance, montage d&#8217;accessoires, installation d&#8217;accessoires de customisation, &#8230;).<\/p>\n<p><strong>Ne vous tromper pas de boutique, commandez sur notre site WEB !<\/strong><\/p>\n<p>Vous pouvez nous joindre au 07 61 87 64 04 ou au 06 95 90 31 91 afin de vous apporter plus de renseignement sur cette <strong>Dualtron Forever. Etant tr\u00e8s sollicit\u00e9s, laissez nous un sms afin que nous puissions vous rappeler si nous ne sommes pas joignables.<\/strong><\/p>\n<p><a href=\"https:\/\/dualtron-store.com\/wp-content\/uploads\/2024\/05\/bannierepourlesite.png\"><img loading=\"lazy\" class=\"alignnone wp-image-76959 size-full\" src=\"https:\/\/dualtron-store.com\/wp-content\/uploads\/2024\/05\/bannierepourlesite.png\" alt=\"\" width=\"880\" height=\"283\" srcset=\"https:\/\/dualtron-store.com\/wp-content\/uploads\/2024\/05\/bannierepourlesite.png 880w, https:\/\/dualtron-store.com\/wp-content\/uploads\/2024\/05\/bannierepourlesite-768x247.png 768w, https:\/\/dualtron-store.com\/wp-content\/uploads\/2024\/05\/bannierepourlesite-640x206.png 640w, https:\/\/dualtron-store.com\/wp-content\/uploads\/2024\/05\/bannierepourlesite-400x129.png 400w, https:\/\/dualtron-store.com\/wp-content\/uploads\/2024\/05\/bannierepourlesite-367x118.png 367w, https:\/\/dualtron-store.com\/wp-content\/uploads\/2024\/05\/bannierepourlesite-600x193.png 600w\" sizes=\"(max-width: 880px) 100vw, 880px\" \/><\/a><\/p>\n","protected":false},"excerpt":{"rendered":"<p><img loading=\"lazy\" class=\"alignnone wp-image-614\" src=\"https:\/\/dualtron-store.com\/wp-content\/uploads\/2018\/06\/dulatron.png\" alt=\"\" width=\"246\" height=\"52\" \/><\/p>\n<p><strong>La dualtron Alien<\/strong> est la derni\u00e8re nouveaut\u00e9 DUALTRON. Son positionnement tr\u00e8s haut de gamme a pour ambition de remplacer la gamme des fameuses Dualtron Thunder !!<\/p>\n<p>Ultra puissante, autonome et disposant d&#8217;un design incroyable, cette <strong>Dualtron Alien\u00a0<\/strong>devient la nouvelle Star des trottinettes \u00e9lectriques haut de gamme.<\/p>\n<p><strong><span style=\"color: #800080;\">Possibilit\u00e9 de paiement en 3X ou 4X par Carte Bancaire sans frais ou en 10X \u00e0 60X.<\/span><\/strong><\/p>\n<p><strong><span style=\"color: #000000;\">N&#8217;h\u00e9sitez pas \u00e0 nous contactez au 07 61 87 64 04 ( Envoyer SVP un sms si non dispo pour vous rappeler).<\/span><\/strong><\/p>\n<p><span style=\"color: #ff0000;\"><strong>Tarif \u00e0 dur\u00e9e tr\u00e8s limit\u00e9e !!! Ne tardez pas !!<\/strong><\/span><\/p>\n","protected":false},"featured_media":94513,"comment_status":"open","ping_status":"closed","template":"","meta":{"om_disable_all_campaigns":false,"_mi_skip_tracking":false,"_monsterinsights_sitenote_active":false,"_monsterinsights_sitenote_note":"","_monsterinsights_sitenote_category":0},"product_cat":[20,38],"product_tag":[],"aioseo_notices":[],"_links":{"self":[{"href":"https:\/\/dualtron-store.com\/index.php\/wp-json\/wp\/v2\/product\/94507"}],"collection":[{"href":"https:\/\/dualtron-store.com\/index.php\/wp-json\/wp\/v2\/product"}],"about":[{"href":"https:\/\/dualtron-store.com\/index.php\/wp-json\/wp\/v2\/types\/product"}],"replies":[{"embeddable":true,"href":"https:\/\/dualtron-store.com\/index.php\/wp-json\/wp\/v2\/comments?post=94507"}],"wp:featuredmedia":[{"embeddable":true,"href":"https:\/\/dualtron-store.com\/index.php\/wp-json\/wp\/v2\/media\/94513"}],"wp:attachment":[{"href":"https:\/\/dualtron-store.com\/index.php\/wp-json\/wp\/v2\/media?parent=94507"}],"wp:term":[{"taxonomy":"product_cat","embeddable":true,"href":"https:\/\/dualtron-store.com\/index.php\/wp-json\/wp\/v2\/product_cat?post=94507"},{"taxonomy":"product_tag","embeddable":true,"href":"https:\/\/dualtron-store.com\/index.php\/wp-json\/wp\/v2\/product_tag?post=94507"}],"curies":[{"name":"wp","href":"https:\/\/api.w.org\/{rel}","templated":true}]}}