{"id":942,"date":"2018-07-16T23:19:46","date_gmt":"2018-07-16T21:19:46","guid":{"rendered":"https:\/\/dualtron-store.com\/?post_type=product&#038;p=942"},"modified":"2025-01-23T11:55:14","modified_gmt":"2025-01-23T10:55:14","slug":"dualtron-raptor","status":"publish","type":"product","link":"https:\/\/dualtron-store.com\/index.php\/produit\/dualtron-raptor\/","title":{"rendered":"Dualtron Raptor 2"},"content":{"rendered":"","protected":false},"excerpt":{"rendered":"<p>La Dualtron <strong>Raptor 2<\/strong> est la derni\u00e8re version de la c\u00e9l\u00e8bre Raptor.<\/p>\n<p>Cette Raptor propose des performances exceptionnelles au regard de son poids: Elle affiche une autonomie qui peut aller jusque 60 km (en mode 1) et une vitesse permettant d&#8217;atteindre les 60 km\/h (en mode 3) !<\/p>\n<p>Au niveau tenue de route vous serez \u00e9quip\u00e9 de pneus 8\u2033 sans chambre \u00e0 air , un frein \u00e9lectrique \u00e0 l&#8217;avant et un frein \u00e0 tambour \u00e0 l&#8217;arri\u00e8re.<\/p>\n<p>Pour la visibilit\u00e9, la <strong>Dualtron Raptor 2<\/strong> est dot\u00e9e de double feux avant et arri\u00e8re install\u00e9s au niveau du ch\u00e2ssis. Vous aurez le choix entre trois modes de vitesse avec un Mode 3 permettant d&#8217;atteindre les 60 km\/h. la Raptor 2 b\u00e9n\u00e9ficie des \u00e9volutions de la gamme &#8216;thunder \/ dt3&#8217; suivantes ( ce qui change par rapport \u00e0 la version 1): &#8211; Colonne lumineuse, &#8211; ABS, &#8211; syst\u00e8me d&#8217;accroche de la colonne lors du pliage,<\/p>\n<p>poids : 23 Kg uniquement.<\/p>\n<p><strong>Possibilit\u00e9 de paiement en 3X ,4X ou 10X avec notre partenaire Alma.<\/strong><\/p>\n<p><span style=\"color: #993366\"><strong>Offre exceptionnelle \u00e0 dur\u00e9e limit\u00e9e. N&#8217;h\u00e9sitez pas \u00e0 nous contacter si besoin au 07 61 87 64 04<\/strong><\/span><\/p>\n","protected":false},"featured_media":86374,"comment_status":"open","ping_status":"closed","template":"","meta":{"om_disable_all_campaigns":false,"_mi_skip_tracking":false,"_monsterinsights_sitenote_active":false,"_monsterinsights_sitenote_note":"","_monsterinsights_sitenote_category":0},"product_cat":[38],"product_tag":[],"aioseo_notices":[],"_links":{"self":[{"href":"https:\/\/dualtron-store.com\/index.php\/wp-json\/wp\/v2\/product\/942"}],"collection":[{"href":"https:\/\/dualtron-store.com\/index.php\/wp-json\/wp\/v2\/product"}],"about":[{"href":"https:\/\/dualtron-store.com\/index.php\/wp-json\/wp\/v2\/types\/product"}],"replies":[{"embeddable":true,"href":"https:\/\/dualtron-store.com\/index.php\/wp-json\/wp\/v2\/comments?post=942"}],"wp:featuredmedia":[{"embeddable":true,"href":"https:\/\/dualtron-store.com\/index.php\/wp-json\/wp\/v2\/media\/86374"}],"wp:attachment":[{"href":"https:\/\/dualtron-store.com\/index.php\/wp-json\/wp\/v2\/media?parent=942"}],"wp:term":[{"taxonomy":"product_cat","embeddable":true,"href":"https:\/\/dualtron-store.com\/index.php\/wp-json\/wp\/v2\/product_cat?post=942"},{"taxonomy":"product_tag","embeddable":true,"href":"https:\/\/dualtron-store.com\/index.php\/wp-json\/wp\/v2\/product_tag?post=942"}],"curies":[{"name":"wp","href":"https:\/\/api.w.org\/{rel}","templated":true}]}}