{"id":88821,"date":"2025-04-04T19:13:06","date_gmt":"2025-04-04T17:13:06","guid":{"rendered":"https:\/\/dualtron-store.com\/?post_type=product&#038;p=88821"},"modified":"2025-04-17T09:05:48","modified_gmt":"2025-04-17T07:05:48","slug":"solde-dualtron-achilleus-rouge-sacoche","status":"publish","type":"product","link":"https:\/\/dualtron-store.com\/index.php\/produit\/solde-dualtron-achilleus-rouge-sacoche\/","title":{"rendered":"Solde Dualtron Achilleus rouge + sacoche"},"content":{"rendered":"","protected":false},"excerpt":{"rendered":"<p>Dualtron Achilleus coloris rouge \u00e9quip\u00e9e garde boue arriere et caches \u00e9crous de thunder 3<\/p>\n<p>Acompte vers\u00e9 430\u20ac<\/p>\n<p>restant \u00e0 r\u00e9gler 2200\u20ac<\/p>\n<p>soit un total de 2630\u20ac<\/p>\n","protected":false},"featured_media":0,"comment_status":"closed","ping_status":"closed","template":"","meta":{"om_disable_all_campaigns":false,"_mi_skip_tracking":false,"_monsterinsights_sitenote_active":false,"_monsterinsights_sitenote_note":"","_monsterinsights_sitenote_category":0},"product_cat":[51],"product_tag":[],"aioseo_notices":[],"_links":{"self":[{"href":"https:\/\/dualtron-store.com\/index.php\/wp-json\/wp\/v2\/product\/88821"}],"collection":[{"href":"https:\/\/dualtron-store.com\/index.php\/wp-json\/wp\/v2\/product"}],"about":[{"href":"https:\/\/dualtron-store.com\/index.php\/wp-json\/wp\/v2\/types\/product"}],"replies":[{"embeddable":true,"href":"https:\/\/dualtron-store.com\/index.php\/wp-json\/wp\/v2\/comments?post=88821"}],"wp:attachment":[{"href":"https:\/\/dualtron-store.com\/index.php\/wp-json\/wp\/v2\/media?parent=88821"}],"wp:term":[{"taxonomy":"product_cat","embeddable":true,"href":"https:\/\/dualtron-store.com\/index.php\/wp-json\/wp\/v2\/product_cat?post=88821"},{"taxonomy":"product_tag","embeddable":true,"href":"https:\/\/dualtron-store.com\/index.php\/wp-json\/wp\/v2\/product_tag?post=88821"}],"curies":[{"name":"wp","href":"https:\/\/api.w.org\/{rel}","templated":true}]}}