{"id":88757,"date":"2025-04-03T20:37:48","date_gmt":"2025-04-03T18:37:48","guid":{"rendered":"https:\/\/dualtron-store.com\/?post_type=product&#038;p=88757"},"modified":"2026-04-21T19:36:24","modified_gmt":"2026-04-21T17:36:24","slug":"kit-banjo-zoom","status":"publish","type":"product","link":"https:\/\/dualtron-store.com\/index.php\/produit\/kit-banjo-zoom\/","title":{"rendered":"Kit banjo compatible Freins Zoom nutt"},"content":{"rendered":"","protected":false},"excerpt":{"rendered":"<p>Id\u00e9al pour r\u00e9parer votre fuite de banjo sans avoir \u00e0 remplacer votre \u00e9trier<\/p>\n","protected":false},"featured_media":88758,"comment_status":"closed","ping_status":"closed","template":"","meta":{"om_disable_all_campaigns":false,"_mi_skip_tracking":false,"_monsterinsights_sitenote_active":false,"_monsterinsights_sitenote_note":"","_monsterinsights_sitenote_category":0},"product_cat":[345,348,346,526,274,525,325,742,613,616,704,619,620,18,51,17],"product_tag":[],"aioseo_notices":[],"_links":{"self":[{"href":"https:\/\/dualtron-store.com\/index.php\/wp-json\/wp\/v2\/product\/88757"}],"collection":[{"href":"https:\/\/dualtron-store.com\/index.php\/wp-json\/wp\/v2\/product"}],"about":[{"href":"https:\/\/dualtron-store.com\/index.php\/wp-json\/wp\/v2\/types\/product"}],"replies":[{"embeddable":true,"href":"https:\/\/dualtron-store.com\/index.php\/wp-json\/wp\/v2\/comments?post=88757"}],"wp:featuredmedia":[{"embeddable":true,"href":"https:\/\/dualtron-store.com\/index.php\/wp-json\/wp\/v2\/media\/88758"}],"wp:attachment":[{"href":"https:\/\/dualtron-store.com\/index.php\/wp-json\/wp\/v2\/media?parent=88757"}],"wp:term":[{"taxonomy":"product_cat","embeddable":true,"href":"https:\/\/dualtron-store.com\/index.php\/wp-json\/wp\/v2\/product_cat?post=88757"},{"taxonomy":"product_tag","embeddable":true,"href":"https:\/\/dualtron-store.com\/index.php\/wp-json\/wp\/v2\/product_tag?post=88757"}],"curies":[{"name":"wp","href":"https:\/\/api.w.org\/{rel}","templated":true}]}}