{"id":88482,"date":"2025-03-27T14:46:08","date_gmt":"2025-03-27T13:46:08","guid":{"rendered":"https:\/\/dualtron-store.com\/?post_type=product&#038;p=88482"},"modified":"2025-09-18T23:55:32","modified_gmt":"2025-09-18T21:55:32","slug":"tournevis-6-pans-allen-4-tete-spherique","status":"publish","type":"product","link":"https:\/\/dualtron-store.com\/index.php\/produit\/tournevis-6-pans-allen-4-tete-spherique\/","title":{"rendered":"Tournevis 6 Pans allen 4 T\u00eate Sph\u00e9rique"},"content":{"rendered":"","protected":false},"excerpt":{"rendered":"<p>Tournevis id\u00e9al pour d\u00e9monter vos vis de garde boue situ\u00e9es \u00e0 l int\u00e9rieur des bras de votre trottinette Dualtron<\/p>\n","protected":false},"featured_media":88483,"comment_status":"closed","ping_status":"closed","template":"","meta":{"om_disable_all_campaigns":false,"_mi_skip_tracking":false,"_monsterinsights_sitenote_active":false,"_monsterinsights_sitenote_note":"","_monsterinsights_sitenote_category":0},"product_cat":[17],"product_tag":[],"aioseo_notices":[],"_links":{"self":[{"href":"https:\/\/dualtron-store.com\/index.php\/wp-json\/wp\/v2\/product\/88482"}],"collection":[{"href":"https:\/\/dualtron-store.com\/index.php\/wp-json\/wp\/v2\/product"}],"about":[{"href":"https:\/\/dualtron-store.com\/index.php\/wp-json\/wp\/v2\/types\/product"}],"replies":[{"embeddable":true,"href":"https:\/\/dualtron-store.com\/index.php\/wp-json\/wp\/v2\/comments?post=88482"}],"wp:featuredmedia":[{"embeddable":true,"href":"https:\/\/dualtron-store.com\/index.php\/wp-json\/wp\/v2\/media\/88483"}],"wp:attachment":[{"href":"https:\/\/dualtron-store.com\/index.php\/wp-json\/wp\/v2\/media?parent=88482"}],"wp:term":[{"taxonomy":"product_cat","embeddable":true,"href":"https:\/\/dualtron-store.com\/index.php\/wp-json\/wp\/v2\/product_cat?post=88482"},{"taxonomy":"product_tag","embeddable":true,"href":"https:\/\/dualtron-store.com\/index.php\/wp-json\/wp\/v2\/product_tag?post=88482"}],"curies":[{"name":"wp","href":"https:\/\/api.w.org\/{rel}","templated":true}]}}