{"id":8839,"date":"2019-12-29T15:25:29","date_gmt":"2019-12-29T14:25:29","guid":{"rendered":"https:\/\/dualtron-store.com\/?post_type=product&#038;p=8839"},"modified":"2026-03-10T11:44:48","modified_gmt":"2026-03-10T10:44:48","slug":"pneu-semi-off-road-avec-chambre-a-air","status":"publish","type":"product","link":"https:\/\/dualtron-store.com\/index.php\/produit\/pneu-semi-off-road-avec-chambre-a-air\/","title":{"rendered":"Pneu semi off-road avec chambre \u00e0 air"},"content":{"rendered":"","protected":false},"excerpt":{"rendered":"<p>Kit : Pneu semi off-road 10 x 3 pouces + chambre \u00e0 air adapt\u00e9e Id\u00e9al en remplacement des pneus d&#8217;origine de Dualtron Victor, KABOO Mantis et ZERO 10X. Ce pneu vous permet de sortir des routes goudronn\u00e9es et de r\u00e9duire le risque de crevaison. Ce pneu plus large offre \u00e9galement une meilleure stabilit\u00e9 et accroche. Ce pneu polyvalent est un excellent compromis entre les pneus routes d&#8217;origines et les pneus full off-road. Pour une dualtron New il faut imp\u00e9rativement un garde boue carbonrevo car le garde boue d&#8217;origine ne passe pas<\/p>\n","protected":false},"featured_media":86484,"comment_status":"open","ping_status":"closed","template":"","meta":{"om_disable_all_campaigns":false,"_mi_skip_tracking":false,"_monsterinsights_sitenote_active":false,"_monsterinsights_sitenote_note":"","_monsterinsights_sitenote_category":0},"product_cat":[276,18],"product_tag":[],"aioseo_notices":[],"_links":{"self":[{"href":"https:\/\/dualtron-store.com\/index.php\/wp-json\/wp\/v2\/product\/8839"}],"collection":[{"href":"https:\/\/dualtron-store.com\/index.php\/wp-json\/wp\/v2\/product"}],"about":[{"href":"https:\/\/dualtron-store.com\/index.php\/wp-json\/wp\/v2\/types\/product"}],"replies":[{"embeddable":true,"href":"https:\/\/dualtron-store.com\/index.php\/wp-json\/wp\/v2\/comments?post=8839"}],"wp:featuredmedia":[{"embeddable":true,"href":"https:\/\/dualtron-store.com\/index.php\/wp-json\/wp\/v2\/media\/86484"}],"wp:attachment":[{"href":"https:\/\/dualtron-store.com\/index.php\/wp-json\/wp\/v2\/media?parent=8839"}],"wp:term":[{"taxonomy":"product_cat","embeddable":true,"href":"https:\/\/dualtron-store.com\/index.php\/wp-json\/wp\/v2\/product_cat?post=8839"},{"taxonomy":"product_tag","embeddable":true,"href":"https:\/\/dualtron-store.com\/index.php\/wp-json\/wp\/v2\/product_tag?post=8839"}],"curies":[{"name":"wp","href":"https:\/\/api.w.org\/{rel}","templated":true}]}}