{"id":88004,"date":"2025-03-12T13:02:48","date_gmt":"2025-03-12T12:02:48","guid":{"rendered":"https:\/\/dualtron-store.com\/?post_type=product&#038;p=88004"},"modified":"2026-04-23T20:49:44","modified_gmt":"2026-04-23T18:49:44","slug":"controleur-dualtron-victor-2024-60v-30ah","status":"publish","type":"product","link":"https:\/\/dualtron-store.com\/index.php\/produit\/controleur-dualtron-victor-2024-60v-30ah\/","title":{"rendered":"Controleur Dualtron Victor 2025 60V 30AH"},"content":{"rendered":"","protected":false},"excerpt":{"rendered":"<p>Redonnez toute sa puissance \u00e0 votre<strong> Dualtron Victor 2025<\/strong>\u00a0avec ce contr\u00f4leur <strong>60V 30Ah<\/strong> d&#8217;origine. Con\u00e7u pour optimiser les performances de votre trottinette, il assure une gestion efficace de l\u2019\u00e9nergie, une acc\u00e9l\u00e9ration fluide et une meilleure r\u00e9activit\u00e9. Robuste et fiable, il garantit une parfaite compatibilit\u00e9 avec votre mod\u00e8le, prolongeant ainsi sa durabilit\u00e9 et son efficacit\u00e9.<\/p>\n<p>Version pour mod\u00e8le avec changement des led par l application.<\/p>\n","protected":false},"featured_media":88005,"comment_status":"closed","ping_status":"closed","template":"","meta":{"om_disable_all_campaigns":false,"_mi_skip_tracking":false,"_monsterinsights_sitenote_active":false,"_monsterinsights_sitenote_note":"","_monsterinsights_sitenote_category":0},"product_cat":[346,325,613,616,18,51],"product_tag":[],"aioseo_notices":[],"_links":{"self":[{"href":"https:\/\/dualtron-store.com\/index.php\/wp-json\/wp\/v2\/product\/88004"}],"collection":[{"href":"https:\/\/dualtron-store.com\/index.php\/wp-json\/wp\/v2\/product"}],"about":[{"href":"https:\/\/dualtron-store.com\/index.php\/wp-json\/wp\/v2\/types\/product"}],"replies":[{"embeddable":true,"href":"https:\/\/dualtron-store.com\/index.php\/wp-json\/wp\/v2\/comments?post=88004"}],"wp:featuredmedia":[{"embeddable":true,"href":"https:\/\/dualtron-store.com\/index.php\/wp-json\/wp\/v2\/media\/88005"}],"wp:attachment":[{"href":"https:\/\/dualtron-store.com\/index.php\/wp-json\/wp\/v2\/media?parent=88004"}],"wp:term":[{"taxonomy":"product_cat","embeddable":true,"href":"https:\/\/dualtron-store.com\/index.php\/wp-json\/wp\/v2\/product_cat?post=88004"},{"taxonomy":"product_tag","embeddable":true,"href":"https:\/\/dualtron-store.com\/index.php\/wp-json\/wp\/v2\/product_tag?post=88004"}],"curies":[{"name":"wp","href":"https:\/\/api.w.org\/{rel}","templated":true}]}}