{"id":87600,"date":"2025-03-01T20:31:33","date_gmt":"2025-03-01T19:31:33","guid":{"rendered":"https:\/\/dualtron-store.com\/?post_type=product&#038;p=87600"},"modified":"2026-04-01T23:43:18","modified_gmt":"2026-04-01T21:43:18","slug":"joint-detancheite-dualtron-forever","status":"publish","type":"product","link":"https:\/\/dualtron-store.com\/index.php\/produit\/joint-detancheite-dualtron-forever\/","title":{"rendered":"Joint d&#8217;\u00e9tanch\u00e9it\u00e9 de deck Dualtron Forever"},"content":{"rendered":"","protected":false},"excerpt":{"rendered":"<p data-start=\"0\" data-end=\"351\">Le <strong data-start=\"3\" data-end=\"50\">joint d&#8217;\u00e9tanch\u00e9it\u00e9 de deck Dualtron Forever<\/strong> est un \u00e9l\u00e9ment cl\u00e9 pour prot\u00e9ger votre trottinette des intemp\u00e9ries et de la poussi\u00e8re. Con\u00e7u pour \u00e9pouser parfaitement le deck de votre <strong data-start=\"187\" data-end=\"207\">Dualtron Forever<\/strong>, ce joint assure une <strong data-start=\"229\" data-end=\"249\">barri\u00e8re \u00e9tanche<\/strong>efficace, pr\u00e9servant les composants internes de votre trottinette tout en am\u00e9liorant sa durabilit\u00e9.<\/p>\n<p data-start=\"0\" data-end=\"351\"><span style=\"color: #333399;\"><strong>Disponible sur notre site internet ainsi qu&#8217;en boutique au 19 Avenue de la Grande Arm\u00e9e, Paris, ou au 54 Rue Gambetta, Le Mans<\/strong><\/span><\/p>\n","protected":false},"featured_media":87601,"comment_status":"closed","ping_status":"closed","template":"","meta":{"om_disable_all_campaigns":false,"_mi_skip_tracking":false,"_monsterinsights_sitenote_active":false,"_monsterinsights_sitenote_note":"","_monsterinsights_sitenote_category":0},"product_cat":[618,18,51],"product_tag":[],"aioseo_notices":[],"_links":{"self":[{"href":"https:\/\/dualtron-store.com\/index.php\/wp-json\/wp\/v2\/product\/87600"}],"collection":[{"href":"https:\/\/dualtron-store.com\/index.php\/wp-json\/wp\/v2\/product"}],"about":[{"href":"https:\/\/dualtron-store.com\/index.php\/wp-json\/wp\/v2\/types\/product"}],"replies":[{"embeddable":true,"href":"https:\/\/dualtron-store.com\/index.php\/wp-json\/wp\/v2\/comments?post=87600"}],"wp:featuredmedia":[{"embeddable":true,"href":"https:\/\/dualtron-store.com\/index.php\/wp-json\/wp\/v2\/media\/87601"}],"wp:attachment":[{"href":"https:\/\/dualtron-store.com\/index.php\/wp-json\/wp\/v2\/media?parent=87600"}],"wp:term":[{"taxonomy":"product_cat","embeddable":true,"href":"https:\/\/dualtron-store.com\/index.php\/wp-json\/wp\/v2\/product_cat?post=87600"},{"taxonomy":"product_tag","embeddable":true,"href":"https:\/\/dualtron-store.com\/index.php\/wp-json\/wp\/v2\/product_tag?post=87600"}],"curies":[{"name":"wp","href":"https:\/\/api.w.org\/{rel}","templated":true}]}}