{"id":87598,"date":"2025-03-01T20:29:02","date_gmt":"2025-03-01T19:29:02","guid":{"rendered":"https:\/\/dualtron-store.com\/?post_type=product&#038;p=87598"},"modified":"2025-12-21T03:22:04","modified_gmt":"2025-12-21T02:22:04","slug":"chassis-dualtron-forever","status":"publish","type":"product","link":"https:\/\/dualtron-store.com\/index.php\/produit\/chassis-dualtron-forever\/","title":{"rendered":"Chassis Dualtron Forever"},"content":{"rendered":"","protected":false},"excerpt":{"rendered":"<p>Le <strong data-start=\"60\" data-end=\"88\">ch\u00e2ssis Dualtron Forever<\/strong> est le c\u0153ur solide de votre trottinette, con\u00e7u pour r\u00e9sister aux conditions les plus exigeantes. Fabriqu\u00e9 avec des mat\u00e9riaux de qualit\u00e9, il garantit \u00e0 la fois <strong data-start=\"248\" data-end=\"262\">robustesse<\/strong> et <strong data-start=\"266\" data-end=\"279\">stabilit\u00e9<\/strong> pour une conduite agr\u00e9able et s\u00e9curis\u00e9e. Sp\u00e9cialement pens\u00e9 pour le mod\u00e8le <strong data-start=\"355\" data-end=\"375\">Dualtron Forever<\/strong>, ce ch\u00e2ssis assure une parfaite compatibilit\u00e9 et une performance sans compromis.<\/p>\n<p><strong><span style=\"color: #333399;\">Disponible sur notre site internet ainsi qu&#8217;en boutique au 19 Avenue de la Grande Arm\u00e9e, Paris, ou au 54 Rue Gambetta, Le Mans.<\/span><\/strong><\/p>\n","protected":false},"featured_media":87599,"comment_status":"closed","ping_status":"closed","template":"","meta":{"om_disable_all_campaigns":false,"_mi_skip_tracking":false,"_monsterinsights_sitenote_active":false,"_monsterinsights_sitenote_note":"","_monsterinsights_sitenote_category":0},"product_cat":[618,18,51],"product_tag":[],"aioseo_notices":[],"_links":{"self":[{"href":"https:\/\/dualtron-store.com\/index.php\/wp-json\/wp\/v2\/product\/87598"}],"collection":[{"href":"https:\/\/dualtron-store.com\/index.php\/wp-json\/wp\/v2\/product"}],"about":[{"href":"https:\/\/dualtron-store.com\/index.php\/wp-json\/wp\/v2\/types\/product"}],"replies":[{"embeddable":true,"href":"https:\/\/dualtron-store.com\/index.php\/wp-json\/wp\/v2\/comments?post=87598"}],"wp:featuredmedia":[{"embeddable":true,"href":"https:\/\/dualtron-store.com\/index.php\/wp-json\/wp\/v2\/media\/87599"}],"wp:attachment":[{"href":"https:\/\/dualtron-store.com\/index.php\/wp-json\/wp\/v2\/media?parent=87598"}],"wp:term":[{"taxonomy":"product_cat","embeddable":true,"href":"https:\/\/dualtron-store.com\/index.php\/wp-json\/wp\/v2\/product_cat?post=87598"},{"taxonomy":"product_tag","embeddable":true,"href":"https:\/\/dualtron-store.com\/index.php\/wp-json\/wp\/v2\/product_tag?post=87598"}],"curies":[{"name":"wp","href":"https:\/\/api.w.org\/{rel}","templated":true}]}}