{"id":87587,"date":"2025-03-01T16:00:57","date_gmt":"2025-03-01T15:00:57","guid":{"rendered":"https:\/\/dualtron-store.com\/?post_type=product&#038;p=87587"},"modified":"2025-03-26T18:48:10","modified_gmt":"2025-03-26T17:48:10","slug":"phare-led-avant-60v-dualtron-togo-ltd","status":"publish","type":"product","link":"https:\/\/dualtron-store.com\/index.php\/produit\/phare-led-avant-60v-dualtron-togo-ltd\/","title":{"rendered":"Phare led avant 60v Dualtron TOGO LTD"},"content":{"rendered":"","protected":false},"excerpt":{"rendered":"<p>Le <strong data-start=\"3\" data-end=\"44\">phare LED avant 60V Dualtron TOGO LTD<\/strong> est l&#8217;\u00e9clairage id\u00e9al pour vos trajets nocturnes ou par faible luminosit\u00e9. Con\u00e7u sp\u00e9cifiquement pour la <strong data-start=\"149\" data-end=\"170\">Dualtron TOGO LTD<\/strong>, il offre une visibilit\u00e9 exceptionnelle gr\u00e2ce \u00e0 sa puissante lumi\u00e8re LED, garantissant s\u00e9curit\u00e9 et confort. Ce phare robuste et efficace \u00e9claire largement votre chemin, vous permettant de rouler en toute s\u00e9r\u00e9nit\u00e9, m\u00eame dans l\u2019obscurit\u00e9 totale.<\/p>\n<p><span style=\"color: #333399;\"><strong>Disponible sur notre site internet ainsi qu&#8217;en boutique au 19 Avenue de la Grande Arm\u00e9e, Paris, ou au 54 Rue Gambetta, Le Mans.<\/strong><\/span><\/p>\n","protected":false},"featured_media":87588,"comment_status":"closed","ping_status":"closed","template":"","meta":{"om_disable_all_campaigns":false,"_mi_skip_tracking":false,"_monsterinsights_sitenote_active":false,"_monsterinsights_sitenote_note":"","_monsterinsights_sitenote_category":0},"product_cat":[615,18,51],"product_tag":[],"aioseo_notices":[],"_links":{"self":[{"href":"https:\/\/dualtron-store.com\/index.php\/wp-json\/wp\/v2\/product\/87587"}],"collection":[{"href":"https:\/\/dualtron-store.com\/index.php\/wp-json\/wp\/v2\/product"}],"about":[{"href":"https:\/\/dualtron-store.com\/index.php\/wp-json\/wp\/v2\/types\/product"}],"replies":[{"embeddable":true,"href":"https:\/\/dualtron-store.com\/index.php\/wp-json\/wp\/v2\/comments?post=87587"}],"wp:featuredmedia":[{"embeddable":true,"href":"https:\/\/dualtron-store.com\/index.php\/wp-json\/wp\/v2\/media\/87588"}],"wp:attachment":[{"href":"https:\/\/dualtron-store.com\/index.php\/wp-json\/wp\/v2\/media?parent=87587"}],"wp:term":[{"taxonomy":"product_cat","embeddable":true,"href":"https:\/\/dualtron-store.com\/index.php\/wp-json\/wp\/v2\/product_cat?post=87587"},{"taxonomy":"product_tag","embeddable":true,"href":"https:\/\/dualtron-store.com\/index.php\/wp-json\/wp\/v2\/product_tag?post=87587"}],"curies":[{"name":"wp","href":"https:\/\/api.w.org\/{rel}","templated":true}]}}