{"id":87513,"date":"2025-02-27T12:09:28","date_gmt":"2025-02-27T11:09:28","guid":{"rendered":"https:\/\/dualtron-store.com\/?post_type=product&#038;p=87513"},"modified":"2025-02-27T12:56:46","modified_gmt":"2025-02-27T11:56:46","slug":"led-lateral-rovoron-kullter","status":"publish","type":"product","link":"https:\/\/dualtron-store.com\/index.php\/produit\/led-lateral-rovoron-kullter\/","title":{"rendered":"Led lateral Rovoron Kullter"},"content":{"rendered":"","protected":false},"excerpt":{"rendered":"<p data-start=\"0\" data-end=\"53\"><strong data-start=\"0\" data-end=\"51\">LED lat\u00e9rale Rovoron Kullter \u2013 <span style=\"color: #ff0000;\">Vendue \u00e0 l\u2019unit\u00e9<\/span><\/strong><\/p>\n<p data-start=\"55\" data-end=\"416\" data-is-last-node=\"\" data-is-only-node=\"\">Am\u00e9liorez la visibilit\u00e9 et le style de votre trottinette \u00e9lectrique avec la LED lat\u00e9rale <strong>Rovoron Kullter<\/strong>. Con\u00e7ue pour offrir un \u00e9clairage optimal et une touche esth\u00e9tique moderne, elle assure une meilleure s\u00e9curit\u00e9 lors de vos d\u00e9placements. <strong data-start=\"296\" data-end=\"316\">Vendue \u00e0 l\u2019unit\u00e9.<\/strong><\/p>\n","protected":false},"featured_media":87514,"comment_status":"closed","ping_status":"closed","template":"","meta":{"om_disable_all_campaigns":false,"_mi_skip_tracking":false,"_monsterinsights_sitenote_active":false,"_monsterinsights_sitenote_note":"","_monsterinsights_sitenote_category":0},"product_cat":[619,620,18],"product_tag":[],"aioseo_notices":[],"_links":{"self":[{"href":"https:\/\/dualtron-store.com\/index.php\/wp-json\/wp\/v2\/product\/87513"}],"collection":[{"href":"https:\/\/dualtron-store.com\/index.php\/wp-json\/wp\/v2\/product"}],"about":[{"href":"https:\/\/dualtron-store.com\/index.php\/wp-json\/wp\/v2\/types\/product"}],"replies":[{"embeddable":true,"href":"https:\/\/dualtron-store.com\/index.php\/wp-json\/wp\/v2\/comments?post=87513"}],"wp:featuredmedia":[{"embeddable":true,"href":"https:\/\/dualtron-store.com\/index.php\/wp-json\/wp\/v2\/media\/87514"}],"wp:attachment":[{"href":"https:\/\/dualtron-store.com\/index.php\/wp-json\/wp\/v2\/media?parent=87513"}],"wp:term":[{"taxonomy":"product_cat","embeddable":true,"href":"https:\/\/dualtron-store.com\/index.php\/wp-json\/wp\/v2\/product_cat?post=87513"},{"taxonomy":"product_tag","embeddable":true,"href":"https:\/\/dualtron-store.com\/index.php\/wp-json\/wp\/v2\/product_tag?post=87513"}],"curies":[{"name":"wp","href":"https:\/\/api.w.org\/{rel}","templated":true}]}}