{"id":86903,"date":"2025-02-05T13:25:19","date_gmt":"2025-02-05T12:25:19","guid":{"rendered":"https:\/\/dualtron-store.com\/?post_type=product&#038;p=86903"},"modified":"2026-04-22T13:51:48","modified_gmt":"2026-04-22T11:51:48","slug":"led-clignotant-arriere-dualtron-aminia","status":"publish","type":"product","link":"https:\/\/dualtron-store.com\/index.php\/produit\/led-clignotant-arriere-dualtron-aminia\/","title":{"rendered":"Led clignotant arri\u00e8re Dualtron Aminia"},"content":{"rendered":"","protected":false},"excerpt":{"rendered":"<p>Vendue \u00e0 l&#8217;unit\u00e9<\/p>\n","protected":false},"featured_media":86904,"comment_status":"closed","ping_status":"closed","template":"","meta":{"om_disable_all_campaigns":false,"_mi_skip_tracking":false,"_monsterinsights_sitenote_active":false,"_monsterinsights_sitenote_note":"","_monsterinsights_sitenote_category":0},"product_cat":[641,18,51],"product_tag":[],"aioseo_notices":[],"_links":{"self":[{"href":"https:\/\/dualtron-store.com\/index.php\/wp-json\/wp\/v2\/product\/86903"}],"collection":[{"href":"https:\/\/dualtron-store.com\/index.php\/wp-json\/wp\/v2\/product"}],"about":[{"href":"https:\/\/dualtron-store.com\/index.php\/wp-json\/wp\/v2\/types\/product"}],"replies":[{"embeddable":true,"href":"https:\/\/dualtron-store.com\/index.php\/wp-json\/wp\/v2\/comments?post=86903"}],"wp:featuredmedia":[{"embeddable":true,"href":"https:\/\/dualtron-store.com\/index.php\/wp-json\/wp\/v2\/media\/86904"}],"wp:attachment":[{"href":"https:\/\/dualtron-store.com\/index.php\/wp-json\/wp\/v2\/media?parent=86903"}],"wp:term":[{"taxonomy":"product_cat","embeddable":true,"href":"https:\/\/dualtron-store.com\/index.php\/wp-json\/wp\/v2\/product_cat?post=86903"},{"taxonomy":"product_tag","embeddable":true,"href":"https:\/\/dualtron-store.com\/index.php\/wp-json\/wp\/v2\/product_tag?post=86903"}],"curies":[{"name":"wp","href":"https:\/\/api.w.org\/{rel}","templated":true}]}}