{"id":86749,"date":"2025-02-01T12:49:25","date_gmt":"2025-02-01T11:49:25","guid":{"rendered":"https:\/\/dualtron-store.com\/?post_type=product&#038;p=86749"},"modified":"2026-04-07T22:33:35","modified_gmt":"2026-04-07T20:33:35","slug":"dualtron-sonic-model-n","status":"publish","type":"product","link":"https:\/\/dualtron-store.com\/index.php\/produit\/dualtron-sonic-model-n\/","title":{"rendered":"Dualtron SONIC &#8211; Model N"},"content":{"rendered":"<h2><strong>Pr\u00e9sentation de la Dualtron SONIC &#8211; Model N &#8211; Une r\u00e9volution !<\/strong><\/h2>\n<p>Avec celle nouvelle <strong>Dualtron SONIC et son premier mod\u00e8le N, <\/strong>Nous rentrons dans une nouvelle \u00e8re de la trottinette Electrique.<\/p>\n<p>Cette nouvelle Trottinette 3.0 a \u00e9t\u00e9 cr\u00e9e en repartant d&#8217;une feuille blanche par notre nouvelle \u00e9quipe d&#8217;ing\u00e9nieurs MINIMOTORS.<\/p>\n<h2><\/h2>\n<h2><strong>Les versions du Model N &#8211; Dualtron SONIC<\/strong><\/h2>\n<p>Afin d&#8217;accompagner le design innovant de la <strong>Dualtron SONIC &#8211; Model N,<\/strong>\u00a0<strong>Dualtron Store<\/strong> vous propose 4 couleurs. Enti\u00e8rement noir, noir et jaune, noir et bleu &amp; noir et vert.<\/p>\n<p>Le premier arrivage et la premi\u00e8re version sera disponible enti\u00e8rement noire et disponible avec cette configuration de batteries :<br \/>\n&#8211; 1 seule batterie 4 ah pouvant voyager en avion !!! Oui Oui, vous lisez bien, La <strong>Dualtron SONIC<\/strong> peut \u00eatre transporter en soute et \/ ou cabine avec cette batterie 4 ah.<br \/>\n&#8211; 2 batteries , la 4ah et la 10 ah permettant d&#8217;obtenir une plus grande autonomie de 25 km.<\/p>\n<p>&nbsp;<\/p>\n<h2><strong>Une architecture\u00a0Modulaire &#8211; Dualtron SONIC<\/strong><\/h2>\n<p style=\"text-align: center\"><a href=\"https:\/\/dualtron-store.com\/wp-content\/uploads\/2025\/02\/Dualtron-SONIC-model-N-modulaire-1.jpg\"><img loading=\"lazy\" class=\"size-large wp-image-86763 aligncenter\" src=\"https:\/\/dualtron-store.com\/wp-content\/uploads\/2025\/02\/Dualtron-SONIC-model-N-modulaire-1-716x1024.jpg\" alt=\"\" width=\"716\" height=\"1024\" srcset=\"https:\/\/dualtron-store.com\/wp-content\/uploads\/2025\/02\/Dualtron-SONIC-model-N-modulaire-1-716x1024.jpg 716w, https:\/\/dualtron-store.com\/wp-content\/uploads\/2025\/02\/Dualtron-SONIC-model-N-modulaire-1-640x915.jpg 640w, https:\/\/dualtron-store.com\/wp-content\/uploads\/2025\/02\/Dualtron-SONIC-model-N-modulaire-1-400x572.jpg 400w, https:\/\/dualtron-store.com\/wp-content\/uploads\/2025\/02\/Dualtron-SONIC-model-N-modulaire-1-367x525.jpg 367w, https:\/\/dualtron-store.com\/wp-content\/uploads\/2025\/02\/Dualtron-SONIC-model-N-modulaire-1-600x858.jpg 600w\" sizes=\"(max-width: 716px) 100vw, 716px\" \/><\/a><\/p>\n<p style=\"text-align: center\">Le <strong>Model N de la Dualtron SONIC<\/strong> peut \u00eatre <strong>pli\u00e9 ou d\u00e9sassembl\u00e9<\/strong><\/p>\n<h2><strong>Les innovations spectaculaires de la Dualtron SONIC<\/strong><\/h2>\n<p>D\u00e9couvrez les en video avec Kramtoo et nicolas !<\/p>\n<p><iframe loading=\"lazy\" title=\"Test de la Dualtron Sonic - Une autonomie a couper le souffle dans cette cat\u00e9gorie !!!!\" width=\"1140\" height=\"641\" src=\"https:\/\/www.youtube.com\/embed\/Ag01ThTOxLc?feature=oembed\" frameborder=\"0\" allow=\"accelerometer; autoplay; clipboard-write; encrypted-media; gyroscope; picture-in-picture; web-share\" referrerpolicy=\"strict-origin-when-cross-origin\" allowfullscreen><\/iframe><\/p>\n<p><iframe loading=\"lazy\" title=\"DUALTRON SONIC ! ENFIN UNE VRAI NOUVEAUT\u00c9 DE LA PART DE MINIMOTORS !\" width=\"1140\" height=\"641\" src=\"https:\/\/www.youtube.com\/embed\/fNPpcjlt9-c?feature=oembed\" frameborder=\"0\" allow=\"accelerometer; autoplay; clipboard-write; encrypted-media; gyroscope; picture-in-picture; web-share\" referrerpolicy=\"strict-origin-when-cross-origin\" allowfullscreen><\/iframe><\/p>\n<h2><strong>Etanch\u00e9it\u00e9 IPX5 pour la Dualtron SONIC<\/strong><\/h2>\n<p>Cette nouvelle <strong>Dualtron SONIC<\/strong> est \u00e9tanche. Elle dispose de la certification <strong>IPX5<\/strong>. Cela vous permettra de rouler par tout temps.<\/p>\n<p>&nbsp;<\/p>\n<h2><strong>Temps de charge<\/strong><\/h2>\n<p>Concernant le temps de charge , la batterie 4 ah de la <strong>dualtron SONIC<\/strong> Model N mettra 2 heures seulement. La batterie de 10 ah mettra environ 4 heures pour une charge compl\u00e8te.<\/p>\n<p>&nbsp;<\/p>\n<h2><strong>Exploitez toutes les nouvelles mobilit\u00e9 en milieu Urbain &#8211; Multi modal<\/strong><\/h2>\n<p>Trottinette \u00e9lectrique l\u00e9g\u00e8re et modulaire , la <strong>dualtron SONIC<\/strong> est le v\u00e9hicule ultime pour se d\u00e9placer en ville.<\/p>\n<p>&nbsp;<\/p>\n<h2><strong>La fiche technique de la Dualtron SONIC &#8211; model N<\/strong><\/h2>\n<p><strong>Batteries :<\/strong> 4 ah <b>\/ <\/b>10 ah<\/p>\n<p><strong>Puissance de la trottinette :<\/strong> 700W ( 350 W x 2 )<\/p>\n<p><strong>Freinage\u00a0:<\/strong> \u00a0Frein \u00e0 pied arri\u00e8re + Frein moteur KERS<\/p>\n<p><strong>Vitesse max\u00a0:<\/strong> 25 km\/h ou 30 km\/h sur voie priv\u00e9e<\/p>\n<p><strong>Roues\u00a0:<\/strong> 8,5 pouces x 3 &#8211; pneus tubeless avant et arri\u00e8re avec gel anticrevaison<\/p>\n<p><strong>Dispositif d\u2019\u00e9clairage :<\/strong> Phares led avant et arri\u00e8re, clignotants \u00e0 d\u00e9clenchement automatique<\/p>\n<p><strong>Protection de plateau : <\/strong>Silicone sur le deck et le cale pied<\/p>\n<p><strong>Poids\u00a0:<\/strong> entre 10 et 15 kilos ( en fonction batterie et colonne )<\/p>\n<p>&nbsp;<\/p>\n<p>&nbsp;<\/p>\n<h2><strong>Pourquoi acheter la Dualtron SONIC chez DUALTRON Store ?<\/strong><\/h2>\n<p><strong>DUALTRON Store\u00a0\u00ae\u00a0, boutique\u00a0officielle de la marque,<\/strong>\u00a0dispose \u00e0 son catalogue de l\u2019ensemble des trottinettes \u00e9lectriques du Fabricant Minimotors ( Dualtron, Futecher, Speedway, Blade, Rovoron) et\u00a0vous offre un service PREMIUM .<\/p>\n<p>Nous nous attachons \u00e0 pr\u00e9parer chaque trottinette avant remise au client. Avant exp\u00e9dition, la <strong>Dualtron SONIC <\/strong>sera v\u00e9rifi\u00e9e. Elle sera r\u00e9gl\u00e9e en atelier suivant vos attentes. (bridage ou pas, montage d\u2019accessoires, mise en place de customisation, \u2026).<\/p>\n<p>Afin de facilit\u00e9 l\u2019achat de votre Trottinette, <strong>Dualtron Store\u00a0<\/strong>vous propose des solutions de financement. Nous travaillons avec les partenaires de confiance <a href=\"https:\/\/almapay.com\"><strong>ALMA <\/strong><\/a>et <a href=\"https:\/\/www.younited-credit.com\"><strong>Younited<\/strong><\/a>. Vous pourrez r\u00e9gler votre <strong>Dualtron SONIC<\/strong>\u00a0entre 2 et 60 mensualit\u00e9s. Vous pouvez \u00e9galement apporter un apport et financer uniquement une partie du montant. Pour cela, contacter nous directement par mail ou par t\u00e9l\u00e9phone. Bien \u00e9videmment, un cr\u00e9dit vous engage et doit \u00eatre rembours\u00e9. V\u00e9rifiez vos capacit\u00e9s de remboursement avant de vous engager.<\/p>\n<p><strong>Enfin, n\u2019h\u00e9sitez pas \u00e0 nous contacter par t\u00e9l\u00e9phone \/ sms . Sur les num\u00e9ros<\/strong><strong> 07 61 87 64 04 ou 06 95 90 31 91. Egalement par mail (<a href=\"mailto:info@dualtron-store.com\">info@dualtron-store.com<\/a>) . Nous vous aiderons dans votre choix et\/ou pour r\u00e9pondre \u00e0 vos questions.<\/strong><\/p>\n<p><a href=\"https:\/\/dualtron-store.com\/wp-content\/uploads\/2024\/05\/bannierepourlesite.png\"><img loading=\"lazy\" class=\"alignnone wp-image-76959 size-full\" src=\"https:\/\/dualtron-store.com\/wp-content\/uploads\/2024\/05\/bannierepourlesite.png\" alt=\"\" width=\"880\" height=\"283\" srcset=\"https:\/\/dualtron-store.com\/wp-content\/uploads\/2024\/05\/bannierepourlesite.png 880w, https:\/\/dualtron-store.com\/wp-content\/uploads\/2024\/05\/bannierepourlesite-768x247.png 768w, https:\/\/dualtron-store.com\/wp-content\/uploads\/2024\/05\/bannierepourlesite-640x206.png 640w, https:\/\/dualtron-store.com\/wp-content\/uploads\/2024\/05\/bannierepourlesite-400x129.png 400w, https:\/\/dualtron-store.com\/wp-content\/uploads\/2024\/05\/bannierepourlesite-367x118.png 367w, https:\/\/dualtron-store.com\/wp-content\/uploads\/2024\/05\/bannierepourlesite-600x193.png 600w\" sizes=\"(max-width: 880px) 100vw, 880px\" \/><\/a><\/p>\n","protected":false},"excerpt":{"rendered":"<p><img loading=\"lazy\" class=\"alignnone wp-image-614\" src=\"https:\/\/dualtron-store.com\/wp-content\/uploads\/2018\/06\/dulatron.png\" alt=\"\" width=\"246\" height=\"52\" \/><\/p>\n<p><strong>Cette Dualtron SONIC &#8211; Model N est une r\u00e9volution de la trottinette \u00e9lectrique au regard de ses multiples innovations. L\u00e9g\u00e8re, facilement transportable et remplie de technologie, cette Sonic- model N est exceptionnelle.<\/strong><\/p>\n<p><span style=\"color: #0000ff\"><strong>B\u00e9n\u00e9ficiez de ce prix incroyable et d&#8217;une remise suppl\u00e9mentaire avec le code : 2026<\/strong><\/span><\/p>\n<p><strong>Attention : Tarif tr\u00e8s bas \u00e0 dur\u00e9e limit\u00e9e.<\/strong><\/p>\n","protected":false},"featured_media":87134,"comment_status":"open","ping_status":"closed","template":"","meta":{"om_disable_all_campaigns":false,"_mi_skip_tracking":false,"_monsterinsights_sitenote_active":false,"_monsterinsights_sitenote_note":"","_monsterinsights_sitenote_category":0},"product_cat":[38],"product_tag":[],"aioseo_notices":[],"_links":{"self":[{"href":"https:\/\/dualtron-store.com\/index.php\/wp-json\/wp\/v2\/product\/86749"}],"collection":[{"href":"https:\/\/dualtron-store.com\/index.php\/wp-json\/wp\/v2\/product"}],"about":[{"href":"https:\/\/dualtron-store.com\/index.php\/wp-json\/wp\/v2\/types\/product"}],"replies":[{"embeddable":true,"href":"https:\/\/dualtron-store.com\/index.php\/wp-json\/wp\/v2\/comments?post=86749"}],"wp:featuredmedia":[{"embeddable":true,"href":"https:\/\/dualtron-store.com\/index.php\/wp-json\/wp\/v2\/media\/87134"}],"wp:attachment":[{"href":"https:\/\/dualtron-store.com\/index.php\/wp-json\/wp\/v2\/media?parent=86749"}],"wp:term":[{"taxonomy":"product_cat","embeddable":true,"href":"https:\/\/dualtron-store.com\/index.php\/wp-json\/wp\/v2\/product_cat?post=86749"},{"taxonomy":"product_tag","embeddable":true,"href":"https:\/\/dualtron-store.com\/index.php\/wp-json\/wp\/v2\/product_tag?post=86749"}],"curies":[{"name":"wp","href":"https:\/\/api.w.org\/{rel}","templated":true}]}}