{"id":86559,"date":"2025-01-27T13:20:15","date_gmt":"2025-01-27T12:20:15","guid":{"rendered":"https:\/\/dualtron-store.com\/?post_type=product&#038;p=86559"},"modified":"2026-04-24T01:02:24","modified_gmt":"2026-04-23T23:02:24","slug":"nettoyant-frein-aerosol-600-ml","status":"publish","type":"product","link":"https:\/\/dualtron-store.com\/index.php\/produit\/nettoyant-frein-aerosol-600-ml\/","title":{"rendered":"NETTOYANT FREIN (AEROSOL 600 ml)"},"content":{"rendered":"","protected":false},"excerpt":{"rendered":"<p>Sp\u00e9cialement con\u00e7u pour entretenir vos syst\u00e8mes de <strong>freinage<\/strong> de trottinette \u00e9lectrique, ce nettoyant puissant \u00e9limine efficacement la salet\u00e9, la <strong>graisse<\/strong> et les <strong>r\u00e9sidus<\/strong> de freinage. Gr\u00e2ce \u00e0 sa formule en a\u00e9rosol, il garantit une application facile et rapide, tout en prolongeant la dur\u00e9e de vie de vos plaquettes et disques de frein. Un indispensable pour des performances de freinage optimales et une conduite en toute s\u00e9curit\u00e9.<\/p>\n","protected":false},"featured_media":86560,"comment_status":"closed","ping_status":"closed","template":"","meta":{"om_disable_all_campaigns":false,"_mi_skip_tracking":false,"_monsterinsights_sitenote_active":false,"_monsterinsights_sitenote_note":"","_monsterinsights_sitenote_category":0},"product_cat":[17],"product_tag":[],"aioseo_notices":[],"_links":{"self":[{"href":"https:\/\/dualtron-store.com\/index.php\/wp-json\/wp\/v2\/product\/86559"}],"collection":[{"href":"https:\/\/dualtron-store.com\/index.php\/wp-json\/wp\/v2\/product"}],"about":[{"href":"https:\/\/dualtron-store.com\/index.php\/wp-json\/wp\/v2\/types\/product"}],"replies":[{"embeddable":true,"href":"https:\/\/dualtron-store.com\/index.php\/wp-json\/wp\/v2\/comments?post=86559"}],"wp:featuredmedia":[{"embeddable":true,"href":"https:\/\/dualtron-store.com\/index.php\/wp-json\/wp\/v2\/media\/86560"}],"wp:attachment":[{"href":"https:\/\/dualtron-store.com\/index.php\/wp-json\/wp\/v2\/media?parent=86559"}],"wp:term":[{"taxonomy":"product_cat","embeddable":true,"href":"https:\/\/dualtron-store.com\/index.php\/wp-json\/wp\/v2\/product_cat?post=86559"},{"taxonomy":"product_tag","embeddable":true,"href":"https:\/\/dualtron-store.com\/index.php\/wp-json\/wp\/v2\/product_tag?post=86559"}],"curies":[{"name":"wp","href":"https:\/\/api.w.org\/{rel}","templated":true}]}}