{"id":86230,"date":"2025-01-17T22:00:55","date_gmt":"2025-01-17T21:00:55","guid":{"rendered":"https:\/\/dualtron-store.com\/?post_type=product&#038;p=86230"},"modified":"2026-03-19T23:15:07","modified_gmt":"2026-03-19T22:15:07","slug":"dualtron-victor-limited","status":"publish","type":"product","link":"https:\/\/dualtron-store.com\/index.php\/produit\/dualtron-victor-limited\/","title":{"rendered":"Dualtron Victor Limited"},"content":{"rendered":"<h2 style=\"text-align: left;\"><strong>Dualtron Victor Limited \u00a0: La version la plus aboutie de la gamme Victor<\/strong><\/h2>\n<p><b>La\u00a0<\/b><strong>Dualtron Victor Limited <\/strong>vient compl\u00e9ter la gamme d\u00e9j\u00e0 compos\u00e9 des mod\u00e8les <a href=\"https:\/\/dualtron-store.com\/index.php\/produit\/dualtron-victor-21-ah-pro-30-ah\/\">Dualtron Victor<\/a> , <a href=\"https:\/\/dualtron-store.com\/index.php\/produit\/dualtron-victor-luxury-24-ah-et-30-ah\/\">Dualtron Victor Luxury<\/a> et <a href=\"https:\/\/dualtron-store.com\/index.php\/produit\/dualtron-victor-luxury-batterie-28-ah-et-35-ah\/\">Dualtron Victor Luxury +<\/a> . Cette nouvelle version arriv\u00e9e en <strong>2025<\/strong> est la version la plus haut de gamme. La principale nouveaut\u00e9 de cette <strong>Dualtron Victor Limited<\/strong> concerne sa colonne, elle reprend celle de la fameuse Dualtron Thunder 3. Elle est bien s\u00fbr \u00e9quip\u00e9e du dernier \u00e9cran couleur EY4 qui affiche toutes les informations n\u00e9cessaires \u00e0 la conduite avec une excellente visibilit\u00e9. Elle est chauss\u00e9e de nouveau pneu avec une structure plus large que les pneus habituels tubeless et avec des rainures plus marqu\u00e9es. Comme toute la gamme victor, nous avons une puissance d&#8217;environ 4000W et une vitesse de pointe d&#8217;environ 75 km\/h.<\/p>\n<p>&nbsp;<\/p>\n<h2><strong>D\u00e9couvrez la Dualtron Victor Limited en video sur notre cha\u00eene Youtube<\/strong><\/h2>\n<p><iframe loading=\"lazy\" title=\"Dualtron Victor Limited 2025 - une petite thunder 3 !!!!! trottinette \u00e9lectrique puissante\" width=\"1140\" height=\"641\" src=\"https:\/\/www.youtube.com\/embed\/mv8KaiWN4Uo?feature=oembed\" frameborder=\"0\" allow=\"accelerometer; autoplay; clipboard-write; encrypted-media; gyroscope; picture-in-picture; web-share\" referrerpolicy=\"strict-origin-when-cross-origin\" allowfullscreen><\/iframe><\/p>\n<h2><\/h2>\n<h2><strong>Les caract\u00e9ristiques techniques de la Dualtron Victor Limited 2025<\/strong><\/h2>\n<p>Cette toute nouvelle <strong>Dualtron Victor\u00a0<\/strong><b>limited<\/b> est aussi longue ( au niveau du plateau ) que la Dualtron Victor Luxury +. Cot\u00e9 hauteur, nous sommes entre une Dualtron Victor Luxury et la Dualtron Victor Luxury +. \u00a0Nous avons 101 cm entre le plateau ( deck) et le guidon au niveau des poign\u00e9es.<\/p>\n<p>Cot\u00e9 performance, elle dispose de 2 moteurs brushless tr\u00e8s puissants. coupl\u00e9e \u00e0 un controleur de 30 amp\u00e8res, elle d\u00e9veloppe 4000 Watts.<\/p>\n<p>Afin de pouvoir arr\u00eater cette machine tr\u00e8s puissante dans toutes les conditions, elles disposent de freins puissants. Ce sont des freins disques hydrauliques 2 pistons de marque NUTT.<\/p>\n<p>Cot\u00e9 suspensions , elle reprend les blocs brevet\u00e9s par MiniMotors que l&#8217;on retrouve sur la plupart des Dualtron haut de gamme.<\/p>\n<p>Equip\u00e9e d&#8217;une grosse batterie ( 31,5 ah ou 35 ah) , vous pourrez parcourir plus de 50 km r\u00e9el sans probl\u00e8me quelque soit votre gabarit.<\/p>\n<p>&nbsp;<\/p>\n<h2><strong>2 versions de batterie propos\u00e9es : \u00a031,5 ou 35 amp\u00e8res\/heure<\/strong><\/h2>\n<p>Vous pouvez choisir parmi les 3 batteries suivantes :<\/p>\n<ul>\n<li><strong>60V 31,5 ah<\/strong><\/li>\n<li><strong>60V 35 ah<\/strong><\/li>\n<\/ul>\n<h2><strong>Bouton Single moteur \/ bimoteurs<\/strong><\/h2>\n<p>D&#8217;origine, la <strong>Dualtron Victor Limited<\/strong> dispose d&#8217;un bouton single\/dual sur le cot\u00e9 droit du guidon. Celui ci est activable facilement avec le pouce. Il permet de passer de 1 moteur \u00e0 2 moteurs. Cette fonction est activable \u00e0 l&#8217;arr\u00eat mais \u00e9galement en roulant . Cela permet de pouvoir d\u00e9marrer &#8221; tranquillement &#8221; avec 1 moteur et ensuite de passer en Bimoteur.<\/p>\n<p>&nbsp;<\/p>\n<h2><strong>Nouveaux pneus 10 pouces tubeless<\/strong><\/h2>\n<p>Nouveaut\u00e9 : Elle dispose de nouveaux pneus tubeless encore jamais vu chez Dualtron. Ces pneus entre des pneus routes et des pneus semi-offroad. Il vous assurerons une excellente accroche quelque soit le terrain ! Ci-dessous des photos r\u00e9elles des pneus :<\/p>\n<h2 style=\"text-align: left;\"><a href=\"https:\/\/dualtron-store.com\/wp-content\/uploads\/2025\/01\/pneu-dualtron-victor-limited-2.jpg\"><img loading=\"lazy\" class=\"alignnone size-medium wp-image-86247\" src=\"https:\/\/dualtron-store.com\/wp-content\/uploads\/2025\/01\/pneu-dualtron-victor-limited-2-300x300.jpg\" alt=\"pneu-dualtron-victor-limited-1\" width=\"300\" height=\"300\" \/><\/a><\/h2>\n<h2 style=\"text-align: left;\"><a href=\"https:\/\/dualtron-store.com\/wp-content\/uploads\/2025\/01\/pneu-dualtron-victor-limited-1-1.jpg\"><img loading=\"lazy\" class=\"alignnone size-medium wp-image-86248\" src=\"https:\/\/dualtron-store.com\/wp-content\/uploads\/2025\/01\/pneu-dualtron-victor-limited-1-1-300x267.jpg\" alt=\"pneu-dualtron-victor-limited-2\" width=\"300\" height=\"267\" \/><\/a><\/h2>\n<p>&nbsp;<\/p>\n<h2><strong>La fiche technique de la Dualtron Victor Limited<\/strong><\/h2>\n<p><strong>Batterie\u00a0:<\/strong>\u00a0 \u00a031,5ah (environ 60 km r\u00e9el) ou 35 ah (environ 70 km r\u00e9el \u00a0)<\/p>\n<p><strong>Puissance \u00a0:<\/strong> 4000 W<\/p>\n<p><strong>Freinage\u00a0:<\/strong> \u00a0Freins disques NUTT 140mm \u00a0hydraulique avant et arri\u00e8re + freins \u00e9lectriques KERS<\/p>\n<p><strong>Vitesse max\u00a0:<\/strong> 25 km\/h sur voie publique ou 75 km\/ sur terrain priv\u00e9<\/p>\n<p><strong>Pneus :<\/strong> Roues en 10 pouces tubeless<\/p>\n<p><strong>Suspensions\u00a0:<\/strong>\u00a0amortisseurs \u00e0 cartouche de suspension avant et arri\u00e8re<\/p>\n<p><strong>Dispositif d\u2019\u00e9clairage :<\/strong> Feu led avant et arri\u00e8re, colonne lumineuse, bras lumineux, cot\u00e9s lat\u00e9raux du plateau lumineux, large feu arri\u00e8re au niveau du cale pied, clignotants , phare avant puissant.<\/p>\n<p>&nbsp;<\/p>\n<p>&nbsp;<\/p>\n<h2><strong>Pourquoi acheter la Dualtron Victor Limited chez DUALTRON Store ?<\/strong><\/h2>\n<p><strong>DUALTRON Store\u00a0\u00ae\u00a0, boutique\u00a0officielle de la marque,<\/strong>\u00a0dispose \u00e0 son catalogue de l&#8217;ensemble des trottinettes \u00e9lectriques du Fabricant Minimotors ( Dualtron, Futecher, Speedway, Blade, Rovoron) et\u00a0vous offre un service PREMIUM .<\/p>\n<p>Nous nous attachons \u00e0 pr\u00e9parer chaque trottinette avant remise au client. Avant exp\u00e9dition, la <strong>Dualtron Victor Limited <\/strong>sera v\u00e9rifi\u00e9e. Elle sera r\u00e9gl\u00e9e en atelier suivant vos attentes (bridage ou pas, r\u00e9glage du niveau de puissance, montage d&#8217;accessoires, mise en place de pi\u00e8ces de customisation, &#8230;).<\/p>\n<p>Afin de facilit\u00e9 l&#8217;achat de votre Trottinette, <strong>Dualtron Store\u00a0<\/strong>vous propose des solutions de financement. Avec les partenaires de confiance <a href=\"https:\/\/almapay.com\"><strong>ALMA <\/strong><\/a>et <a href=\"https:\/\/www.younited-credit.com\"><strong>Younited<\/strong><\/a>, vous pourrez r\u00e9gler votre <strong>Dualtron Victor Limited<\/strong> entre 2 et 60 mensualit\u00e9s. Vous pouvez \u00e9galement apporter un apport et financer uniquement une partie du montant. Pour cela, contacter nous directement par mail ou par t\u00e9l\u00e9phone. Bien \u00e9videmment, un cr\u00e9dit vous engage et doit \u00eatre rembours\u00e9. V\u00e9rifiez vos capacit\u00e9s de remboursement avant de vous engager.<img loading=\"lazy\" class=\"aligncenter wp-image-86287 size-full\" src=\"https:\/\/dualtron-store.com\/wp-content\/uploads\/2025\/01\/younited-alma.jpg\" alt=\"\" width=\"618\" height=\"110\" srcset=\"https:\/\/dualtron-store.com\/wp-content\/uploads\/2025\/01\/younited-alma.jpg 618w, https:\/\/dualtron-store.com\/wp-content\/uploads\/2025\/01\/younited-alma-400x71.jpg 400w, https:\/\/dualtron-store.com\/wp-content\/uploads\/2025\/01\/younited-alma-367x65.jpg 367w, https:\/\/dualtron-store.com\/wp-content\/uploads\/2025\/01\/younited-alma-600x107.jpg 600w\" sizes=\"(max-width: 618px) 100vw, 618px\" \/><\/p>\n<p><strong>Enfin, n&#8217;h\u00e9sitez pas \u00e0 nous contacter par t\u00e9l\u00e9phone \/ sms au 07 61 87 64 04 ou 06 95 90 31 91 ou par mail (<a href=\"mailto:info@dualtron-store.com\">info@dualtron-store.com<\/a>) pour vous aider dans votre choix et\/ou r\u00e9pondre \u00e0 vos questions.<\/strong><\/p>\n","protected":false},"excerpt":{"rendered":"<p><img loading=\"lazy\" class=\"alignnone wp-image-614\" src=\"https:\/\/dualtron-store.com\/wp-content\/uploads\/2018\/06\/dulatron.png\" alt=\"\" width=\"246\" height=\"52\" \/><\/p>\n<p><b>Cette nouveaut\u00e9 2025 est la version la plus aboutie de la gamme Victor . Elle reprend la colonne de la fameuse Dualtron Thunder 3 afin d&#8217;obtenir une meilleur rigidit\u00e9 et d&#8217;\u00e9liminer tout guidonnage.<\/b><\/p>\n<p><b>La Dualtron Victor Limited est livr\u00e9e avec 2 chargeurs : un standard de 1,75 amp\u00e8res et 1 rapide de 6,5 amp\u00e8res.<\/b><\/p>\n<p><strong><span style=\"color: #333399;\">Possibilit\u00e9 de paiement en plusieurs fois ( 2 \u00e0 60 X) .\u00a0<\/span><\/strong><\/p>\n<p><span style=\"color: #0000ff;\"><strong>En stock . B\u00e9n\u00e9ficiez d&#8217;une remise avec le code : 2026<\/strong><\/span><\/p>\n","protected":false},"featured_media":86261,"comment_status":"closed","ping_status":"closed","template":"","meta":{"om_disable_all_campaigns":false,"_mi_skip_tracking":false,"_monsterinsights_sitenote_active":false,"_monsterinsights_sitenote_note":"","_monsterinsights_sitenote_category":0},"product_cat":[20,38],"product_tag":[],"aioseo_notices":[],"_links":{"self":[{"href":"https:\/\/dualtron-store.com\/index.php\/wp-json\/wp\/v2\/product\/86230"}],"collection":[{"href":"https:\/\/dualtron-store.com\/index.php\/wp-json\/wp\/v2\/product"}],"about":[{"href":"https:\/\/dualtron-store.com\/index.php\/wp-json\/wp\/v2\/types\/product"}],"replies":[{"embeddable":true,"href":"https:\/\/dualtron-store.com\/index.php\/wp-json\/wp\/v2\/comments?post=86230"}],"wp:featuredmedia":[{"embeddable":true,"href":"https:\/\/dualtron-store.com\/index.php\/wp-json\/wp\/v2\/media\/86261"}],"wp:attachment":[{"href":"https:\/\/dualtron-store.com\/index.php\/wp-json\/wp\/v2\/media?parent=86230"}],"wp:term":[{"taxonomy":"product_cat","embeddable":true,"href":"https:\/\/dualtron-store.com\/index.php\/wp-json\/wp\/v2\/product_cat?post=86230"},{"taxonomy":"product_tag","embeddable":true,"href":"https:\/\/dualtron-store.com\/index.php\/wp-json\/wp\/v2\/product_tag?post=86230"}],"curies":[{"name":"wp","href":"https:\/\/api.w.org\/{rel}","templated":true}]}}