{"id":85861,"date":"2025-01-03T13:56:52","date_gmt":"2025-01-03T12:56:52","guid":{"rendered":"https:\/\/dualtron-store.com\/?post_type=product&#038;p=85861"},"modified":"2025-01-03T14:26:06","modified_gmt":"2025-01-03T13:26:06","slug":"solde-dualtron-togo-36v-12ah","status":"publish","type":"product","link":"https:\/\/dualtron-store.com\/index.php\/produit\/solde-dualtron-togo-36v-12ah\/","title":{"rendered":"Solde Dualtron Togo 36V 12ah"},"content":{"rendered":"","protected":false},"excerpt":{"rendered":"<p>Solde dualtron Togo 36v 12ah. \u00a0 69,05\u20ac<\/p>\n<p>acompte d\u00e9ja r\u00e9gl\u00e9 500\u20ac<\/p>\n<p>soit un total de 569,05\u20ac<\/p>\n","protected":false},"featured_media":0,"comment_status":"closed","ping_status":"closed","template":"","meta":{"om_disable_all_campaigns":false,"_mi_skip_tracking":false,"_monsterinsights_sitenote_active":false,"_monsterinsights_sitenote_note":"","_monsterinsights_sitenote_category":0},"product_cat":[580],"product_tag":[],"aioseo_notices":[],"_links":{"self":[{"href":"https:\/\/dualtron-store.com\/index.php\/wp-json\/wp\/v2\/product\/85861"}],"collection":[{"href":"https:\/\/dualtron-store.com\/index.php\/wp-json\/wp\/v2\/product"}],"about":[{"href":"https:\/\/dualtron-store.com\/index.php\/wp-json\/wp\/v2\/types\/product"}],"replies":[{"embeddable":true,"href":"https:\/\/dualtron-store.com\/index.php\/wp-json\/wp\/v2\/comments?post=85861"}],"wp:attachment":[{"href":"https:\/\/dualtron-store.com\/index.php\/wp-json\/wp\/v2\/media?parent=85861"}],"wp:term":[{"taxonomy":"product_cat","embeddable":true,"href":"https:\/\/dualtron-store.com\/index.php\/wp-json\/wp\/v2\/product_cat?post=85861"},{"taxonomy":"product_tag","embeddable":true,"href":"https:\/\/dualtron-store.com\/index.php\/wp-json\/wp\/v2\/product_tag?post=85861"}],"curies":[{"name":"wp","href":"https:\/\/api.w.org\/{rel}","templated":true}]}}