{"id":84651,"date":"2024-11-22T18:21:56","date_gmt":"2024-11-22T17:21:56","guid":{"rendered":"https:\/\/dualtron-store.com\/?post_type=product&#038;p=84651"},"modified":"2026-03-22T13:29:41","modified_gmt":"2026-03-22T12:29:41","slug":"moteur-dualtron-aminia","status":"publish","type":"product","link":"https:\/\/dualtron-store.com\/index.php\/produit\/moteur-dualtron-aminia\/","title":{"rendered":"Moteur Dualtron Aminia compatible Dualtron Mini"},"content":{"rendered":"<p><iframe loading=\"lazy\" title=\"TUTO MONTAGE MOTEUR ETANCHE AVEC PNEU TUBELESS DUALTRON MINI\" width=\"1140\" height=\"641\" src=\"https:\/\/www.youtube.com\/embed\/4azDk0KcAQw?feature=oembed\" frameborder=\"0\" allow=\"accelerometer; autoplay; clipboard-write; encrypted-media; gyroscope; picture-in-picture; web-share\" referrerpolicy=\"strict-origin-when-cross-origin\" allowfullscreen><\/iframe><\/p>\n","protected":false},"excerpt":{"rendered":"<p>Vendu \u00e0 l&#8217;unit\u00e9.<\/p>\n<p>Nous vous proposons le moteur seul sans le pneu.<\/p>\n<p>Ou le moteur d\u00e9ja \u00e9quip\u00e9e du pneu tubeless.<\/p>\n","protected":false},"featured_media":84656,"comment_status":"closed","ping_status":"closed","template":"","meta":{"om_disable_all_campaigns":false,"_mi_skip_tracking":false,"_monsterinsights_sitenote_active":false,"_monsterinsights_sitenote_note":"","_monsterinsights_sitenote_category":0},"product_cat":[641,287,18,51],"product_tag":[],"aioseo_notices":[],"_links":{"self":[{"href":"https:\/\/dualtron-store.com\/index.php\/wp-json\/wp\/v2\/product\/84651"}],"collection":[{"href":"https:\/\/dualtron-store.com\/index.php\/wp-json\/wp\/v2\/product"}],"about":[{"href":"https:\/\/dualtron-store.com\/index.php\/wp-json\/wp\/v2\/types\/product"}],"replies":[{"embeddable":true,"href":"https:\/\/dualtron-store.com\/index.php\/wp-json\/wp\/v2\/comments?post=84651"}],"wp:featuredmedia":[{"embeddable":true,"href":"https:\/\/dualtron-store.com\/index.php\/wp-json\/wp\/v2\/media\/84656"}],"wp:attachment":[{"href":"https:\/\/dualtron-store.com\/index.php\/wp-json\/wp\/v2\/media?parent=84651"}],"wp:term":[{"taxonomy":"product_cat","embeddable":true,"href":"https:\/\/dualtron-store.com\/index.php\/wp-json\/wp\/v2\/product_cat?post=84651"},{"taxonomy":"product_tag","embeddable":true,"href":"https:\/\/dualtron-store.com\/index.php\/wp-json\/wp\/v2\/product_tag?post=84651"}],"curies":[{"name":"wp","href":"https:\/\/api.w.org\/{rel}","templated":true}]}}