{"id":84496,"date":"2024-11-20T00:42:52","date_gmt":"2024-11-19T23:42:52","guid":{"rendered":"https:\/\/dualtron-store.com\/?post_type=product&#038;p=84496"},"modified":"2025-11-10T23:30:43","modified_gmt":"2025-11-10T22:30:43","slug":"joint-d-etancheite-de-deck-dualtron-achilleus","status":"publish","type":"product","link":"https:\/\/dualtron-store.com\/index.php\/produit\/joint-d-etancheite-de-deck-dualtron-achilleus\/","title":{"rendered":"Joint d \u00e9tanch\u00e9it\u00e9 de deck Dualtron Achilleus"},"content":{"rendered":"","protected":false},"excerpt":{"rendered":"<p>Joint d \u00e9tanch\u00e9it\u00e9 de deck Dualtron Achilleus.<\/p>\n","protected":false},"featured_media":84497,"comment_status":"closed","ping_status":"closed","template":"","meta":{"om_disable_all_campaigns":false,"_mi_skip_tracking":false,"_monsterinsights_sitenote_active":false,"_monsterinsights_sitenote_note":"","_monsterinsights_sitenote_category":0},"product_cat":[526,617,18,51],"product_tag":[],"aioseo_notices":[],"_links":{"self":[{"href":"https:\/\/dualtron-store.com\/index.php\/wp-json\/wp\/v2\/product\/84496"}],"collection":[{"href":"https:\/\/dualtron-store.com\/index.php\/wp-json\/wp\/v2\/product"}],"about":[{"href":"https:\/\/dualtron-store.com\/index.php\/wp-json\/wp\/v2\/types\/product"}],"replies":[{"embeddable":true,"href":"https:\/\/dualtron-store.com\/index.php\/wp-json\/wp\/v2\/comments?post=84496"}],"wp:featuredmedia":[{"embeddable":true,"href":"https:\/\/dualtron-store.com\/index.php\/wp-json\/wp\/v2\/media\/84497"}],"wp:attachment":[{"href":"https:\/\/dualtron-store.com\/index.php\/wp-json\/wp\/v2\/media?parent=84496"}],"wp:term":[{"taxonomy":"product_cat","embeddable":true,"href":"https:\/\/dualtron-store.com\/index.php\/wp-json\/wp\/v2\/product_cat?post=84496"},{"taxonomy":"product_tag","embeddable":true,"href":"https:\/\/dualtron-store.com\/index.php\/wp-json\/wp\/v2\/product_tag?post=84496"}],"curies":[{"name":"wp","href":"https:\/\/api.w.org\/{rel}","templated":true}]}}