{"id":84210,"date":"2024-11-11T19:29:23","date_gmt":"2024-11-11T18:29:23","guid":{"rendered":"https:\/\/dualtron-store.com\/?post_type=product&#038;p=84210"},"modified":"2026-04-17T08:20:39","modified_gmt":"2026-04-17T06:20:39","slug":"pneu-dualtron-aminia","status":"publish","type":"product","link":"https:\/\/dualtron-store.com\/index.php\/produit\/pneu-dualtron-aminia\/","title":{"rendered":"Pneu Dualtron Aminia, POP, Togo ,Dolphin avec bande anti crevaison"},"content":{"rendered":"<p><iframe loading=\"lazy\" title=\"Pneu tubeless anti crevaison pour Dualtron mini, aminia, ToGo et POP - trottinette \u00e9lectrique\" width=\"1140\" height=\"641\" src=\"https:\/\/www.youtube.com\/embed\/GlIXrhPCnjQ?feature=oembed\" frameborder=\"0\" allow=\"accelerometer; autoplay; clipboard-write; encrypted-media; gyroscope; picture-in-picture; web-share\" referrerpolicy=\"strict-origin-when-cross-origin\" allowfullscreen><\/iframe><\/p>\n","protected":false},"excerpt":{"rendered":"<p>Pneu tubeless avec bande anti-crevaison Dualtron Aminia, Dolphin.<\/p>\n<p>Se monte sur jante tubeless avant et sur moteur de Dualtron Aminia.<\/p>\n<p>N&#8217;h\u00e9sitez pas \u00e0 visionner la vid\u00e9o pr\u00e9sente dans la fiche produit.<\/p>\n<p>Se monte \u00e9galement sur la roue avant de la Dualtron Mini, ToGo et POP.<\/p>\n","protected":false},"featured_media":84847,"comment_status":"closed","ping_status":"closed","template":"","meta":{"om_disable_all_campaigns":false,"_mi_skip_tracking":false,"_monsterinsights_sitenote_active":false,"_monsterinsights_sitenote_note":"","_monsterinsights_sitenote_category":0},"product_cat":[641,287,545,586,741,18,51],"product_tag":[],"aioseo_notices":[],"_links":{"self":[{"href":"https:\/\/dualtron-store.com\/index.php\/wp-json\/wp\/v2\/product\/84210"}],"collection":[{"href":"https:\/\/dualtron-store.com\/index.php\/wp-json\/wp\/v2\/product"}],"about":[{"href":"https:\/\/dualtron-store.com\/index.php\/wp-json\/wp\/v2\/types\/product"}],"replies":[{"embeddable":true,"href":"https:\/\/dualtron-store.com\/index.php\/wp-json\/wp\/v2\/comments?post=84210"}],"wp:featuredmedia":[{"embeddable":true,"href":"https:\/\/dualtron-store.com\/index.php\/wp-json\/wp\/v2\/media\/84847"}],"wp:attachment":[{"href":"https:\/\/dualtron-store.com\/index.php\/wp-json\/wp\/v2\/media?parent=84210"}],"wp:term":[{"taxonomy":"product_cat","embeddable":true,"href":"https:\/\/dualtron-store.com\/index.php\/wp-json\/wp\/v2\/product_cat?post=84210"},{"taxonomy":"product_tag","embeddable":true,"href":"https:\/\/dualtron-store.com\/index.php\/wp-json\/wp\/v2\/product_tag?post=84210"}],"curies":[{"name":"wp","href":"https:\/\/api.w.org\/{rel}","templated":true}]}}