{"id":83925,"date":"2024-11-02T18:09:40","date_gmt":"2024-11-02T17:09:40","guid":{"rendered":"https:\/\/dualtron-store.com\/?post_type=product&#038;p=83925"},"modified":"2026-03-06T09:09:38","modified_gmt":"2026-03-06T08:09:38","slug":"led-de-feu-stop-arriere-dualtron-dolphin","status":"publish","type":"product","link":"https:\/\/dualtron-store.com\/index.php\/produit\/led-de-feu-stop-arriere-dualtron-dolphin\/","title":{"rendered":"Led de feu stop arriere Dualtron Dolphin"},"content":{"rendered":"","protected":false},"excerpt":{"rendered":"<p>La <strong>LED de feu stop arri\u00e8re Dualtron Dolphin<\/strong> est un accessoire de s\u00e9curit\u00e9 essentiel pour les trottinettes \u00e9lectriques. Facile \u00e0 installer, cette LED puissante am\u00e9liore la visibilit\u00e9 de la trottinette dans l\u2019obscurit\u00e9 et signale efficacement les freinages aux autres usagers de la route. Con\u00e7ue pour r\u00e9sister aux vibrations et aux intemp\u00e9ries, elle offre une durabilit\u00e9 optimale pour vos trajets urbains.<\/p>\n","protected":false},"featured_media":83926,"comment_status":"closed","ping_status":"closed","template":"","meta":{"om_disable_all_campaigns":false,"_mi_skip_tracking":false,"_monsterinsights_sitenote_active":false,"_monsterinsights_sitenote_note":"","_monsterinsights_sitenote_category":0},"product_cat":[644,18,51],"product_tag":[],"aioseo_notices":[],"_links":{"self":[{"href":"https:\/\/dualtron-store.com\/index.php\/wp-json\/wp\/v2\/product\/83925"}],"collection":[{"href":"https:\/\/dualtron-store.com\/index.php\/wp-json\/wp\/v2\/product"}],"about":[{"href":"https:\/\/dualtron-store.com\/index.php\/wp-json\/wp\/v2\/types\/product"}],"replies":[{"embeddable":true,"href":"https:\/\/dualtron-store.com\/index.php\/wp-json\/wp\/v2\/comments?post=83925"}],"wp:featuredmedia":[{"embeddable":true,"href":"https:\/\/dualtron-store.com\/index.php\/wp-json\/wp\/v2\/media\/83926"}],"wp:attachment":[{"href":"https:\/\/dualtron-store.com\/index.php\/wp-json\/wp\/v2\/media?parent=83925"}],"wp:term":[{"taxonomy":"product_cat","embeddable":true,"href":"https:\/\/dualtron-store.com\/index.php\/wp-json\/wp\/v2\/product_cat?post=83925"},{"taxonomy":"product_tag","embeddable":true,"href":"https:\/\/dualtron-store.com\/index.php\/wp-json\/wp\/v2\/product_tag?post=83925"}],"curies":[{"name":"wp","href":"https:\/\/api.w.org\/{rel}","templated":true}]}}