{"id":83902,"date":"2024-11-02T10:39:05","date_gmt":"2024-11-02T09:39:05","guid":{"rendered":"https:\/\/dualtron-store.com\/?post_type=product&#038;p=83902"},"modified":"2024-11-13T14:10:16","modified_gmt":"2024-11-13T13:10:16","slug":"bequille-dualtron-ultra","status":"publish","type":"product","link":"https:\/\/dualtron-store.com\/index.php\/produit\/bequille-dualtron-ultra\/","title":{"rendered":"B\u00e9quille Dualtron ULTRA"},"content":{"rendered":"","protected":false},"excerpt":{"rendered":"<p><span style=\"color: #ff0000;\"><strong>B\u00e9quille compatible avec la Dualtron Ultra non compatible avec la Dualtron Ultra 2<\/strong><\/span><\/p>\n<p>La <strong>b\u00e9quille Dualtron ULTRA<\/strong> est un accessoire robuste et pratique con\u00e7u sp\u00e9cifiquement pour les trottinettes Dualtron ULTRA. Elle permet de maintenir la trottinette en position stable lorsqu&#8217;elle est stationn\u00e9e, \u00e9vitant ainsi les chutes et facilitant le stationnement. Facile \u00e0 installer, cette b\u00e9quille est fabriqu\u00e9e en mat\u00e9riaux durables pour r\u00e9sister \u00e0 un usage intensif et aux conditions ext\u00e9rieures.<\/p>\n","protected":false},"featured_media":83903,"comment_status":"closed","ping_status":"closed","template":"","meta":{"om_disable_all_campaigns":false,"_mi_skip_tracking":false,"_monsterinsights_sitenote_active":false,"_monsterinsights_sitenote_note":"","_monsterinsights_sitenote_category":0},"product_cat":[279,18,51],"product_tag":[],"aioseo_notices":[],"_links":{"self":[{"href":"https:\/\/dualtron-store.com\/index.php\/wp-json\/wp\/v2\/product\/83902"}],"collection":[{"href":"https:\/\/dualtron-store.com\/index.php\/wp-json\/wp\/v2\/product"}],"about":[{"href":"https:\/\/dualtron-store.com\/index.php\/wp-json\/wp\/v2\/types\/product"}],"replies":[{"embeddable":true,"href":"https:\/\/dualtron-store.com\/index.php\/wp-json\/wp\/v2\/comments?post=83902"}],"wp:featuredmedia":[{"embeddable":true,"href":"https:\/\/dualtron-store.com\/index.php\/wp-json\/wp\/v2\/media\/83903"}],"wp:attachment":[{"href":"https:\/\/dualtron-store.com\/index.php\/wp-json\/wp\/v2\/media?parent=83902"}],"wp:term":[{"taxonomy":"product_cat","embeddable":true,"href":"https:\/\/dualtron-store.com\/index.php\/wp-json\/wp\/v2\/product_cat?post=83902"},{"taxonomy":"product_tag","embeddable":true,"href":"https:\/\/dualtron-store.com\/index.php\/wp-json\/wp\/v2\/product_tag?post=83902"}],"curies":[{"name":"wp","href":"https:\/\/api.w.org\/{rel}","templated":true}]}}