{"id":836,"date":"2018-06-27T00:04:03","date_gmt":"2018-06-26T22:04:03","guid":{"rendered":"https:\/\/dualtron-store.com\/?post_type=product&#038;p=836"},"modified":"2026-04-22T19:39:05","modified_gmt":"2026-04-22T17:39:05","slug":"retroviseurs","status":"publish","type":"product","link":"https:\/\/dualtron-store.com\/index.php\/produit\/retroviseurs\/","title":{"rendered":"R\u00e9troviseur(s)"},"content":{"rendered":"","protected":false},"excerpt":{"rendered":"<p><strong>R\u00e9troviseur<\/strong> pour trottinette \u00e9lectrique r\u00e9glable.<\/p>\n<p>R\u00e9flecteur \u00e0 l&#8217;arri\u00e8re.<\/p>\n","protected":false},"featured_media":86456,"comment_status":"open","ping_status":"closed","template":"","meta":{"om_disable_all_campaigns":false,"_mi_skip_tracking":false,"_monsterinsights_sitenote_active":false,"_monsterinsights_sitenote_note":"","_monsterinsights_sitenote_category":0},"product_cat":[275,277,287,276,278,272,274,279,280,281,273,283,282,18,51,52],"product_tag":[],"aioseo_notices":[],"_links":{"self":[{"href":"https:\/\/dualtron-store.com\/index.php\/wp-json\/wp\/v2\/product\/836"}],"collection":[{"href":"https:\/\/dualtron-store.com\/index.php\/wp-json\/wp\/v2\/product"}],"about":[{"href":"https:\/\/dualtron-store.com\/index.php\/wp-json\/wp\/v2\/types\/product"}],"replies":[{"embeddable":true,"href":"https:\/\/dualtron-store.com\/index.php\/wp-json\/wp\/v2\/comments?post=836"}],"wp:featuredmedia":[{"embeddable":true,"href":"https:\/\/dualtron-store.com\/index.php\/wp-json\/wp\/v2\/media\/86456"}],"wp:attachment":[{"href":"https:\/\/dualtron-store.com\/index.php\/wp-json\/wp\/v2\/media?parent=836"}],"wp:term":[{"taxonomy":"product_cat","embeddable":true,"href":"https:\/\/dualtron-store.com\/index.php\/wp-json\/wp\/v2\/product_cat?post=836"},{"taxonomy":"product_tag","embeddable":true,"href":"https:\/\/dualtron-store.com\/index.php\/wp-json\/wp\/v2\/product_tag?post=836"}],"curies":[{"name":"wp","href":"https:\/\/api.w.org\/{rel}","templated":true}]}}