{"id":83293,"date":"2024-10-15T17:14:03","date_gmt":"2024-10-15T15:14:03","guid":{"rendered":"https:\/\/dualtron-store.com\/?post_type=product&#038;p=83293"},"modified":"2024-10-15T17:16:27","modified_gmt":"2024-10-15T15:16:27","slug":"dualtron-aminia-13-ah-complement-de-paiement","status":"publish","type":"product","link":"https:\/\/dualtron-store.com\/index.php\/produit\/dualtron-aminia-13-ah-complement-de-paiement\/","title":{"rendered":"Dualtron Aminia 13 ah &#8211; complement de paiement"},"content":{"rendered":"<h2><strong>Pr\u00e9sentation de la Dualtron Aminia &#8211; La nouvelle Dualtron mini !<\/strong><\/h2>\n<p>V\u00e9ritable best seller, la <strong>Dualtron Mini<\/strong> de la prestigieuse marque <strong>MiniMotors<\/strong> ne cesse d&#8217;\u00e9voluer depuis sa sortie.<\/p>\n<p>Cette nouvelle version, nomm\u00e9e <strong>Dualtron Aminia<\/strong> , est au regard de ses caract\u00e9ristiques techniques, son esth\u00e9tique, sa compacit\u00e9 et son positionnement tarifaire, le meilleur choix toutes marques confondues dans sa cat\u00e9gorie.<\/p>\n<p><iframe loading=\"lazy\" title=\"DUALTRON AMINIA LA NOUVELLE MINI EN EXCLUSIVIT\u00c9E !\" width=\"1140\" height=\"641\" src=\"https:\/\/www.youtube.com\/embed\/qnfU_oW2RBU?feature=oembed\" frameborder=\"0\" allow=\"accelerometer; autoplay; clipboard-write; encrypted-media; gyroscope; picture-in-picture; web-share\" referrerpolicy=\"strict-origin-when-cross-origin\" allowfullscreen><\/iframe><\/p>\n<p><iframe loading=\"lazy\" title=\"DUALTRON AMINIA -  LA NOUVELLE DUALTRON MINI - TROTTINETTE ELECTRIQUE\" width=\"1140\" height=\"641\" src=\"https:\/\/www.youtube.com\/embed\/CU7ET3BzsT0?feature=oembed\" frameborder=\"0\" allow=\"accelerometer; autoplay; clipboard-write; encrypted-media; gyroscope; picture-in-picture; web-share\" referrerpolicy=\"strict-origin-when-cross-origin\" allowfullscreen><\/iframe><\/p>\n<h2><\/h2>\n<h2><strong>Les versions de la Dualtron Aminia<\/strong><\/h2>\n<p>Comme pour la <strong>Dualtron mini<\/strong>, <strong>Dualtron Store<\/strong> vous propose la <strong>Dualtron Aminia<\/strong> en mono moteur et en bi-moteurs.<\/p>\n<p>La mono moteur est dispo en batterie 52V 13ah et 52V 17,5 ah. L&#8217;autonomie est d&#8217;environ 25 km r\u00e9el pour la 13 amp\u00e8res et de 35 km pour la 17,5 amp\u00e8res.<\/p>\n<p>La bimoteurs est en batterie 52V 15,6ah et 52V 21 ah. La distance parcourue est d&#8217;environ 30 km pour la 15,6 amp\u00e8res et 40 km pour la version 21 amp\u00e8res.<\/p>\n<p>&nbsp;<\/p>\n<h2><strong>Les caract\u00e9ristiques de la Dualtron Aminia\u00a0<\/strong><\/h2>\n<p>La <strong>Dualtron Aminia reprend les principales caract\u00e9ristiques de la Dualtron mini mais en mieux ! <\/strong><\/p>\n<p>Elle est Equip\u00e9e d\u2019un ( ou 2 pour la version bimoteurs ) puissant moteur brushless. Cela permet \u00e0 la trottinette de d\u00e9velopper 1450 W pour la mono moteur et 2900 W pour la puissante bimoteur . Coupl\u00e9e \u00e0 une batterie de 52 volts, ce petit bolide offre un couple et une vitesse de pointe ( environ 45 km\/h sur terrain priv\u00e9 pour la monomoteur et 65 km\/h pour la bi-moteur) permettant de satisfaire la plupart d\u2019entre nous.<\/p>\n<p>Les Dualtron Aminia disposent de 2 freins \u00e0 tambour (\u00e0 l\u2019arri\u00e8re et \u00e0 l&#8217;avant) tr\u00e8s performant et d\u2019un frein \u00e9lectrique KERS (r\u00e9cup\u00e9ration d\u2019\u00e9nergie).<\/p>\n<p>De plus, d\u2019un point de vue esth\u00e9tique, la <strong>Dualtron Aminia qui reprend la ligne de la Dualtron Mini<\/strong> ne laisse pas indiff\u00e9rent. En effet, Elle est \u00e9quip\u00e9e de la fameuse colonne lumineuse que l\u2019on retrouve sur la Dualtron Thunder 2 ou Dualtron Vicor, et \u00e9galement de bandes lumineuses sur les cot\u00e9s du plateau.<\/p>\n<p>Par ailleurs, cot\u00e9 confort, la <strong>Dualtron Aminia<\/strong> dispose d\u2019amortisseurs avant et arri\u00e8re.<\/p>\n<p>Bonne surprise \u00e9galement Egalement, elle dispose de pneus larges tubeless de tr\u00e8s bonne qualit\u00e9.<\/p>\n<p>&nbsp;<\/p>\n<h2><strong>Etanch\u00e9it\u00e9 IPX5 pour la Dualtron Aminia<\/strong><\/h2>\n<p>Cette nouvelle <strong>Dualtron Aminia<\/strong> est \u00e9tanche. Elle dispose de la certification <strong>IPX5<\/strong>. Cela vous permettra de rouler par tout temps.<\/p>\n<p>&nbsp;<\/p>\n<h2><strong>Temps de charge<\/strong><\/h2>\n<p>Concernant le temps de charge , la <strong>dualtron Aminia<\/strong> 13 ah mettra 6 heures pour remplir la batterie et 10 heures pour la version en grosse batterie de 21 ah. Par ailleurs, afin de r\u00e9duire le temps de charge, vous pouvez acheter un <a href=\"https:\/\/dualtron-store.com\/index.php\/produit\/chargeur-rapide-dualtron-thunder-2-storm-et-ultra-ii-x-ii\/\">chargeur rapide.<\/a><\/p>\n<p>&nbsp;<\/p>\n<h2><strong>Les atouts de la nouvelle Dualtron Mini &#8211; Aminia<\/strong><\/h2>\n<p>Ses points forts sont tr\u00e8s nombreux : \u00e9tanch\u00e9it\u00e9 IPX5, pneus tubeless, performances\/puissance au regard de son poids (22 kg pour les mini simple moteur et 27 kg pour les dual moteurs ), sa compacit\u00e9, son esth\u00e9tique et surtout son rapport qualit\u00e9\/performance\/prix !<\/p>\n<p>&nbsp;<\/p>\n<h2><strong>Votre v\u00e9hicule de\u00a0d\u00e9placement id\u00e9al en milieu Urbain<\/strong><\/h2>\n<p>Trottinette \u00e9lectrique compacte, la <strong>dualtron Aminia<\/strong> est un v\u00e9ritable v\u00e9hicule pour se d\u00e9placer en ville. Vous pourrez \u00e9galement r\u00e9aliser vos trajets travail \/ maison en toute aisance. De plus, la <strong>Dualtron Aminia<\/strong> est \u00e9galement l\u00e9g\u00e8re au regard de ses performances. Ainsi, vous pouvez l&#8217;utiliser pour vos trajets multimodaux. Elle se rangera facilement dans le train, le tramway ou dans le coffre de votre voiture.<\/p>\n<p>Aymard Vernay nous le prouve dans cette vid\u00e9o !<\/p>\n<p><iframe loading=\"lazy\" title=\"Trottinette \u00e9lectrique Dualtron Mini vs Porsche 981 GTS - Aymard Vernay\" width=\"1140\" height=\"641\" src=\"https:\/\/www.youtube.com\/embed\/Gpv6zz7i5u0?feature=oembed\" frameborder=\"0\" allow=\"accelerometer; autoplay; clipboard-write; encrypted-media; gyroscope; picture-in-picture; web-share\" referrerpolicy=\"strict-origin-when-cross-origin\" allowfullscreen><\/iframe><\/p>\n<p>&nbsp;<\/p>\n<h2><strong>Vid\u00e9o de la pr\u00e9c\u00e9dente Dualtron Mini Sp<\/strong><strong>ecial 13 ah et 21 ah<\/strong><\/h2>\n<p><iframe loading=\"lazy\" title=\"Nouvelle DUALTRON MINI SPECIAL 2024 - Trotinette \u00e9lectrique\" width=\"1140\" height=\"641\" src=\"https:\/\/www.youtube.com\/embed\/0SuF0O0-tB4?feature=oembed\" frameborder=\"0\" allow=\"accelerometer; autoplay; clipboard-write; encrypted-media; gyroscope; picture-in-picture; web-share\" referrerpolicy=\"strict-origin-when-cross-origin\" allowfullscreen><\/iframe><\/p>\n<p><iframe loading=\"lazy\" title=\"Dualtron Mini SPECIAL - Nouveaut\u00e9 2023 !!!! Trottinette \u00e9lectrique Dualtron Store \u00ae\" width=\"1140\" height=\"641\" src=\"https:\/\/www.youtube.com\/embed\/RBw3kkki64w?feature=oembed\" frameborder=\"0\" allow=\"accelerometer; autoplay; clipboard-write; encrypted-media; gyroscope; picture-in-picture; web-share\" referrerpolicy=\"strict-origin-when-cross-origin\" allowfullscreen><\/iframe><\/p>\n<p>&nbsp;<\/p>\n<h2><strong>La fiche technique de la Dualtron Aminia<\/strong><\/h2>\n<p><strong>Batterie\u00a0:<\/strong> 13 ah, 15,6 ah, 17,5 ah ou 21 ah<\/p>\n<p><strong>Puissance de la trottinette :<\/strong> 1450W pour les versions simple moteur et 2900 W pour les double moteurs<\/p>\n<p><strong>Freinage\u00a0:<\/strong> \u00a0Frein tambour \u00e0 l\u2019arri\u00e8re et \u00e0 l&#8217;avant + Frein \u00e9lectrique KERS<\/p>\n<p><strong>Vitesse max\u00a0:<\/strong> 25 km\/h ou 45km\/h sur voie priv\u00e9e pour les simple moteur et 65 km\/h pour les dual moteurs<\/p>\n<p><strong>Roues\u00a0:<\/strong> 8,5 pouces \u2013 pneus tubeless avant et arri\u00e8re<\/p>\n<p><strong>Suspensions\u00a0:<\/strong> 2 amortisseurs \u00e0 l\u2019avant et 2 \u00e0 l\u2019arri\u00e8re<\/p>\n<p><strong>Dispositif d\u2019\u00e9clairage :<\/strong> Phares led avant et arri\u00e8re, colonne et plateau lumineux<\/p>\n<p><strong>Protection de plateau : <\/strong>Silicone pour toutes les versions<\/p>\n<p><strong>Poids\u00a0:<\/strong> 22 kg \u00e0 27 kg en fonction de la version<\/p>\n<p>&nbsp;<\/p>\n<p>&nbsp;<\/p>\n<h2><strong>Pourquoi acheter la Dualtron Aminia chez DUALTRON Store ?<\/strong><\/h2>\n<p><strong>DUALTRON Store, boutique\u00a0officielle de la marque,<\/strong>\u00a0vous propose l&#8217;ensemble des produits du fabricant Minimotors. De plus, nous vous offrons un service Premium.<\/p>\n<p>Avant exp\u00e9dition, la <strong>Dualtron Aminia<\/strong> sera v\u00e9rifi\u00e9e et r\u00e9gl\u00e9e suivant vos attentes (bridage ou pas, param\u00e9trage du LCD , \u2026).<\/p>\n<p>N\u2019h\u00e9sitez pas \u00e0 nous appeler (07 61 87 64 04) pour vous faire votre propre avis sur l\u2019expertise et le service client de <strong>DUALTRON Store<\/strong><\/p>\n<p><a href=\"https:\/\/dualtron-store.com\/wp-content\/uploads\/2024\/05\/bannierepourlesite.png\"><img loading=\"lazy\" class=\"alignnone wp-image-76959 size-full\" src=\"https:\/\/dualtron-store.com\/wp-content\/uploads\/2024\/05\/bannierepourlesite.png\" alt=\"\" width=\"880\" height=\"283\" srcset=\"https:\/\/dualtron-store.com\/wp-content\/uploads\/2024\/05\/bannierepourlesite.png 880w, https:\/\/dualtron-store.com\/wp-content\/uploads\/2024\/05\/bannierepourlesite-768x247.png 768w, https:\/\/dualtron-store.com\/wp-content\/uploads\/2024\/05\/bannierepourlesite-640x206.png 640w, https:\/\/dualtron-store.com\/wp-content\/uploads\/2024\/05\/bannierepourlesite-400x129.png 400w, https:\/\/dualtron-store.com\/wp-content\/uploads\/2024\/05\/bannierepourlesite-367x118.png 367w, https:\/\/dualtron-store.com\/wp-content\/uploads\/2024\/05\/bannierepourlesite-600x193.png 600w\" sizes=\"(max-width: 880px) 100vw, 880px\" \/><\/a><\/p>\n","protected":false},"excerpt":{"rendered":"<p><img loading=\"lazy\" class=\"alignnone wp-image-614\" src=\"https:\/\/dualtron-store.com\/wp-content\/uploads\/2018\/06\/dulatron.png\" alt=\"\" width=\"246\" height=\"52\" \/><\/p>\n<p>V\u00e9ritable Succ\u00e8s depuis sa sortie, la\u00a0<strong>Dualtron Mini est en\u00a0perp\u00e9tuelle \u00e9volution.<\/strong><br \/>\n<strong>Cette Dualtron Aminia est tout simplement une grosse \u00e9volution de la Dualtron Mini. Elle est ENFIN compl\u00e8tement \u00e9tanche IPX5.<\/strong><br \/>\nLa Dualtron Aminia est disponible en version mono moteur et en bi moteurs.<br \/>\n<strong><br \/>\nChez Dualtron Store, vous avez la garantie d&#8217;avoir la toute nouvelle et derni\u00e8re version de la Dualtron Mini, nomm\u00e9e d\u00e9sormais Dualtron Aminia.\u00a0<\/strong><\/p>\n<p><strong><span style=\"color: #333399;\">Possibilit\u00e9 de paiement en plusieurs fois ( de 2 \u00e0 60 <span style=\"caret-color: #333399;\">mensualit\u00e9s).<\/span><\/span><\/strong><\/p>\n<p><span style=\"color: #000000;\">N&#8217;h\u00e9sitez pas \u00e0 nous contactez au 07 61 87 64 04 pour tout compl\u00e9ment d&#8217;information.<\/span><\/p>\n<p><span style=\"color: #800080;\"><span style=\"caret-color: #800080;\"><b>Ce lien correspond au passage vers la dualtron aminia 13 ah suite \u00e0 votre paiement de la dualtron mini .<\/b><\/span><\/span><\/p>\n","protected":false},"featured_media":82996,"comment_status":"open","ping_status":"closed","template":"","meta":{"om_disable_all_campaigns":false,"_mi_skip_tracking":false,"_monsterinsights_sitenote_active":false,"_monsterinsights_sitenote_note":"","_monsterinsights_sitenote_category":0},"product_cat":[38],"product_tag":[],"aioseo_notices":[],"_links":{"self":[{"href":"https:\/\/dualtron-store.com\/index.php\/wp-json\/wp\/v2\/product\/83293"}],"collection":[{"href":"https:\/\/dualtron-store.com\/index.php\/wp-json\/wp\/v2\/product"}],"about":[{"href":"https:\/\/dualtron-store.com\/index.php\/wp-json\/wp\/v2\/types\/product"}],"replies":[{"embeddable":true,"href":"https:\/\/dualtron-store.com\/index.php\/wp-json\/wp\/v2\/comments?post=83293"}],"wp:featuredmedia":[{"embeddable":true,"href":"https:\/\/dualtron-store.com\/index.php\/wp-json\/wp\/v2\/media\/82996"}],"wp:attachment":[{"href":"https:\/\/dualtron-store.com\/index.php\/wp-json\/wp\/v2\/media?parent=83293"}],"wp:term":[{"taxonomy":"product_cat","embeddable":true,"href":"https:\/\/dualtron-store.com\/index.php\/wp-json\/wp\/v2\/product_cat?post=83293"},{"taxonomy":"product_tag","embeddable":true,"href":"https:\/\/dualtron-store.com\/index.php\/wp-json\/wp\/v2\/product_tag?post=83293"}],"curies":[{"name":"wp","href":"https:\/\/api.w.org\/{rel}","templated":true}]}}