{"id":83178,"date":"2024-10-12T15:37:19","date_gmt":"2024-10-12T13:37:19","guid":{"rendered":"https:\/\/dualtron-store.com\/?post_type=product&#038;p=83178"},"modified":"2026-03-01T11:44:52","modified_gmt":"2026-03-01T10:44:52","slug":"soufflet-caoutchouc-colonne-de-direction-dualtron","status":"publish","type":"product","link":"https:\/\/dualtron-store.com\/index.php\/produit\/soufflet-caoutchouc-colonne-de-direction-dualtron\/","title":{"rendered":"SOUFFLET CAOUTCHOUC COLONNE DE DIRECTION DUALTRON"},"content":{"rendered":"","protected":false},"excerpt":{"rendered":"<p>Le soufflet en caoutchouc pour colonne de direction Dualtron est un accessoire de protection con\u00e7u pour pr\u00e9server la colonne de direction des trottinettes Dualtron des salet\u00e9s, de l\u2019eau et de la poussi\u00e8re. Ce soufflet flexible et r\u00e9sistant prolonge la dur\u00e9e de vie des composants internes en les prot\u00e9geant des \u00e9l\u00e9ments ext\u00e9rieurs et en r\u00e9duisant l&#8217;usure. Facile \u00e0 installer, il assure une meilleure performance de votre trottinette, m\u00eame dans des conditions difficiles.<\/p>\n","protected":false},"featured_media":83179,"comment_status":"closed","ping_status":"closed","template":"","meta":{"om_disable_all_campaigns":false,"_mi_skip_tracking":false,"_monsterinsights_sitenote_active":false,"_monsterinsights_sitenote_note":"","_monsterinsights_sitenote_category":0},"product_cat":[345,348,346,526,617,325,613,18,51],"product_tag":[],"aioseo_notices":[],"_links":{"self":[{"href":"https:\/\/dualtron-store.com\/index.php\/wp-json\/wp\/v2\/product\/83178"}],"collection":[{"href":"https:\/\/dualtron-store.com\/index.php\/wp-json\/wp\/v2\/product"}],"about":[{"href":"https:\/\/dualtron-store.com\/index.php\/wp-json\/wp\/v2\/types\/product"}],"replies":[{"embeddable":true,"href":"https:\/\/dualtron-store.com\/index.php\/wp-json\/wp\/v2\/comments?post=83178"}],"wp:featuredmedia":[{"embeddable":true,"href":"https:\/\/dualtron-store.com\/index.php\/wp-json\/wp\/v2\/media\/83179"}],"wp:attachment":[{"href":"https:\/\/dualtron-store.com\/index.php\/wp-json\/wp\/v2\/media?parent=83178"}],"wp:term":[{"taxonomy":"product_cat","embeddable":true,"href":"https:\/\/dualtron-store.com\/index.php\/wp-json\/wp\/v2\/product_cat?post=83178"},{"taxonomy":"product_tag","embeddable":true,"href":"https:\/\/dualtron-store.com\/index.php\/wp-json\/wp\/v2\/product_tag?post=83178"}],"curies":[{"name":"wp","href":"https:\/\/api.w.org\/{rel}","templated":true}]}}