{"id":83168,"date":"2024-10-12T15:22:57","date_gmt":"2024-10-12T13:22:57","guid":{"rendered":"https:\/\/dualtron-store.com\/?post_type=product&#038;p=83168"},"modified":"2026-02-11T14:29:21","modified_gmt":"2026-02-11T13:29:21","slug":"collier-de-serrage-dualtron","status":"publish","type":"product","link":"https:\/\/dualtron-store.com\/index.php\/produit\/collier-de-serrage-dualtron\/","title":{"rendered":"COLLIER DE SERRAGE DUALTRON"},"content":{"rendered":"","protected":false},"excerpt":{"rendered":"<p>Le collier de serrage Dualtron est un accessoire essentiel pour maintenir fermement la potence des trottinettes Dualtron. Il assure la stabilit\u00e9 et la s\u00e9curit\u00e9 en fixant solidement la colonne de direction, minimisant les mouvements ind\u00e9sirables pendant la conduite. Con\u00e7u en mat\u00e9riaux robustes et r\u00e9sistants \u00e0 l&#8217;usure, ce collier de serrage contribue \u00e0 la durabilit\u00e9 et \u00e0 la fiabilit\u00e9 de votre trottinette, m\u00eame lors de trajets intensifs.<\/p>\n","protected":false},"featured_media":83169,"comment_status":"closed","ping_status":"closed","template":"","meta":{"om_disable_all_campaigns":false,"_mi_skip_tracking":false,"_monsterinsights_sitenote_active":false,"_monsterinsights_sitenote_note":"","_monsterinsights_sitenote_category":0},"product_cat":[345,348,346,526,617,325,613,616,18,51],"product_tag":[],"aioseo_notices":[],"_links":{"self":[{"href":"https:\/\/dualtron-store.com\/index.php\/wp-json\/wp\/v2\/product\/83168"}],"collection":[{"href":"https:\/\/dualtron-store.com\/index.php\/wp-json\/wp\/v2\/product"}],"about":[{"href":"https:\/\/dualtron-store.com\/index.php\/wp-json\/wp\/v2\/types\/product"}],"replies":[{"embeddable":true,"href":"https:\/\/dualtron-store.com\/index.php\/wp-json\/wp\/v2\/comments?post=83168"}],"wp:featuredmedia":[{"embeddable":true,"href":"https:\/\/dualtron-store.com\/index.php\/wp-json\/wp\/v2\/media\/83169"}],"wp:attachment":[{"href":"https:\/\/dualtron-store.com\/index.php\/wp-json\/wp\/v2\/media?parent=83168"}],"wp:term":[{"taxonomy":"product_cat","embeddable":true,"href":"https:\/\/dualtron-store.com\/index.php\/wp-json\/wp\/v2\/product_cat?post=83168"},{"taxonomy":"product_tag","embeddable":true,"href":"https:\/\/dualtron-store.com\/index.php\/wp-json\/wp\/v2\/product_tag?post=83168"}],"curies":[{"name":"wp","href":"https:\/\/api.w.org\/{rel}","templated":true}]}}