{"id":83161,"date":"2024-10-12T15:13:28","date_gmt":"2024-10-12T13:13:28","guid":{"rendered":"https:\/\/dualtron-store.com\/?post_type=product&#038;p=83161"},"modified":"2024-11-13T15:56:38","modified_gmt":"2024-11-13T14:56:38","slug":"port-de-charge-dualtron-dolphin","status":"publish","type":"product","link":"https:\/\/dualtron-store.com\/index.php\/produit\/port-de-charge-dualtron-dolphin\/","title":{"rendered":"PORT DE CHARGE DUALTRON DOLPHIN"},"content":{"rendered":"","protected":false},"excerpt":{"rendered":"<p>Le port de charge Dualtron Dolphin est un composant essentiel pour recharger votre trottinette <strong>Dualtron Dolphin<\/strong> en toute s\u00e9curit\u00e9. Con\u00e7u pour offrir une connexion<strong> stable et fiable<\/strong>, il permet une charge <strong>rapide<\/strong> et <strong>efficace<\/strong> de la batterie. Fabriqu\u00e9 avec des mat\u00e9riaux r\u00e9sistants aux intemp\u00e9ries et \u00e0 l&#8217;usure, ce port de charge est con\u00e7u pour durer et garantir la performance de votre trottinette au fil du temps.<\/p>\n","protected":false},"featured_media":83162,"comment_status":"closed","ping_status":"closed","template":"","meta":{"om_disable_all_campaigns":false,"_mi_skip_tracking":false,"_monsterinsights_sitenote_active":false,"_monsterinsights_sitenote_note":"","_monsterinsights_sitenote_category":0},"product_cat":[644,18,51],"product_tag":[],"aioseo_notices":[],"_links":{"self":[{"href":"https:\/\/dualtron-store.com\/index.php\/wp-json\/wp\/v2\/product\/83161"}],"collection":[{"href":"https:\/\/dualtron-store.com\/index.php\/wp-json\/wp\/v2\/product"}],"about":[{"href":"https:\/\/dualtron-store.com\/index.php\/wp-json\/wp\/v2\/types\/product"}],"replies":[{"embeddable":true,"href":"https:\/\/dualtron-store.com\/index.php\/wp-json\/wp\/v2\/comments?post=83161"}],"wp:featuredmedia":[{"embeddable":true,"href":"https:\/\/dualtron-store.com\/index.php\/wp-json\/wp\/v2\/media\/83162"}],"wp:attachment":[{"href":"https:\/\/dualtron-store.com\/index.php\/wp-json\/wp\/v2\/media?parent=83161"}],"wp:term":[{"taxonomy":"product_cat","embeddable":true,"href":"https:\/\/dualtron-store.com\/index.php\/wp-json\/wp\/v2\/product_cat?post=83161"},{"taxonomy":"product_tag","embeddable":true,"href":"https:\/\/dualtron-store.com\/index.php\/wp-json\/wp\/v2\/product_tag?post=83161"}],"curies":[{"name":"wp","href":"https:\/\/api.w.org\/{rel}","templated":true}]}}