{"id":83158,"date":"2024-10-12T14:51:04","date_gmt":"2024-10-12T12:51:04","guid":{"rendered":"https:\/\/dualtron-store.com\/?post_type=product&#038;p=83158"},"modified":"2024-11-13T15:59:34","modified_gmt":"2024-11-13T14:59:34","slug":"cache-feu-arriere-de-repose-pied-dualtron-dolphin","status":"publish","type":"product","link":"https:\/\/dualtron-store.com\/index.php\/produit\/cache-feu-arriere-de-repose-pied-dualtron-dolphin\/","title":{"rendered":"CACHE FEU ARRIERE DE REPOSE PIED DUALTRON DOLPHIN"},"content":{"rendered":"","protected":false},"excerpt":{"rendered":"<p>Le cache feu arri\u00e8re de repose-pied<strong> Dualtron Dolphin<\/strong> est un accessoire con\u00e7u pour prot\u00e9ger le feu arri\u00e8re de votre trottinette Dualtron Dolphin tout en offrant une finition esth\u00e9tique. Ce cache, fabriqu\u00e9 en mat\u00e9riaux durables, se fixe sur le repose-pied pour s\u00e9curiser et pr\u00e9server le feu arri\u00e8re des impacts, de la poussi\u00e8re et de l&#8217;humidit\u00e9. Il garantit ainsi une meilleure long\u00e9vit\u00e9 du syst\u00e8me d&#8217;\u00e9clairage et un look soign\u00e9 pour votre trottinette.<\/p>\n","protected":false},"featured_media":83159,"comment_status":"closed","ping_status":"closed","template":"","meta":{"om_disable_all_campaigns":false,"_mi_skip_tracking":false,"_monsterinsights_sitenote_active":false,"_monsterinsights_sitenote_note":"","_monsterinsights_sitenote_category":0},"product_cat":[644,18,51],"product_tag":[],"aioseo_notices":[],"_links":{"self":[{"href":"https:\/\/dualtron-store.com\/index.php\/wp-json\/wp\/v2\/product\/83158"}],"collection":[{"href":"https:\/\/dualtron-store.com\/index.php\/wp-json\/wp\/v2\/product"}],"about":[{"href":"https:\/\/dualtron-store.com\/index.php\/wp-json\/wp\/v2\/types\/product"}],"replies":[{"embeddable":true,"href":"https:\/\/dualtron-store.com\/index.php\/wp-json\/wp\/v2\/comments?post=83158"}],"wp:featuredmedia":[{"embeddable":true,"href":"https:\/\/dualtron-store.com\/index.php\/wp-json\/wp\/v2\/media\/83159"}],"wp:attachment":[{"href":"https:\/\/dualtron-store.com\/index.php\/wp-json\/wp\/v2\/media?parent=83158"}],"wp:term":[{"taxonomy":"product_cat","embeddable":true,"href":"https:\/\/dualtron-store.com\/index.php\/wp-json\/wp\/v2\/product_cat?post=83158"},{"taxonomy":"product_tag","embeddable":true,"href":"https:\/\/dualtron-store.com\/index.php\/wp-json\/wp\/v2\/product_tag?post=83158"}],"curies":[{"name":"wp","href":"https:\/\/api.w.org\/{rel}","templated":true}]}}