{"id":83156,"date":"2024-10-12T14:46:53","date_gmt":"2024-10-12T12:46:53","guid":{"rendered":"https:\/\/dualtron-store.com\/?post_type=product&#038;p=83156"},"modified":"2025-11-12T19:56:39","modified_gmt":"2025-11-12T18:56:39","slug":"garde-boue-arriere-dualtron-dolphin","status":"publish","type":"product","link":"https:\/\/dualtron-store.com\/index.php\/produit\/garde-boue-arriere-dualtron-dolphin\/","title":{"rendered":"GARDE BOUE ARRIERE DUALTRON DOLPHIN"},"content":{"rendered":"","protected":false},"excerpt":{"rendered":"<p><span style=\"color: #ff0000;\"><strong>Vendue sans led<\/strong><\/span><\/p>\n<p>Le <strong>garde-boue arri\u00e8re Dualtron Dolphin<\/strong> est un accessoire pratique con\u00e7u pour prot\u00e9ger la trottinette et l\u2019utilisateur des \u00e9claboussures, de la boue et de l&#8217;eau lors des trajets sous la pluie. Facile \u00e0 installer, il se fixe \u00e0 l&#8217;arri\u00e8re de la trottinette et offre une couverture optimale, assurant ainsi une conduite plus propre et plus confortable. Fabriqu\u00e9 \u00e0 partir de mat\u00e9riaux r\u00e9sistants, ce garde-boue est durable et con\u00e7u pour r\u00e9sister aux conditions de conduite les plus exigeantes.<\/p>\n<p>&nbsp;<\/p>\n","protected":false},"featured_media":83157,"comment_status":"closed","ping_status":"closed","template":"","meta":{"om_disable_all_campaigns":false,"_mi_skip_tracking":false,"_monsterinsights_sitenote_active":false,"_monsterinsights_sitenote_note":"","_monsterinsights_sitenote_category":0},"product_cat":[644,18,51],"product_tag":[],"aioseo_notices":[],"_links":{"self":[{"href":"https:\/\/dualtron-store.com\/index.php\/wp-json\/wp\/v2\/product\/83156"}],"collection":[{"href":"https:\/\/dualtron-store.com\/index.php\/wp-json\/wp\/v2\/product"}],"about":[{"href":"https:\/\/dualtron-store.com\/index.php\/wp-json\/wp\/v2\/types\/product"}],"replies":[{"embeddable":true,"href":"https:\/\/dualtron-store.com\/index.php\/wp-json\/wp\/v2\/comments?post=83156"}],"wp:featuredmedia":[{"embeddable":true,"href":"https:\/\/dualtron-store.com\/index.php\/wp-json\/wp\/v2\/media\/83157"}],"wp:attachment":[{"href":"https:\/\/dualtron-store.com\/index.php\/wp-json\/wp\/v2\/media?parent=83156"}],"wp:term":[{"taxonomy":"product_cat","embeddable":true,"href":"https:\/\/dualtron-store.com\/index.php\/wp-json\/wp\/v2\/product_cat?post=83156"},{"taxonomy":"product_tag","embeddable":true,"href":"https:\/\/dualtron-store.com\/index.php\/wp-json\/wp\/v2\/product_tag?post=83156"}],"curies":[{"name":"wp","href":"https:\/\/api.w.org\/{rel}","templated":true}]}}