{"id":83110,"date":"2024-10-12T14:11:02","date_gmt":"2024-10-12T12:11:02","guid":{"rendered":"https:\/\/dualtron-store.com\/?post_type=product&#038;p=83110"},"modified":"2026-03-26T17:51:04","modified_gmt":"2026-03-26T16:51:04","slug":"cable-de-frein-dualtron-dolphin","status":"publish","type":"product","link":"https:\/\/dualtron-store.com\/index.php\/produit\/cable-de-frein-dualtron-dolphin\/","title":{"rendered":"CABLE DE FREIN DUALTRON DOLPHIN"},"content":{"rendered":"","protected":false},"excerpt":{"rendered":"<p>Le <strong>c\u00e2ble de frein Dualtron Dolphin<\/strong> est con\u00e7u sp\u00e9cifiquement pour le mod\u00e8le de trottinette \u00e9lectrique Dualtron Dolphin. Ce c\u00e2ble assure une transmission efficace de la force de <strong>freinage<\/strong> pour une conduite s\u00e9curis\u00e9e et r\u00e9active. Fabriqu\u00e9 avec des mat\u00e9riaux <strong>robustes<\/strong>, il offre une grande<strong> durabilit\u00e9<\/strong> et une installation simple pour remplacer ou am\u00e9liorer votre syst\u00e8me de freinage.<\/p>\n","protected":false},"featured_media":83111,"comment_status":"closed","ping_status":"closed","template":"","meta":{"om_disable_all_campaigns":false,"_mi_skip_tracking":false,"_monsterinsights_sitenote_active":false,"_monsterinsights_sitenote_note":"","_monsterinsights_sitenote_category":0},"product_cat":[644,18,51],"product_tag":[],"aioseo_notices":[],"_links":{"self":[{"href":"https:\/\/dualtron-store.com\/index.php\/wp-json\/wp\/v2\/product\/83110"}],"collection":[{"href":"https:\/\/dualtron-store.com\/index.php\/wp-json\/wp\/v2\/product"}],"about":[{"href":"https:\/\/dualtron-store.com\/index.php\/wp-json\/wp\/v2\/types\/product"}],"replies":[{"embeddable":true,"href":"https:\/\/dualtron-store.com\/index.php\/wp-json\/wp\/v2\/comments?post=83110"}],"wp:featuredmedia":[{"embeddable":true,"href":"https:\/\/dualtron-store.com\/index.php\/wp-json\/wp\/v2\/media\/83111"}],"wp:attachment":[{"href":"https:\/\/dualtron-store.com\/index.php\/wp-json\/wp\/v2\/media?parent=83110"}],"wp:term":[{"taxonomy":"product_cat","embeddable":true,"href":"https:\/\/dualtron-store.com\/index.php\/wp-json\/wp\/v2\/product_cat?post=83110"},{"taxonomy":"product_tag","embeddable":true,"href":"https:\/\/dualtron-store.com\/index.php\/wp-json\/wp\/v2\/product_tag?post=83110"}],"curies":[{"name":"wp","href":"https:\/\/api.w.org\/{rel}","templated":true}]}}