{"id":82187,"date":"2024-09-17T20:21:45","date_gmt":"2024-09-17T18:21:45","guid":{"rendered":"https:\/\/dualtron-store.com\/?post_type=product&#038;p=82187"},"modified":"2024-09-17T20:24:04","modified_gmt":"2024-09-17T18:24:04","slug":"dualtron-forever-freins-hydrauliques-et-phare-double-fin-du-paiement","status":"publish","type":"product","link":"https:\/\/dualtron-store.com\/index.php\/produit\/dualtron-forever-freins-hydrauliques-et-phare-double-fin-du-paiement\/","title":{"rendered":"Dualtron Forever &#8211; freins hydrauliques et phare double &#8211; fin du paiement"},"content":{"rendered":"<h2><strong>Dualtron FOREVER : La Libert\u00e9 \u00c9lectrique Red\u00e9finie<\/strong><\/h2>\n<p>La <strong>Dualtron FOREVER<\/strong> est bien plus qu&#8217;une simple trottinette \u00e9lectrique. Ses atouts sont nombreux pour un rapport qualit\u00e9 prix exceptionnel. Dot\u00e9e d&#8217;une grosse batterie de 60V18.2AH, elle vous emm\u00e8nera sur une distance de 40 km. De plus, elle dispose d&#8217;un chassis solide et l\u00e9ger. De ce fait, elle pourra \u00eatre utilis\u00e9e en multi-modalit\u00e9.<\/p>\n<h2><strong>Performance Sans Compromis<\/strong><\/h2>\n<p>Gr\u00e2ce \u00e0 ses moteurs brushless puissants , la <strong>Dualtron FOREVER<\/strong> vous permettra d&#8217;atteindre 65 km\/h sur voie priv\u00e9e. \u00a0De plus, elle dispose du nouvel \u00e9cran EY3 connect\u00e9. Coupl\u00e9 \u00e0 l&#8217;application Dualtron de votre t\u00e9l\u00e9phone, cela apporte une ergonomie sans \u00e9gal. En outre, cet \u00e9cran dispose de la certification IPX5, ce qui vous permettra de rouler sous l\u00e9g\u00e8re pluie.<\/p>\n<h2><strong>Conception Robuste et Praticit\u00e9 Maximale<\/strong><\/h2>\n<p>Compacte et portable, la <strong>Dualtron FOREVER<\/strong> se plie facilement. Son poids plume de moins de 25 kg pour permettra de la porter avec aisance. De ce fait, vous pourrez l&#8217;emporter partout. Que vous vous d\u00e9placiez en ville ou que vous ridez les routes de campagne, elle s&#8217;adapte \u00e0 tous les environnements. Avec des dimensions de 1130mm x 250mm x 510mm, une fois repli\u00e9e, elle se glisse facilement dans les espaces restreints.<\/p>\n<h2><strong>Un rapport qualit\u00e9 prix incroyable<\/strong><\/h2>\n<p>Cette <strong>Dualtron FOREVER <\/strong>est propos\u00e9e \u00e0 un tarif tr\u00e8s abordable au regard de ses caract\u00e9ristiques. Une Dualtron double moteur en 60V avec freins \u00e0 disques pour un tarif l\u00e9g\u00e8rement sup\u00e9rieur \u00e0 1000 euros !!!!<\/p>\n<h2><strong>Option freins hydrauliques<\/strong><\/h2>\n<p>De s\u00e9rie , la <strong>Dualtron Forever<\/strong> dispose de freins disques \u00e0 cable. Pour les riders souhaitant disposer d&#8217;un meilleur freinage, Dualtron Store vous propose la <strong>Dualtron Forever<\/strong> avec l&#8217;option freins Hydrauliques.<\/p>\n<h2><strong>Option \u00e9clairage\u00a0puissant<\/strong><\/h2>\n<p>De base, la <strong>Dualtron Forever<\/strong> est \u00e9quip\u00e9 d&#8217;un phare install\u00e9 sur la colonne disposant d&#8217;une seule LED. Dualtron Store vous propose en option un phare plus puissant compos\u00e9 de 2 LED et disposant d&#8217;un support de fixation plus robuste.<\/p>\n<p>&nbsp;<\/p>\n<h2><strong>Videos de la Dualtron forever<\/strong><\/h2>\n<p><iframe loading=\"lazy\" title=\"Video Test Dualtron Forever - trottinette \u00e9lectrique\" width=\"1140\" height=\"641\" src=\"https:\/\/www.youtube.com\/embed\/V0LSAvnk_vg?feature=oembed\" frameborder=\"0\" allow=\"accelerometer; autoplay; clipboard-write; encrypted-media; gyroscope; picture-in-picture; web-share\" referrerpolicy=\"strict-origin-when-cross-origin\" allowfullscreen><\/iframe><\/p>\n<p><iframe loading=\"lazy\" title=\"CUSTOM DUALTRON FOREVER   TROTTINETTE ELECTRIQUE\" width=\"1140\" height=\"641\" src=\"https:\/\/www.youtube.com\/embed\/ZzKPBQrtLwY?feature=oembed\" frameborder=\"0\" allow=\"accelerometer; autoplay; clipboard-write; encrypted-media; gyroscope; picture-in-picture; web-share\" referrerpolicy=\"strict-origin-when-cross-origin\" allowfullscreen><\/iframe><\/p>\n<p><iframe loading=\"lazy\" title=\"DUALTRON FOREVER NEW EXCLUSIVITY !\" width=\"1140\" height=\"641\" src=\"https:\/\/www.youtube.com\/embed\/OAtb4-JSvsw?feature=oembed\" frameborder=\"0\" allow=\"accelerometer; autoplay; clipboard-write; encrypted-media; gyroscope; picture-in-picture; web-share\" referrerpolicy=\"strict-origin-when-cross-origin\" allowfullscreen><\/iframe><\/p>\n<p><iframe loading=\"lazy\" title=\"Dualtron Forever version Dualtron Store \u00ae - boutique officielle trottinette \u00e9lectrique DUALTRON\" width=\"1140\" height=\"641\" src=\"https:\/\/www.youtube.com\/embed\/NJ_nZtJTSkM?feature=oembed\" frameborder=\"0\" allow=\"accelerometer; autoplay; clipboard-write; encrypted-media; gyroscope; picture-in-picture; web-share\" referrerpolicy=\"strict-origin-when-cross-origin\" allowfullscreen><\/iframe><\/p>\n<p>&nbsp;<\/p>\n<p>&nbsp;<\/p>\n<p><iframe loading=\"lazy\" title=\"DUALTRON FOREVER - NOUVELLE TROTTINETTE \u00c9LECTRIQUE \u00c0 MOINS DE 1300\u20ac !\" width=\"1140\" height=\"641\" src=\"https:\/\/www.youtube.com\/embed\/s3762aQOQ0Y?feature=oembed\" frameborder=\"0\" allow=\"accelerometer; autoplay; clipboard-write; encrypted-media; gyroscope; picture-in-picture; web-share\" referrerpolicy=\"strict-origin-when-cross-origin\" allowfullscreen><\/iframe><\/p>\n<h2><strong>Photo de la Dualtron FOREVER :<\/strong><\/h2>\n<p><a href=\"https:\/\/dualtron-store.com\/wp-content\/uploads\/2024\/03\/DT-Forever-3-scaled-e1710496332537.jpeg\"><img loading=\"lazy\" class=\"alignnone size-medium wp-image-73767\" src=\"https:\/\/dualtron-store.com\/wp-content\/uploads\/2024\/03\/DT-Forever-3-scaled-e1710496309131-300x300.jpeg\" alt=\"\" width=\"300\" height=\"300\" \/><\/a><\/p>\n<p><a href=\"https:\/\/dualtron-store.com\/wp-content\/uploads\/2024\/03\/DT-Forever-5-scaled-e1710496436330.jpeg\"><img loading=\"lazy\" class=\"alignnone size-medium wp-image-73765\" src=\"https:\/\/dualtron-store.com\/wp-content\/uploads\/2024\/03\/DT-Forever-5-scaled-e1710496388591-300x300.jpeg\" alt=\"\" width=\"300\" height=\"300\" \/><\/a><\/p>\n<p><a href=\"https:\/\/dualtron-store.com\/wp-content\/uploads\/2024\/03\/DT-Forever-4-1-scaled.jpeg\"><img loading=\"lazy\" class=\"alignnone size-medium wp-image-73766\" src=\"https:\/\/dualtron-store.com\/wp-content\/uploads\/2024\/03\/DT-Forever-4-1-300x232.jpeg\" alt=\"\" width=\"300\" height=\"232\" \/><\/a><\/p>\n<p>&nbsp;<\/p>\n<h2><strong>Pourquoi acheter la Dualtron FOREVER chez DUALTRON Store ?<\/strong><\/h2>\n<p><strong>DUALTRON Store, boutique\u00a0officielle de la marque,<\/strong>\u00a0dispose \u00e0 son catalogue l&#8217;ensemble des trottinettes \u00e9lectriques du Fabricant Minimotors ( Dualtron, Futecher et Speedway) et\u00a0vous offre un service <strong>PREMIUM<\/strong> .<\/p>\n<p>Avant remise au client ou exp\u00e9dition, La <strong>Dualtron Forever<\/strong>\u00a0passera par l&#8217;atelier et\u00a0sera contr\u00f4l\u00e9e et r\u00e9gl\u00e9e suivant vos attentes (bridage ou pas, r\u00e9glage du niveau de puissance, montage d&#8217;accessoires, installation d&#8217;accessoires de customisation, &#8230;).<\/p>\n<p>Par ailleurs, la <strong>Dualtron Forever\u00a0<\/strong>vendue par <strong>Dualtron Store<\/strong> est \u00e9quip\u00e9e de s\u00e9rie d&#8217;un collier double renforc\u00e9. Nous vous proposons \u00e9galement de l&#8217;\u00e9quiper en option de freins hydrauliques zoom pour un meilleur freinage et un entretien r\u00e9duit.<\/p>\n<p>Vous pouvez nous joindre au 07 61 87 64 04 ou au 06 95 90 31 91 afin de vous apporter plus de renseignement sur cette <strong>Dualtron Forever.<\/strong><\/p>\n<p>&nbsp;<\/p>\n","protected":false},"excerpt":{"rendered":"<p><img loading=\"lazy\" class=\"alignnone wp-image-614\" src=\"https:\/\/dualtron-store.com\/wp-content\/uploads\/2018\/06\/dulatron.png\" alt=\"\" width=\"246\" height=\"52\" \/><\/p>\n<p><strong>La dualtron Forever<\/strong> est une nouveaut\u00e9 MiniMotors bas\u00e9e sur un chassis l\u00e9ger et robuste. Equip\u00e9e de pneus en 10 pouces et de 2 moteurs puissants, cette nouvelle <strong>Dualtron Forever<\/strong> est sans aucun doute un des meilleurs compromis prix \/ puissance \/ l\u00e9g\u00e8ret\u00e9 du march\u00e9.<\/p>\n<p><span style=\"color: #333399;\"><strong>Pour vous assurer une s\u00e9curit\u00e9 optimale, Dualtron Store vous installe de s\u00e9rie un collier double renforc\u00e9 sur la colonne de direction .\u00a0<\/strong><\/span><\/p>\n<p><span style=\"color: #800080;\"><b>Le prix de 100 euros correspond \u00e0 la finalisation du paiement de la forever avec freins hydrauliques et phare double.<\/b><\/span><\/p>\n","protected":false},"featured_media":73767,"comment_status":"open","ping_status":"closed","template":"","meta":{"om_disable_all_campaigns":false,"_mi_skip_tracking":false,"_monsterinsights_sitenote_active":false,"_monsterinsights_sitenote_note":"","_monsterinsights_sitenote_category":0},"product_cat":[20,38],"product_tag":[],"aioseo_notices":[],"_links":{"self":[{"href":"https:\/\/dualtron-store.com\/index.php\/wp-json\/wp\/v2\/product\/82187"}],"collection":[{"href":"https:\/\/dualtron-store.com\/index.php\/wp-json\/wp\/v2\/product"}],"about":[{"href":"https:\/\/dualtron-store.com\/index.php\/wp-json\/wp\/v2\/types\/product"}],"replies":[{"embeddable":true,"href":"https:\/\/dualtron-store.com\/index.php\/wp-json\/wp\/v2\/comments?post=82187"}],"wp:featuredmedia":[{"embeddable":true,"href":"https:\/\/dualtron-store.com\/index.php\/wp-json\/wp\/v2\/media\/73767"}],"wp:attachment":[{"href":"https:\/\/dualtron-store.com\/index.php\/wp-json\/wp\/v2\/media?parent=82187"}],"wp:term":[{"taxonomy":"product_cat","embeddable":true,"href":"https:\/\/dualtron-store.com\/index.php\/wp-json\/wp\/v2\/product_cat?post=82187"},{"taxonomy":"product_tag","embeddable":true,"href":"https:\/\/dualtron-store.com\/index.php\/wp-json\/wp\/v2\/product_tag?post=82187"}],"curies":[{"name":"wp","href":"https:\/\/api.w.org\/{rel}","templated":true}]}}