{"id":81784,"date":"2024-09-09T16:52:49","date_gmt":"2024-09-09T14:52:49","guid":{"rendered":"https:\/\/dualtron-store.com\/?post_type=product&#038;p=81784"},"modified":"2024-09-10T00:52:26","modified_gmt":"2024-09-09T22:52:26","slug":"dualtron-victor-luxury-plus-28-ah-ey4-chargeur-rapide-antivol-support-tel","status":"publish","type":"product","link":"https:\/\/dualtron-store.com\/index.php\/produit\/dualtron-victor-luxury-plus-28-ah-ey4-chargeur-rapide-antivol-support-tel\/","title":{"rendered":"Dualtron Victor Luxury PLUS 28 ah + EY4 + Chargeur rapide+ antivol + support tel"},"content":{"rendered":"<h2 style=\"text-align: left;\"><strong>Dualtron Victor Luxury + : Une version allong\u00e9e pour plus de confort<\/strong><\/h2>\n<p><b>La\u00a0<\/b><strong>Dualtron Victor Luxury +\u00a0<\/strong>est une \u00e9volution de la Dualtron Victor classique et de la Victor Luxury . Elle dispose d&#8217;un deck et d&#8217;une colonne rallong\u00e9e de 60 mm . Cela la rend plus confortable surtout pour les utilisateurs mesurant plus de 1m85. Cette rallonge permet \u00e9galement de loger une batterie de plus grande capacit\u00e9 : 35 ah. Cette grande capacit\u00e9 est une premi\u00e8re dans la gamme des trottinettes 10 pouces. Cela vous permettra de rouler autant de km, voire plus, qu&#8217;une Dualtron 11 pouces ( Achilleus ou Thunder).<\/p>\n<h2><strong>Comparaison Dualtron Victor Luxury VS Dualtron Victor Luxury +<\/strong><\/h2>\n<p><a href=\"https:\/\/dualtron-store.com\/wp-content\/uploads\/2022\/08\/comparaison-2.png\"><img loading=\"lazy\" class=\"alignnone wp-image-50061\" src=\"https:\/\/dualtron-store.com\/wp-content\/uploads\/2022\/08\/comparaison-2-282x300.png\" alt=\"\" width=\"321\" height=\"341\" \/><\/a>\u00a0 \u00a0 <a href=\"https:\/\/dualtron-store.com\/wp-content\/uploads\/2022\/08\/comparaison-3-1.png\"><img loading=\"lazy\" class=\"alignnone size-medium wp-image-50063\" src=\"https:\/\/dualtron-store.com\/wp-content\/uploads\/2022\/08\/comparaison-3-1-293x300.png\" alt=\"\" width=\"293\" height=\"300\" \/><\/a><\/p>\n<p>&nbsp;<\/p>\n<p>&nbsp;<\/p>\n<p><a href=\"https:\/\/dualtron-store.com\/wp-content\/uploads\/2022\/08\/comparaison-1.png\"><img loading=\"lazy\" class=\"alignnone wp-image-50065\" src=\"https:\/\/dualtron-store.com\/wp-content\/uploads\/2022\/08\/comparaison-1-300x275.png\" alt=\"\" width=\"358\" height=\"328\" \/><\/a><\/p>\n<p>&nbsp;<\/p>\n<h2><\/h2>\n<h2><strong>Les caract\u00e9ristiques techniques de la Dualtron Victor Luxury +<\/strong><\/h2>\n<p>Cette nouvelle\u00a0<strong>Dualtron Victor\u00a0Luxury<\/strong> est plus longue et plus grande de 6 cm que ses petites soeurs Dualtron Victor et Victor Luxury.<\/p>\n<p>Elle est propuls\u00e9e par 2 moteurs Brushless de 10 pouces et d\u00e9velopp\u00e9 une puissance de 4300 W.<\/p>\n<p>Niveau freinage, elle dispose de 2 freins \u00e0 disques de 140mm hydrauliques de marque zoom et de freins \u00e9lectriques \u00e0 r\u00e9cup\u00e9ration d&#8217;\u00e9nergie ( technologie KERS).<\/p>\n<p>Gr\u00e2ce \u00e0 ses suspensions efficaces et ses pneus en 10 pouces x 3 , la<\/p>\n<p>Dualtron Victor Luxury + vous apportera un bon confort et une bonne adh\u00e9rence quelque soit la chauss\u00e9e.<\/p>\n<p>Equip\u00e9e d&#8217;une grosse batterie pouvant aller jusque 35 amp\u00e8res, vous pourrez parcourir de tr\u00e8s longues distances.<\/p>\n<p><iframe loading=\"lazy\" title=\"Choisir sa Dualtron Victor 2024 - trottinette \u00e9lectrique\" width=\"1140\" height=\"641\" src=\"https:\/\/www.youtube.com\/embed\/YL8R6ivKkzM?feature=oembed\" frameborder=\"0\" allow=\"accelerometer; autoplay; clipboard-write; encrypted-media; gyroscope; picture-in-picture; web-share\" referrerpolicy=\"strict-origin-when-cross-origin\" allowfullscreen><\/iframe><\/p>\n<p><a href=\"https:\/\/dualtron-store.com\/wp-content\/uploads\/2022\/08\/fonctions.png\"><img loading=\"lazy\" class=\"alignnone wp-image-50068\" src=\"https:\/\/dualtron-store.com\/wp-content\/uploads\/2022\/08\/fonctions-957x1024.png\" alt=\"\" width=\"464\" height=\"497\" srcset=\"https:\/\/dualtron-store.com\/wp-content\/uploads\/2022\/08\/fonctions-400x428.png 400w, https:\/\/dualtron-store.com\/wp-content\/uploads\/2022\/08\/fonctions-367x393.png 367w\" sizes=\"(max-width: 464px) 100vw, 464px\" \/><\/a><\/p>\n<h2><strong>Plus puissante que ses petites soeurs<\/strong><\/h2>\n<p>Cette Dualtron Victor Luxury + est plus puissante que les autres Dualtron Victor : elle offre une puissance de 4300 W \u00e0 la place de 4000 W. Cela lui permet \u00e9galement d&#8217;am\u00e9liorer sa vitesse de pointe. 5 km\/h de plus pour atteindre voire d\u00e9passer les 80 km\/h sur terrain priv\u00e9 !!!<\/p>\n<p>&nbsp;<\/p>\n<h2><strong>Switch Mono \/ bimoteurs<\/strong><\/h2>\n<p>De s\u00e9rie, la Dualtron Victor Luxury + dispose de la fonction mono\/bimoteurs qui permet de commuter par un simple appui sur le bouton destin\u00e9 \u00e0 cet effet d&#8217;un moteur \u00e0 2 moteurs : cela permet de mieux g\u00e9rer la puissance de la machine, surtout au d\u00e9marrage.<\/p>\n<p>&nbsp;<\/p>\n<h2><strong>D\u00e9couvrez la victor luxury + en video :\u00a0<\/strong><\/h2>\n<p><iframe loading=\"lazy\" title=\"Dualtron Victor Luxury Plus - 4300 W !!!! dualtron 10 pouces surpuissante - DUALTRON Store \u00ae FRANCE\" width=\"1140\" height=\"641\" src=\"https:\/\/www.youtube.com\/embed\/dNeYdJgKnvw?start=397&#038;feature=oembed\" frameborder=\"0\" allow=\"accelerometer; autoplay; clipboard-write; encrypted-media; gyroscope; picture-in-picture; web-share\" referrerpolicy=\"strict-origin-when-cross-origin\" allowfullscreen><\/iframe><\/p>\n<p><iframe loading=\"lazy\" title=\"DUALTRON VICTOR LUXURY PLUS TEST \ud83d\udd25 !\" width=\"1140\" height=\"641\" src=\"https:\/\/www.youtube.com\/embed\/FluNXRskFrM?start=87&#038;feature=oembed\" frameborder=\"0\" allow=\"accelerometer; autoplay; clipboard-write; encrypted-media; gyroscope; picture-in-picture; web-share\" referrerpolicy=\"strict-origin-when-cross-origin\" allowfullscreen><\/iframe><\/p>\n<p>&nbsp;<\/p>\n<h2><strong>La fiche technique de la Dualtron Victor Luxury Plus<\/strong><\/h2>\n<p><strong>Batterie\u00a0:<\/strong>\u00a0 28 ah (distance d\u00e9passant les 50 km )<\/p>\n<p><strong>Puissance \u00a0:<\/strong> 4300 W max<\/p>\n<p><strong>Freinage\u00a0:<\/strong> \u00a0Freins disques 140 hydraulique Zoom avant et arri\u00e8re + freins \u00e9lectriques KERS<\/p>\n<p><strong>Vitesse max\u00a0:<\/strong> 25 km\/h sur voie publique ou 80 km\/ sur terrain priv\u00e9<\/p>\n<p><strong>Pneus :<\/strong> 10 pouces x 3 pouces \u2013 pneus \u00e0 chambre \u00e0 air<\/p>\n<p><strong>Suspensions\u00a0:<\/strong>\u00a0amortisseurs \u00e0 cartouche de suspension avant et arri\u00e8re<\/p>\n<p><strong>Dispositif d\u2019\u00e9clairage :<\/strong> Feu led avant et arri\u00e8re, colonne lumineuse, bras lumineux, cot\u00e9s lat\u00e9raux du plateau lumineux, large feu arri\u00e8re au niveau du cale pied, clignotants , phare avant puissant.<\/p>\n<p>&nbsp;<\/p>\n<p>&nbsp;<\/p>\n<p><a href=\"https:\/\/dualtron-store.com\/wp-content\/uploads\/2022\/08\/carateristiques-1.png\"><img loading=\"lazy\" class=\"alignnone wp-image-50067\" src=\"https:\/\/dualtron-store.com\/wp-content\/uploads\/2022\/08\/carateristiques-1-848x1024.png\" alt=\"\" width=\"703\" height=\"849\" srcset=\"https:\/\/dualtron-store.com\/wp-content\/uploads\/2022\/08\/carateristiques-1-640x773.png 640w, https:\/\/dualtron-store.com\/wp-content\/uploads\/2022\/08\/carateristiques-1-400x483.png 400w, https:\/\/dualtron-store.com\/wp-content\/uploads\/2022\/08\/carateristiques-1-367x443.png 367w, https:\/\/dualtron-store.com\/wp-content\/uploads\/2022\/08\/carateristiques-1-600x724.png 600w\" sizes=\"(max-width: 703px) 100vw, 703px\" \/><\/a><\/p>\n<h2><strong>Pourquoi acheter la Dualtron Victor Luxury + chez DUALTRON Store ?<\/strong><\/h2>\n<p><strong>DUALTRON Store\u00a0\u00ae\u00a0, boutique\u00a0officielle de la marque,<\/strong>\u00a0dispose \u00e0 son catalogue de l&#8217;ensemble des trottinettes \u00e9lectriques du Fabricant Minimotors ( Dualtron, Futecher, Speedway, Blade, Rovoron) et\u00a0vous offre un service PREMIUM .<\/p>\n<p>Nous nous attachons \u00e0 pr\u00e9parer chaque trottinette avant remise au client. Avant exp\u00e9dition, la <strong>Dualtron Victor Luxury +\u00a0<\/strong>sera v\u00e9rifi\u00e9e et r\u00e9gl\u00e9e en atelier suivant vos attentes (bridage ou pas, r\u00e9glage du niveau de puissance, montage d&#8217;accessoires, mise en place de pi\u00e8ces de customisation, &#8230;).<\/p>\n<p><strong>Nous sommes \u00e0 votre disposition au 07 61 87 64 04 ou au 06 95 90 31 91 pour vous aider dans votre choix et\/ou r\u00e9pondre \u00e0 vos questions.<\/strong><\/p>\n","protected":false},"excerpt":{"rendered":"<p><img loading=\"lazy\" class=\"alignnone wp-image-614\" src=\"https:\/\/dualtron-store.com\/wp-content\/uploads\/2018\/06\/dulatron.png\" alt=\"\" width=\"246\" height=\"52\" \/><\/p>\n<p><b>Fort de son succ\u00e8s, Minimotors a l&#8217;excellente id\u00e9e de faire encore \u00e9voluer la dualtron Victor. Cette version Luxury + dispose d&#8217;un plateau et d&#8217;une Colonne allong\u00e9e de 6 cm, d&#8217;une batterie de 28 ah, de clignotants, d&#8217;un phare, d&#8217;un Klaxon et d&#8217;une puissance l\u00e9g\u00e8rement am\u00e9lior\u00e9e.<\/b><\/p>\n<p><strong><span style=\"color: #333399;\">Possibilit\u00e9 de paiement en 3X ou 4X par Carte Bancaire sans frais et sans justificatif.<\/span><\/strong><\/p>\n<p><strong><span style=\"color: #ff2600;\">Ce lien personnalis\u00e9 correspond \u00e0 la Dualtron Victor luxury plus 28 ah \u00e9cran EY4 avec chargeur rapide, antivol masterlock 9 maillons et support t\u00e9l\u00e9phone pour un retrait en boutique Paris. <\/span><\/strong><\/p>\n<p><strong><span style=\"color: #ff2600;\"><span style=\"caret-color: #ff2600;\">Tarif total de 2100 euros.<\/span><\/span><\/strong><\/p>\n<p>&nbsp;<\/p>\n","protected":false},"featured_media":72633,"comment_status":"open","ping_status":"closed","template":"","meta":{"om_disable_all_campaigns":false,"_mi_skip_tracking":false,"_monsterinsights_sitenote_active":false,"_monsterinsights_sitenote_note":"","_monsterinsights_sitenote_category":0},"product_cat":[20,38],"product_tag":[],"aioseo_notices":[],"_links":{"self":[{"href":"https:\/\/dualtron-store.com\/index.php\/wp-json\/wp\/v2\/product\/81784"}],"collection":[{"href":"https:\/\/dualtron-store.com\/index.php\/wp-json\/wp\/v2\/product"}],"about":[{"href":"https:\/\/dualtron-store.com\/index.php\/wp-json\/wp\/v2\/types\/product"}],"replies":[{"embeddable":true,"href":"https:\/\/dualtron-store.com\/index.php\/wp-json\/wp\/v2\/comments?post=81784"}],"wp:featuredmedia":[{"embeddable":true,"href":"https:\/\/dualtron-store.com\/index.php\/wp-json\/wp\/v2\/media\/72633"}],"wp:attachment":[{"href":"https:\/\/dualtron-store.com\/index.php\/wp-json\/wp\/v2\/media?parent=81784"}],"wp:term":[{"taxonomy":"product_cat","embeddable":true,"href":"https:\/\/dualtron-store.com\/index.php\/wp-json\/wp\/v2\/product_cat?post=81784"},{"taxonomy":"product_tag","embeddable":true,"href":"https:\/\/dualtron-store.com\/index.php\/wp-json\/wp\/v2\/product_tag?post=81784"}],"curies":[{"name":"wp","href":"https:\/\/api.w.org\/{rel}","templated":true}]}}