{"id":81093,"date":"2024-08-24T12:41:52","date_gmt":"2024-08-24T10:41:52","guid":{"rendered":"https:\/\/dualtron-store.com\/?post_type=product&#038;p=81093"},"modified":"2026-01-31T21:24:43","modified_gmt":"2026-01-31T20:24:43","slug":"interrupteur-allumage-dualtron-togo-limited","status":"publish","type":"product","link":"https:\/\/dualtron-store.com\/index.php\/produit\/interrupteur-allumage-dualtron-togo-limited\/","title":{"rendered":"Interrupteur allumage Dualtron TOGO Limited"},"content":{"rendered":"","protected":false},"excerpt":{"rendered":"<p>L&#8217;interrupteur d&#8217;allumage Dualtron TOGO Limited est un dispositif de commande con\u00e7u pour les trottinettes \u00e9lectriques Dualtron. Il permet d&#8217;allumer et d&#8217;\u00e9teindre la trottinette de mani\u00e8re simple et s\u00e9curis\u00e9e, tout en offrant une durabilit\u00e9 sup\u00e9rieure. Avec un design ergonomique, il s&#8217;int\u00e8gre parfaitement \u00e0 l&#8217;esth\u00e9tique de votre trottinette tout en garantissant une utilisation intuitive et fiable.<\/p>\n","protected":false},"featured_media":81094,"comment_status":"closed","ping_status":"closed","template":"","meta":{"om_disable_all_campaigns":false,"_mi_skip_tracking":false,"_monsterinsights_sitenote_active":false,"_monsterinsights_sitenote_note":"","_monsterinsights_sitenote_category":0},"product_cat":[615,18,51],"product_tag":[],"aioseo_notices":[],"_links":{"self":[{"href":"https:\/\/dualtron-store.com\/index.php\/wp-json\/wp\/v2\/product\/81093"}],"collection":[{"href":"https:\/\/dualtron-store.com\/index.php\/wp-json\/wp\/v2\/product"}],"about":[{"href":"https:\/\/dualtron-store.com\/index.php\/wp-json\/wp\/v2\/types\/product"}],"replies":[{"embeddable":true,"href":"https:\/\/dualtron-store.com\/index.php\/wp-json\/wp\/v2\/comments?post=81093"}],"wp:featuredmedia":[{"embeddable":true,"href":"https:\/\/dualtron-store.com\/index.php\/wp-json\/wp\/v2\/media\/81094"}],"wp:attachment":[{"href":"https:\/\/dualtron-store.com\/index.php\/wp-json\/wp\/v2\/media?parent=81093"}],"wp:term":[{"taxonomy":"product_cat","embeddable":true,"href":"https:\/\/dualtron-store.com\/index.php\/wp-json\/wp\/v2\/product_cat?post=81093"},{"taxonomy":"product_tag","embeddable":true,"href":"https:\/\/dualtron-store.com\/index.php\/wp-json\/wp\/v2\/product_tag?post=81093"}],"curies":[{"name":"wp","href":"https:\/\/api.w.org\/{rel}","templated":true}]}}