{"id":81090,"date":"2024-08-24T12:39:58","date_gmt":"2024-08-24T10:39:58","guid":{"rendered":"https:\/\/dualtron-store.com\/?post_type=product&#038;p=81090"},"modified":"2025-11-18T17:37:26","modified_gmt":"2025-11-18T16:37:26","slug":"controleur-dualtron-togo-limited-60v","status":"publish","type":"product","link":"https:\/\/dualtron-store.com\/index.php\/produit\/controleur-dualtron-togo-limited-60v\/","title":{"rendered":"Controleur Dualtron TOGO Limited 60V"},"content":{"rendered":"","protected":false},"excerpt":{"rendered":"<p>Le contr\u00f4leur Dualtron TOGO Limited 60V est un composant essentiel pour les trottinettes \u00e9lectriques Dualtron, offrant une gestion optimale de la puissance et des performances. Con\u00e7u pour fonctionner avec une tension de 60V, il garantit une acc\u00e9l\u00e9ration fluide, une conduite stable et une r\u00e9activit\u00e9 am\u00e9lior\u00e9e. Robuste et fiable, ce contr\u00f4leur assure une compatibilit\u00e9 parfaite avec les mod\u00e8les Dualtron TOGO Limited, maximisant ainsi l&#8217;efficacit\u00e9 de votre trottinette.<\/p>\n","protected":false},"featured_media":81091,"comment_status":"closed","ping_status":"closed","template":"","meta":{"om_disable_all_campaigns":false,"_mi_skip_tracking":false,"_monsterinsights_sitenote_active":false,"_monsterinsights_sitenote_note":"","_monsterinsights_sitenote_category":0},"product_cat":[615,18,51],"product_tag":[],"aioseo_notices":[],"_links":{"self":[{"href":"https:\/\/dualtron-store.com\/index.php\/wp-json\/wp\/v2\/product\/81090"}],"collection":[{"href":"https:\/\/dualtron-store.com\/index.php\/wp-json\/wp\/v2\/product"}],"about":[{"href":"https:\/\/dualtron-store.com\/index.php\/wp-json\/wp\/v2\/types\/product"}],"replies":[{"embeddable":true,"href":"https:\/\/dualtron-store.com\/index.php\/wp-json\/wp\/v2\/comments?post=81090"}],"wp:featuredmedia":[{"embeddable":true,"href":"https:\/\/dualtron-store.com\/index.php\/wp-json\/wp\/v2\/media\/81091"}],"wp:attachment":[{"href":"https:\/\/dualtron-store.com\/index.php\/wp-json\/wp\/v2\/media?parent=81090"}],"wp:term":[{"taxonomy":"product_cat","embeddable":true,"href":"https:\/\/dualtron-store.com\/index.php\/wp-json\/wp\/v2\/product_cat?post=81090"},{"taxonomy":"product_tag","embeddable":true,"href":"https:\/\/dualtron-store.com\/index.php\/wp-json\/wp\/v2\/product_tag?post=81090"}],"curies":[{"name":"wp","href":"https:\/\/api.w.org\/{rel}","templated":true}]}}