{"id":81087,"date":"2024-08-24T12:34:19","date_gmt":"2024-08-24T10:34:19","guid":{"rendered":"https:\/\/dualtron-store.com\/?post_type=product&#038;p=81087"},"modified":"2026-04-14T18:22:39","modified_gmt":"2026-04-14T16:22:39","slug":"disque-de-frein-dualtron-togo-limited","status":"publish","type":"product","link":"https:\/\/dualtron-store.com\/index.php\/produit\/disque-de-frein-dualtron-togo-limited\/","title":{"rendered":"Disque de frein Dualtron TOGO Limited"},"content":{"rendered":"","protected":false},"excerpt":{"rendered":"<p>Le disque de frein Dualtron TOGO Limited est con\u00e7u pour offrir une puissance de freinage exceptionnelle aux trottinettes \u00e9lectriques Dualtron. Fabriqu\u00e9 \u00e0 partir de mat\u00e9riaux de haute qualit\u00e9, il assure une performance durable et une dissipation optimale de la chaleur, garantissant des arr\u00eats s\u00fbrs et pr\u00e9cis. Ce disque de frein est sp\u00e9cialement adapt\u00e9 pour les mod\u00e8les Dualtron TOGO Limited, offrant ainsi une s\u00e9curit\u00e9 et une fiabilit\u00e9 accrues lors de vos d\u00e9placements.<\/p>\n","protected":false},"featured_media":81088,"comment_status":"closed","ping_status":"closed","template":"","meta":{"om_disable_all_campaigns":false,"_mi_skip_tracking":false,"_monsterinsights_sitenote_active":false,"_monsterinsights_sitenote_note":"","_monsterinsights_sitenote_category":0},"product_cat":[615,740,18,51],"product_tag":[],"aioseo_notices":[],"_links":{"self":[{"href":"https:\/\/dualtron-store.com\/index.php\/wp-json\/wp\/v2\/product\/81087"}],"collection":[{"href":"https:\/\/dualtron-store.com\/index.php\/wp-json\/wp\/v2\/product"}],"about":[{"href":"https:\/\/dualtron-store.com\/index.php\/wp-json\/wp\/v2\/types\/product"}],"replies":[{"embeddable":true,"href":"https:\/\/dualtron-store.com\/index.php\/wp-json\/wp\/v2\/comments?post=81087"}],"wp:featuredmedia":[{"embeddable":true,"href":"https:\/\/dualtron-store.com\/index.php\/wp-json\/wp\/v2\/media\/81088"}],"wp:attachment":[{"href":"https:\/\/dualtron-store.com\/index.php\/wp-json\/wp\/v2\/media?parent=81087"}],"wp:term":[{"taxonomy":"product_cat","embeddable":true,"href":"https:\/\/dualtron-store.com\/index.php\/wp-json\/wp\/v2\/product_cat?post=81087"},{"taxonomy":"product_tag","embeddable":true,"href":"https:\/\/dualtron-store.com\/index.php\/wp-json\/wp\/v2\/product_tag?post=81087"}],"curies":[{"name":"wp","href":"https:\/\/api.w.org\/{rel}","templated":true}]}}