{"id":81077,"date":"2024-08-24T12:26:11","date_gmt":"2024-08-24T10:26:11","guid":{"rendered":"https:\/\/dualtron-store.com\/?post_type=product&#038;p=81077"},"modified":"2026-03-01T23:26:01","modified_gmt":"2026-03-01T22:26:01","slug":"clignotant-avant-droit-dualtron-togo-limited","status":"publish","type":"product","link":"https:\/\/dualtron-store.com\/index.php\/produit\/clignotant-avant-droit-dualtron-togo-limited\/","title":{"rendered":"Clignotant avant Dualtron TOGO Limited"},"content":{"rendered":"","protected":false},"excerpt":{"rendered":"<p>Le clignotant avant Dualtron TOGO Limited est un accessoire de s\u00e9curit\u00e9 essentiel pour votre trottinette \u00e9lectrique. Con\u00e7u pour les mod\u00e8les Dualtron TOGO Limited, il assure une visibilit\u00e9 optimale lors de vos changements de direction, augmentant ainsi votre s\u00e9curit\u00e9 sur la route. Facile \u00e0 installer et dot\u00e9 d&#8217;une lumi\u00e8re LED brillante, ce clignotant avant est indispensable pour signaler clairement vos intentions aux autres usagers.<\/p>\n","protected":false},"featured_media":81078,"comment_status":"closed","ping_status":"closed","template":"","meta":{"om_disable_all_campaigns":false,"_mi_skip_tracking":false,"_monsterinsights_sitenote_active":false,"_monsterinsights_sitenote_note":"","_monsterinsights_sitenote_category":0},"product_cat":[615,18,51],"product_tag":[],"aioseo_notices":[],"_links":{"self":[{"href":"https:\/\/dualtron-store.com\/index.php\/wp-json\/wp\/v2\/product\/81077"}],"collection":[{"href":"https:\/\/dualtron-store.com\/index.php\/wp-json\/wp\/v2\/product"}],"about":[{"href":"https:\/\/dualtron-store.com\/index.php\/wp-json\/wp\/v2\/types\/product"}],"replies":[{"embeddable":true,"href":"https:\/\/dualtron-store.com\/index.php\/wp-json\/wp\/v2\/comments?post=81077"}],"wp:featuredmedia":[{"embeddable":true,"href":"https:\/\/dualtron-store.com\/index.php\/wp-json\/wp\/v2\/media\/81078"}],"wp:attachment":[{"href":"https:\/\/dualtron-store.com\/index.php\/wp-json\/wp\/v2\/media?parent=81077"}],"wp:term":[{"taxonomy":"product_cat","embeddable":true,"href":"https:\/\/dualtron-store.com\/index.php\/wp-json\/wp\/v2\/product_cat?post=81077"},{"taxonomy":"product_tag","embeddable":true,"href":"https:\/\/dualtron-store.com\/index.php\/wp-json\/wp\/v2\/product_tag?post=81077"}],"curies":[{"name":"wp","href":"https:\/\/api.w.org\/{rel}","templated":true}]}}