{"id":81071,"date":"2024-08-24T11:53:37","date_gmt":"2024-08-24T09:53:37","guid":{"rendered":"https:\/\/dualtron-store.com\/?post_type=product&#038;p=81071"},"modified":"2026-03-12T23:15:50","modified_gmt":"2026-03-12T22:15:50","slug":"guidon-dualtron-togo","status":"publish","type":"product","link":"https:\/\/dualtron-store.com\/index.php\/produit\/guidon-dualtron-togo\/","title":{"rendered":"Guidon Dualtron TOGO"},"content":{"rendered":"","protected":false},"excerpt":{"rendered":"<p>Le guidon Dualtron TOGO est con\u00e7u pour offrir un contr\u00f4le pr\u00e9cis et un confort optimal lors de la conduite de votre trottinette \u00e9lectrique. Robuste et ergonomique, il s&#8217;adapte parfaitement aux mod\u00e8les Dualtron TOGO, assurant une prise en main s\u00e9curis\u00e9e et une stabilit\u00e9 accrue. Ce guidon de haute qualit\u00e9 am\u00e9liore l&#8217;exp\u00e9rience de conduite, rendant chaque trajet plus agr\u00e9able et s\u00fbr.<\/p>\n","protected":false},"featured_media":81072,"comment_status":"closed","ping_status":"closed","template":"","meta":{"om_disable_all_campaigns":false,"_mi_skip_tracking":false,"_monsterinsights_sitenote_active":false,"_monsterinsights_sitenote_note":"","_monsterinsights_sitenote_category":0},"product_cat":[586,615,18,51],"product_tag":[],"aioseo_notices":[],"_links":{"self":[{"href":"https:\/\/dualtron-store.com\/index.php\/wp-json\/wp\/v2\/product\/81071"}],"collection":[{"href":"https:\/\/dualtron-store.com\/index.php\/wp-json\/wp\/v2\/product"}],"about":[{"href":"https:\/\/dualtron-store.com\/index.php\/wp-json\/wp\/v2\/types\/product"}],"replies":[{"embeddable":true,"href":"https:\/\/dualtron-store.com\/index.php\/wp-json\/wp\/v2\/comments?post=81071"}],"wp:featuredmedia":[{"embeddable":true,"href":"https:\/\/dualtron-store.com\/index.php\/wp-json\/wp\/v2\/media\/81072"}],"wp:attachment":[{"href":"https:\/\/dualtron-store.com\/index.php\/wp-json\/wp\/v2\/media?parent=81071"}],"wp:term":[{"taxonomy":"product_cat","embeddable":true,"href":"https:\/\/dualtron-store.com\/index.php\/wp-json\/wp\/v2\/product_cat?post=81071"},{"taxonomy":"product_tag","embeddable":true,"href":"https:\/\/dualtron-store.com\/index.php\/wp-json\/wp\/v2\/product_tag?post=81071"}],"curies":[{"name":"wp","href":"https:\/\/api.w.org\/{rel}","templated":true}]}}