{"id":81069,"date":"2024-08-24T11:49:18","date_gmt":"2024-08-24T09:49:18","guid":{"rendered":"https:\/\/dualtron-store.com\/?post_type=product&#038;p=81069"},"modified":"2024-08-26T11:23:49","modified_gmt":"2024-08-26T09:23:49","slug":"support-led-arriere-gauche-dualtron-togo","status":"publish","type":"product","link":"https:\/\/dualtron-store.com\/index.php\/produit\/support-led-arriere-gauche-dualtron-togo\/","title":{"rendered":"Support led arri\u00e8re gauche Dualtron Togo"},"content":{"rendered":"","protected":false},"excerpt":{"rendered":"<p>Le support LED arri\u00e8re gauche Dualtron TOGO est un composant essentiel pour am\u00e9liorer la visibilit\u00e9 de votre trottinette \u00e9lectrique. Con\u00e7u sp\u00e9cifiquement pour les mod\u00e8les Dualtron TOGO, ce support maintient solidement le feu arri\u00e8re gauche, assurant une installation stable et durable. Il contribue \u00e0 renforcer votre s\u00e9curit\u00e9 en signalant clairement votre pr\u00e9sence aux autres usagers, surtout dans des conditions de faible luminosit\u00e9.<\/p>\n","protected":false},"featured_media":81070,"comment_status":"closed","ping_status":"closed","template":"","meta":{"om_disable_all_campaigns":false,"_mi_skip_tracking":false,"_monsterinsights_sitenote_active":false,"_monsterinsights_sitenote_note":"","_monsterinsights_sitenote_category":0},"product_cat":[586,18,51],"product_tag":[],"aioseo_notices":[],"_links":{"self":[{"href":"https:\/\/dualtron-store.com\/index.php\/wp-json\/wp\/v2\/product\/81069"}],"collection":[{"href":"https:\/\/dualtron-store.com\/index.php\/wp-json\/wp\/v2\/product"}],"about":[{"href":"https:\/\/dualtron-store.com\/index.php\/wp-json\/wp\/v2\/types\/product"}],"replies":[{"embeddable":true,"href":"https:\/\/dualtron-store.com\/index.php\/wp-json\/wp\/v2\/comments?post=81069"}],"wp:featuredmedia":[{"embeddable":true,"href":"https:\/\/dualtron-store.com\/index.php\/wp-json\/wp\/v2\/media\/81070"}],"wp:attachment":[{"href":"https:\/\/dualtron-store.com\/index.php\/wp-json\/wp\/v2\/media?parent=81069"}],"wp:term":[{"taxonomy":"product_cat","embeddable":true,"href":"https:\/\/dualtron-store.com\/index.php\/wp-json\/wp\/v2\/product_cat?post=81069"},{"taxonomy":"product_tag","embeddable":true,"href":"https:\/\/dualtron-store.com\/index.php\/wp-json\/wp\/v2\/product_tag?post=81069"}],"curies":[{"name":"wp","href":"https:\/\/api.w.org\/{rel}","templated":true}]}}