{"id":81022,"date":"2024-08-22T22:50:44","date_gmt":"2024-08-22T20:50:44","guid":{"rendered":"https:\/\/dualtron-store.com\/?post_type=product&#038;p=81022"},"modified":"2026-02-27T10:55:03","modified_gmt":"2026-02-27T09:55:03","slug":"cache-lateral-dualtron-forever","status":"publish","type":"product","link":"https:\/\/dualtron-store.com\/index.php\/produit\/cache-lateral-dualtron-forever\/","title":{"rendered":"Cache lat\u00e9ral Dualtron Forever"},"content":{"rendered":"","protected":false},"excerpt":{"rendered":"<p>Le cache lat\u00e9ral Dualtron Forever est un accessoire de protection con\u00e7u sp\u00e9cialement pour les trottinettes \u00e9lectriques Dualtron. Il prot\u00e8ge efficacement les c\u00f4t\u00e9s de la trottinette contre les \u00e9claboussures, la poussi\u00e8re et les impacts mineurs, tout en apportant une touche esth\u00e9tique suppl\u00e9mentaire. Fabriqu\u00e9 avec des mat\u00e9riaux robustes et durables, il s\u2019installe facilement et offre une finition soign\u00e9e qui am\u00e9liore l&#8217;apparence de votre trottinette tout en pr\u00e9servant son int\u00e9grit\u00e9.<\/p>\n","protected":false},"featured_media":81023,"comment_status":"closed","ping_status":"closed","template":"","meta":{"om_disable_all_campaigns":false,"_mi_skip_tracking":false,"_monsterinsights_sitenote_active":false,"_monsterinsights_sitenote_note":"","_monsterinsights_sitenote_category":0},"product_cat":[618,18,51],"product_tag":[],"aioseo_notices":[],"_links":{"self":[{"href":"https:\/\/dualtron-store.com\/index.php\/wp-json\/wp\/v2\/product\/81022"}],"collection":[{"href":"https:\/\/dualtron-store.com\/index.php\/wp-json\/wp\/v2\/product"}],"about":[{"href":"https:\/\/dualtron-store.com\/index.php\/wp-json\/wp\/v2\/types\/product"}],"replies":[{"embeddable":true,"href":"https:\/\/dualtron-store.com\/index.php\/wp-json\/wp\/v2\/comments?post=81022"}],"wp:featuredmedia":[{"embeddable":true,"href":"https:\/\/dualtron-store.com\/index.php\/wp-json\/wp\/v2\/media\/81023"}],"wp:attachment":[{"href":"https:\/\/dualtron-store.com\/index.php\/wp-json\/wp\/v2\/media?parent=81022"}],"wp:term":[{"taxonomy":"product_cat","embeddable":true,"href":"https:\/\/dualtron-store.com\/index.php\/wp-json\/wp\/v2\/product_cat?post=81022"},{"taxonomy":"product_tag","embeddable":true,"href":"https:\/\/dualtron-store.com\/index.php\/wp-json\/wp\/v2\/product_tag?post=81022"}],"curies":[{"name":"wp","href":"https:\/\/api.w.org\/{rel}","templated":true}]}}