{"id":81020,"date":"2024-08-22T22:47:22","date_gmt":"2024-08-22T20:47:22","guid":{"rendered":"https:\/\/dualtron-store.com\/?post_type=product&#038;p=81020"},"modified":"2025-12-21T03:22:04","modified_gmt":"2025-12-21T02:22:04","slug":"grip-silicone-dualtron-forever","status":"publish","type":"product","link":"https:\/\/dualtron-store.com\/index.php\/produit\/grip-silicone-dualtron-forever\/","title":{"rendered":"Grip silicone Dualtron Forever"},"content":{"rendered":"","protected":false},"excerpt":{"rendered":"<p>Le grip en silicone Dualtron Forever est un accessoire essentiel pour les trottinettes \u00e9lectriques Dualtron, con\u00e7u pour am\u00e9liorer l\u2019adh\u00e9rence et le confort de conduite. Fabriqu\u00e9 en silicone antid\u00e9rapant, il offre une prise en main optimale et r\u00e9duit les vibrations pour une exp\u00e9rience de conduite plus agr\u00e9able. Facile \u00e0 installer, ce grip assure \u00e9galement une meilleure protection de la plateforme contre l\u2019usure et les intemp\u00e9ries, tout en ajoutant une touche de style \u00e0 votre trottinette.<\/p>\n","protected":false},"featured_media":81021,"comment_status":"closed","ping_status":"closed","template":"","meta":{"om_disable_all_campaigns":false,"_mi_skip_tracking":false,"_monsterinsights_sitenote_active":false,"_monsterinsights_sitenote_note":"","_monsterinsights_sitenote_category":0},"product_cat":[618,18,51],"product_tag":[],"aioseo_notices":[],"_links":{"self":[{"href":"https:\/\/dualtron-store.com\/index.php\/wp-json\/wp\/v2\/product\/81020"}],"collection":[{"href":"https:\/\/dualtron-store.com\/index.php\/wp-json\/wp\/v2\/product"}],"about":[{"href":"https:\/\/dualtron-store.com\/index.php\/wp-json\/wp\/v2\/types\/product"}],"replies":[{"embeddable":true,"href":"https:\/\/dualtron-store.com\/index.php\/wp-json\/wp\/v2\/comments?post=81020"}],"wp:featuredmedia":[{"embeddable":true,"href":"https:\/\/dualtron-store.com\/index.php\/wp-json\/wp\/v2\/media\/81021"}],"wp:attachment":[{"href":"https:\/\/dualtron-store.com\/index.php\/wp-json\/wp\/v2\/media?parent=81020"}],"wp:term":[{"taxonomy":"product_cat","embeddable":true,"href":"https:\/\/dualtron-store.com\/index.php\/wp-json\/wp\/v2\/product_cat?post=81020"},{"taxonomy":"product_tag","embeddable":true,"href":"https:\/\/dualtron-store.com\/index.php\/wp-json\/wp\/v2\/product_tag?post=81020"}],"curies":[{"name":"wp","href":"https:\/\/api.w.org\/{rel}","templated":true}]}}