{"id":81018,"date":"2024-08-22T22:44:58","date_gmt":"2024-08-22T20:44:58","guid":{"rendered":"https:\/\/dualtron-store.com\/?post_type=product&#038;p=81018"},"modified":"2024-08-28T12:03:42","modified_gmt":"2024-08-28T10:03:42","slug":"cache-bras-de-systeme-de-pliage-dualtron-forever","status":"publish","type":"product","link":"https:\/\/dualtron-store.com\/index.php\/produit\/cache-bras-de-systeme-de-pliage-dualtron-forever\/","title":{"rendered":"Cache bras de systeme de pliage Dualtron Forever"},"content":{"rendered":"","protected":false},"excerpt":{"rendered":"<p>Le cache bras de syst\u00e8me de pliage Dualtron Forever est un accessoire con\u00e7u pour prot\u00e9ger le m\u00e9canisme de pliage des trottinettes \u00e9lectriques Dualtron. En plus de pr\u00e9server le syst\u00e8me de pliage contre la poussi\u00e8re, la salet\u00e9 et les impacts, il renforce la durabilit\u00e9 de la trottinette tout en offrant une touche esth\u00e9tique soign\u00e9e. Facile \u00e0 installer, ce cache assure un maintien optimal du bras de pliage, am\u00e9liorant ainsi la s\u00e9curit\u00e9 et la long\u00e9vit\u00e9 de votre trottinette.<\/p>\n","protected":false},"featured_media":81019,"comment_status":"closed","ping_status":"closed","template":"","meta":{"om_disable_all_campaigns":false,"_mi_skip_tracking":false,"_monsterinsights_sitenote_active":false,"_monsterinsights_sitenote_note":"","_monsterinsights_sitenote_category":0},"product_cat":[618,18,51],"product_tag":[],"aioseo_notices":[],"_links":{"self":[{"href":"https:\/\/dualtron-store.com\/index.php\/wp-json\/wp\/v2\/product\/81018"}],"collection":[{"href":"https:\/\/dualtron-store.com\/index.php\/wp-json\/wp\/v2\/product"}],"about":[{"href":"https:\/\/dualtron-store.com\/index.php\/wp-json\/wp\/v2\/types\/product"}],"replies":[{"embeddable":true,"href":"https:\/\/dualtron-store.com\/index.php\/wp-json\/wp\/v2\/comments?post=81018"}],"wp:featuredmedia":[{"embeddable":true,"href":"https:\/\/dualtron-store.com\/index.php\/wp-json\/wp\/v2\/media\/81019"}],"wp:attachment":[{"href":"https:\/\/dualtron-store.com\/index.php\/wp-json\/wp\/v2\/media?parent=81018"}],"wp:term":[{"taxonomy":"product_cat","embeddable":true,"href":"https:\/\/dualtron-store.com\/index.php\/wp-json\/wp\/v2\/product_cat?post=81018"},{"taxonomy":"product_tag","embeddable":true,"href":"https:\/\/dualtron-store.com\/index.php\/wp-json\/wp\/v2\/product_tag?post=81018"}],"curies":[{"name":"wp","href":"https:\/\/api.w.org\/{rel}","templated":true}]}}