{"id":81014,"date":"2024-08-22T22:41:15","date_gmt":"2024-08-22T20:41:15","guid":{"rendered":"https:\/\/dualtron-store.com\/?post_type=product&#038;p=81014"},"modified":"2025-12-27T10:47:38","modified_gmt":"2025-12-27T09:47:38","slug":"phare-avant-klaxon-dualtron-forever","status":"publish","type":"product","link":"https:\/\/dualtron-store.com\/index.php\/produit\/phare-avant-klaxon-dualtron-forever\/","title":{"rendered":"Phare avant klaxon Dualtron Forever"},"content":{"rendered":"","protected":false},"excerpt":{"rendered":"<p>Le phare avant avec klaxon Dualtron Forever est un accessoire multifonction pour trottinettes \u00e9lectriques, combinant un \u00e9clairage puissant et un avertisseur sonore. Ce phare avant \u00e0 LED offre une visibilit\u00e9 optimale pour une conduite s\u00e9curis\u00e9e de jour comme de nuit, tandis que le klaxon int\u00e9gr\u00e9 permet de signaler votre pr\u00e9sence efficacement aux autres usagers. Facile \u00e0 installer, cet accessoire am\u00e9liore \u00e0 la fois la s\u00e9curit\u00e9 et le confort de vos trajets en trottinette Dualtron.<\/p>\n","protected":false},"featured_media":81015,"comment_status":"closed","ping_status":"closed","template":"","meta":{"om_disable_all_campaigns":false,"_mi_skip_tracking":false,"_monsterinsights_sitenote_active":false,"_monsterinsights_sitenote_note":"","_monsterinsights_sitenote_category":0},"product_cat":[618,18,51],"product_tag":[],"aioseo_notices":[],"_links":{"self":[{"href":"https:\/\/dualtron-store.com\/index.php\/wp-json\/wp\/v2\/product\/81014"}],"collection":[{"href":"https:\/\/dualtron-store.com\/index.php\/wp-json\/wp\/v2\/product"}],"about":[{"href":"https:\/\/dualtron-store.com\/index.php\/wp-json\/wp\/v2\/types\/product"}],"replies":[{"embeddable":true,"href":"https:\/\/dualtron-store.com\/index.php\/wp-json\/wp\/v2\/comments?post=81014"}],"wp:featuredmedia":[{"embeddable":true,"href":"https:\/\/dualtron-store.com\/index.php\/wp-json\/wp\/v2\/media\/81015"}],"wp:attachment":[{"href":"https:\/\/dualtron-store.com\/index.php\/wp-json\/wp\/v2\/media?parent=81014"}],"wp:term":[{"taxonomy":"product_cat","embeddable":true,"href":"https:\/\/dualtron-store.com\/index.php\/wp-json\/wp\/v2\/product_cat?post=81014"},{"taxonomy":"product_tag","embeddable":true,"href":"https:\/\/dualtron-store.com\/index.php\/wp-json\/wp\/v2\/product_tag?post=81014"}],"curies":[{"name":"wp","href":"https:\/\/api.w.org\/{rel}","templated":true}]}}