{"id":81010,"date":"2024-08-22T22:39:45","date_gmt":"2024-08-22T20:39:45","guid":{"rendered":"https:\/\/dualtron-store.com\/?post_type=product&#038;p=81010"},"modified":"2024-11-21T12:09:04","modified_gmt":"2024-11-21T11:09:04","slug":"led-clignotant-avant-dualtron-forever","status":"publish","type":"product","link":"https:\/\/dualtron-store.com\/index.php\/produit\/led-clignotant-avant-dualtron-forever\/","title":{"rendered":"Led clignotant avant Dualtron Forever"},"content":{"rendered":"","protected":false},"excerpt":{"rendered":"<p>La LED clignotant avant Dualtron Forever est un accessoire de s\u00e9curit\u00e9 con\u00e7u pour les trottinettes \u00e9lectriques Dualtron, permettant de signaler clairement vos changements de direction. Facile \u00e0 installer, ce clignotant avant offre une lumi\u00e8re LED vive et visible, augmentant la s\u00e9curit\u00e9 en circulation, surtout dans les environnements urbains. En plus d\u2019am\u00e9liorer la signalisation de votre trottinette, il apporte une touche moderne et styl\u00e9e \u00e0 votre \u00e9quipement.<\/p>\n","protected":false},"featured_media":81011,"comment_status":"closed","ping_status":"closed","template":"","meta":{"om_disable_all_campaigns":false,"_mi_skip_tracking":false,"_monsterinsights_sitenote_active":false,"_monsterinsights_sitenote_note":"","_monsterinsights_sitenote_category":0},"product_cat":[618,18,51],"product_tag":[],"aioseo_notices":[],"_links":{"self":[{"href":"https:\/\/dualtron-store.com\/index.php\/wp-json\/wp\/v2\/product\/81010"}],"collection":[{"href":"https:\/\/dualtron-store.com\/index.php\/wp-json\/wp\/v2\/product"}],"about":[{"href":"https:\/\/dualtron-store.com\/index.php\/wp-json\/wp\/v2\/types\/product"}],"replies":[{"embeddable":true,"href":"https:\/\/dualtron-store.com\/index.php\/wp-json\/wp\/v2\/comments?post=81010"}],"wp:featuredmedia":[{"embeddable":true,"href":"https:\/\/dualtron-store.com\/index.php\/wp-json\/wp\/v2\/media\/81011"}],"wp:attachment":[{"href":"https:\/\/dualtron-store.com\/index.php\/wp-json\/wp\/v2\/media?parent=81010"}],"wp:term":[{"taxonomy":"product_cat","embeddable":true,"href":"https:\/\/dualtron-store.com\/index.php\/wp-json\/wp\/v2\/product_cat?post=81010"},{"taxonomy":"product_tag","embeddable":true,"href":"https:\/\/dualtron-store.com\/index.php\/wp-json\/wp\/v2\/product_tag?post=81010"}],"curies":[{"name":"wp","href":"https:\/\/api.w.org\/{rel}","templated":true}]}}