{"id":81007,"date":"2024-08-22T22:36:17","date_gmt":"2024-08-22T20:36:17","guid":{"rendered":"https:\/\/dualtron-store.com\/?post_type=product&#038;p=81007"},"modified":"2025-05-31T11:59:00","modified_gmt":"2025-05-31T09:59:00","slug":"led-clignotant-arriere-dualtron-forever","status":"publish","type":"product","link":"https:\/\/dualtron-store.com\/index.php\/produit\/led-clignotant-arriere-dualtron-forever\/","title":{"rendered":"Led clignotant arri\u00e8re Dualtron Forever"},"content":{"rendered":"","protected":false},"excerpt":{"rendered":"<p>Vendue \u00e0 l&#8217;unit\u00e9.<\/p>\n","protected":false},"featured_media":81008,"comment_status":"closed","ping_status":"closed","template":"","meta":{"om_disable_all_campaigns":false,"_mi_skip_tracking":false,"_monsterinsights_sitenote_active":false,"_monsterinsights_sitenote_note":"","_monsterinsights_sitenote_category":0},"product_cat":[618,18,51],"product_tag":[],"aioseo_notices":[],"_links":{"self":[{"href":"https:\/\/dualtron-store.com\/index.php\/wp-json\/wp\/v2\/product\/81007"}],"collection":[{"href":"https:\/\/dualtron-store.com\/index.php\/wp-json\/wp\/v2\/product"}],"about":[{"href":"https:\/\/dualtron-store.com\/index.php\/wp-json\/wp\/v2\/types\/product"}],"replies":[{"embeddable":true,"href":"https:\/\/dualtron-store.com\/index.php\/wp-json\/wp\/v2\/comments?post=81007"}],"wp:featuredmedia":[{"embeddable":true,"href":"https:\/\/dualtron-store.com\/index.php\/wp-json\/wp\/v2\/media\/81008"}],"wp:attachment":[{"href":"https:\/\/dualtron-store.com\/index.php\/wp-json\/wp\/v2\/media?parent=81007"}],"wp:term":[{"taxonomy":"product_cat","embeddable":true,"href":"https:\/\/dualtron-store.com\/index.php\/wp-json\/wp\/v2\/product_cat?post=81007"},{"taxonomy":"product_tag","embeddable":true,"href":"https:\/\/dualtron-store.com\/index.php\/wp-json\/wp\/v2\/product_tag?post=81007"}],"curies":[{"name":"wp","href":"https:\/\/api.w.org\/{rel}","templated":true}]}}