{"id":79664,"date":"2024-07-21T17:54:46","date_gmt":"2024-07-21T15:54:46","guid":{"rendered":"https:\/\/dualtron-store.com\/?post_type=product&#038;p=79664"},"modified":"2026-04-15T17:09:54","modified_gmt":"2026-04-15T15:09:54","slug":"kit-guidon-pliable-dualtron-togo","status":"publish","type":"product","link":"https:\/\/dualtron-store.com\/index.php\/produit\/kit-guidon-pliable-dualtron-togo\/","title":{"rendered":"Kit guidon pliable Dualtron TOGO"},"content":{"rendered":"<p><iframe loading=\"lazy\" title=\"Guidon pliable Dualtron Togo - trottinette \u00e9lectrique\" width=\"1140\" height=\"641\" src=\"https:\/\/www.youtube.com\/embed\/JBN34SYd_7U?feature=oembed\" frameborder=\"0\" allow=\"accelerometer; autoplay; clipboard-write; encrypted-media; gyroscope; picture-in-picture; web-share\" referrerpolicy=\"strict-origin-when-cross-origin\" allowfullscreen><\/iframe><\/p>\n","protected":false},"excerpt":{"rendered":"<p>Kit guidon pliable Dualtron TOGO<\/p>\n<p>comprenant :<\/p>\n<p>adaptateur de potence<\/p>\n<p>potence<\/p>\n<p>guidon pliable<\/p>\n<p>Ce kit vous permettra \u00e9galement de r\u00e9hausser la hauteur compar\u00e9 au guidon d&#8217;origine pour plus de confort.<\/p>\n","protected":false},"featured_media":79665,"comment_status":"closed","ping_status":"closed","template":"","meta":{"om_disable_all_campaigns":false,"_mi_skip_tracking":false,"_monsterinsights_sitenote_active":false,"_monsterinsights_sitenote_note":"","_monsterinsights_sitenote_category":0},"product_cat":[586,615,18,51],"product_tag":[],"aioseo_notices":[],"_links":{"self":[{"href":"https:\/\/dualtron-store.com\/index.php\/wp-json\/wp\/v2\/product\/79664"}],"collection":[{"href":"https:\/\/dualtron-store.com\/index.php\/wp-json\/wp\/v2\/product"}],"about":[{"href":"https:\/\/dualtron-store.com\/index.php\/wp-json\/wp\/v2\/types\/product"}],"replies":[{"embeddable":true,"href":"https:\/\/dualtron-store.com\/index.php\/wp-json\/wp\/v2\/comments?post=79664"}],"wp:featuredmedia":[{"embeddable":true,"href":"https:\/\/dualtron-store.com\/index.php\/wp-json\/wp\/v2\/media\/79665"}],"wp:attachment":[{"href":"https:\/\/dualtron-store.com\/index.php\/wp-json\/wp\/v2\/media?parent=79664"}],"wp:term":[{"taxonomy":"product_cat","embeddable":true,"href":"https:\/\/dualtron-store.com\/index.php\/wp-json\/wp\/v2\/product_cat?post=79664"},{"taxonomy":"product_tag","embeddable":true,"href":"https:\/\/dualtron-store.com\/index.php\/wp-json\/wp\/v2\/product_tag?post=79664"}],"curies":[{"name":"wp","href":"https:\/\/api.w.org\/{rel}","templated":true}]}}